{"id":3131,"date":"2018-09-11T10:58:30","date_gmt":"2018-09-11T08:58:30","guid":{"rendered":"https:\/\/businessgenetix.com\/?page_id=3131"},"modified":"2018-10-13T11:22:10","modified_gmt":"2018-10-13T09:22:10","slug":"personal-development","status":"publish","type":"page","link":"https:\/\/businessgenetix.com\/nl\/andere-diensten\/personal-development\/","title":{"rendered":"personal development"},"content":{"rendered":"<p>[et_pb_section fb_built=&#8221;1&#8243; custom_padding_last_edited=&#8221;on|desktop&#8221; _builder_version=&#8221;3.15&#8243; background_color=&#8221;rgba(255,255,255,0.18)&#8221; background_image=&#8221;https:\/\/businessgenetix.com\/wp-content\/uploads\/2018\/09\/PHOTO-5-2-v1-personal-development.png&#8221; custom_padding=&#8221;230px||54px|&#8221; custom_padding_phone=&#8221;195px|||&#8221;][et_pb_row use_custom_width=&#8221;on&#8221; width_unit=&#8221;off&#8221; custom_width_percent=&#8221;69%&#8221; custom_padding=&#8221;15px||5px||false&#8221; custom_margin=&#8221;0px||0px|&#8221; _builder_version=&#8221;3.12.2&#8243; background_color=&#8221;rgba(255,212,0,0.8)&#8221; module_alignment=&#8221;right&#8221;][et_pb_column type=&#8221;4_4&#8243; _builder_version=&#8221;3.0.47&#8243; parallax=&#8221;off&#8221; parallax_method=&#8221;on&#8221;][et_pb_text module_class=&#8221;custom-textc&#8221; _builder_version=&#8221;3.15&#8243; header_font_size_tablet=&#8221;36px&#8221; header_font_size_phone=&#8221;30px&#8221; header_font_size_last_edited=&#8221;on|tablet&#8221; header_line_height=&#8221;50px&#8221; header_line_height_tablet=&#8221;29.9px&#8221; header_line_height_last_edited=&#8221;on|phone&#8221; custom_margin=&#8221;|||&#8221; custom_padding=&#8221;0px|||28px&#8221; custom_padding_tablet=&#8221;|0px||50px&#8221; custom_padding_last_edited=&#8221;on|desktop&#8221;]<\/p>\n<h1>andere diensten<\/h1>\n<p>[\/et_pb_text][\/et_pb_column][\/et_pb_row][\/et_pb_section][et_pb_section fb_built=&#8221;1&#8243; fullwidth=&#8221;on&#8221; disabled_on=&#8221;on|off|off&#8221; module_class=&#8221;custom-menu&#8221; _builder_version=&#8221;3.12.2&#8243; background_color=&#8221;rgba(255,212,0,0.8)&#8221; max_width=&#8221;69%&#8221; module_alignment=&#8221;right&#8221; custom_margin=&#8221;-54px|||&#8221; custom_padding=&#8221;|||&#8221;][et_pb_fullwidth_menu menu_id=&#8221;18&#8243; submenu_direction=&#8221;downwards&#8221; fullwidth_menu=&#8221;off&#8221; active_link_color=&#8221;#404040&#8243; module_class=&#8221;custom-menu&#8221; _builder_version=&#8221;3.15&#8243; menu_text_color=&#8221;#404040&#8243; menu_font_size=&#8221;16px&#8221; background_color=&#8221;rgba(255,212,0,0)&#8221; custom_margin=&#8221;|||0px&#8221; custom_padding=&#8221;|||34px&#8221;][\/et_pb_fullwidth_menu][\/et_pb_section][et_pb_section fb_built=&#8221;1&#8243; module_class=&#8221;custom-section&#8221; _builder_version=&#8221;3.15&#8243; background_color=&#8221;#f1f1f1&#8243; custom_margin=&#8221;|||&#8221; custom_padding=&#8221;0px||0px|&#8221; custom_css_main_element=&#8221;overflow:hidden;&#8221;][et_pb_row custom_padding=&#8221;0px||0px|&#8221; custom_padding_last_edited=&#8221;on|desktop&#8221; background_color_2=&#8221;#e3e3e3&#8243; _builder_version=&#8221;3.15&#8243; custom_margin_tablet=&#8221;|||&#8221; custom_margin_last_edited=&#8221;on|tablet&#8221;][et_pb_column type=&#8221;1_2&#8243; _builder_version=&#8221;3.0.47&#8243; parallax=&#8221;off&#8221; parallax_method=&#8221;on&#8221;][et_pb_text _builder_version=&#8221;3.15&#8243; text_line_height=&#8221;22px&#8221; custom_margin=&#8221;|||50px&#8221; custom_margin_tablet=&#8221;|||0px&#8221; custom_margin_last_edited=&#8221;on|tablet&#8221; custom_padding=&#8221;54px|||&#8221; custom_padding_last_edited=&#8221;on|phone&#8221; custom_padding_tablet=&#8221;40px|||&#8221;]We zijn sterk overtuigd dat coaching \u2013 wanneer ze authentiek en professioneel wordt uitgevoerd(!) \u2013 tot de meest effectieve tools behoort om individuen te begeleiden in hun groei en om persoonlijke verandering- en transformatieprocessen dieper en duurzamer mogelijk te maken.<\/p>\n<p><strong>Of het nu gaat om een puur persoonlijk ontwikkelingstraject, om het faciliteren van een selectieprocedure inclusief de kandidaat evaluaties of om iemands persoonlijke professionele werkpunten, Business Genetix<sup>\u00ae<\/sup> biedt een uitgebreid scala aan coaching diensten d.m.v. gecertificeerde coaches. <\/strong><br \/>\n[\/et_pb_text][\/et_pb_column][et_pb_column type=&#8221;1_2&#8243; _builder_version=&#8221;3.0.47&#8243; background_color=&#8221;#e3e3e3&#8243; parallax=&#8221;off&#8221; parallax_method=&#8221;on&#8221;][et_pb_text module_class=&#8221;firefox-module&#8221; _builder_version=&#8221;3.15&#8243; text_font=&#8221;|600|||||||&#8221; text_font_size=&#8221;28px&#8221; text_font_size_tablet=&#8221;24px&#8221; text_font_size_phone=&#8221;20px&#8221; text_font_size_last_edited=&#8221;on|phone&#8221; text_line_height=&#8221;37px&#8221; text_orientation=&#8221;right&#8221; custom_padding=&#8221;101px|57px||60px||false&#8221; custom_padding_tablet=&#8221;60px|||24px&#8221; custom_padding_phone=&#8221;50px|18px||17px&#8221; custom_padding_last_edited=&#8221;on|tablet&#8221;]<\/p>\n<p style=\"text-align: right;\"><em>\u201cAn effective coach succeeds to make people do tomorrow what they today believe they aren\u2019t able to\u2026\u201d. <\/em><\/p>\n<p>[\/et_pb_text][et_pb_text _builder_version=&#8221;3.15&#8243; custom_margin=&#8221;-25px|||&#8221; custom_padding=&#8221;|50px||&#8221; custom_padding_tablet=&#8221;|44px||&#8221; custom_padding_phone=&#8221;|18px||&#8221; custom_padding_last_edited=&#8221;on|phone&#8221;]<\/p>\n<p style=\"text-align: right;\"><a href=\"https:\/\/businessgenetix.com\/nl\/training-instituut\/onze-seminaries\/inschrijving\/maak-een-afspraak\/\">maak een afspraak<\/a><\/p>\n<p>[\/et_pb_text][et_pb_text _builder_version=&#8221;3.15&#8243; text_text_color=&#8221;#ffffff&#8221; text_font_size=&#8221;19px&#8221; custom_margin=&#8221;||-5px|&#8221; custom_padding=&#8221;14px|||&#8221; custom_padding_tablet=&#8221;0px|||&#8221; custom_padding_phone=&#8221;0px|||&#8221; custom_padding_last_edited=&#8221;on|phone&#8221;]<\/p>\n<p style=\"text-align: center;\">Jo Janssens<\/p>\n<p>[\/et_pb_text][\/et_pb_column][\/et_pb_row][et_pb_row custom_padding=&#8221;0px|||&#8221; custom_padding_tablet=&#8221;0px|0px||&#8221; custom_margin=&#8221;0px|||&#8221; custom_padding_last_edited=&#8221;on|desktop&#8221; background_color_2=&#8221;#e3e3e3&#8243; padding_top_2=&#8221;100px&#8221; padding_bottom_2=&#8221;100px&#8221; padding_left_2=&#8221;50px&#8221; module_class=&#8221;first-title&#8221; _builder_version=&#8221;3.15&#8243; background_size=&#8221;contain&#8221; background_blend=&#8221;overlay&#8221;][et_pb_column type=&#8221;4_4&#8243; _builder_version=&#8221;3.0.47&#8243; parallax=&#8221;off&#8221; parallax_method=&#8221;on&#8221;][et_pb_text _builder_version=&#8221;3.15&#8243; text_line_height=&#8221;22px&#8221; header_2_font=&#8221;|700|||||||&#8221; header_2_text_color=&#8221;#404040&#8243; header_2_font_size=&#8221;24px&#8221; header_2_font_size_tablet=&#8221;22px&#8221; header_2_font_size_phone=&#8221;20px&#8221; header_2_font_size_last_edited=&#8221;on|phone&#8221; header_2_line_height=&#8221;65px&#8221; header_2_line_height_phone=&#8221;31.3px&#8221; header_2_line_height_last_edited=&#8221;on|tablet&#8221; custom_margin=&#8221;25px|||50px&#8221; custom_margin_tablet=&#8221;20px|||0px&#8221; custom_margin_last_edited=&#8221;on|desktop&#8221; custom_padding=&#8221;0px|0px|24px|0px&#8221; custom_padding_tablet=&#8221;0px|0px||0px&#8221; custom_padding_phone=&#8221;|10px||0px&#8221; custom_padding_last_edited=&#8221;on|tablet&#8221;]Na een uitgebreid verkennend intake gesprek stappen coach en cli\u00ebnt in een ge\u00ebngageerd coachingstraject van regelmatige en uiterst vertrouwelijke \u00e9\u00e9n op \u00e9\u00e9n sessies.<br \/>\nIn dergelijk individueel coachingsproces begeleidt een coach de cli\u00ebnt in het verwerven van nieuwe inzichten, het aanleren van andere vaardigheden, het doorvoeren van veranderingen en het behalen van vooropgestelde doelen. Tijdens de gesprekken maakt de coach gebruik van verschillende technieken die inspireren tot het realiseren van zichtbare resultaten.<\/p>\n<p>Wij begeleiden u graag stap voor stap op uw boeiende weg richting een zinvolle en resultaatgerichte verandering. <a href=\"https:\/\/businessgenetix.com\/nl\/training-instituut\/onze-seminaries\/inschrijving\/maak-een-afspraak\/\">Reserveer<\/a> hier uw vrijblijvend intake gesprek.<br \/>\n[\/et_pb_text][\/et_pb_column][\/et_pb_row][\/et_pb_section]<\/p>\n","protected":false},"excerpt":{"rendered":"<p>andere diensten We zijn sterk overtuigd dat coaching \u2013 wanneer ze authentiek en professioneel wordt uitgevoerd(!) \u2013 tot de meest effectieve tools behoort om individuen te begeleiden in hun groei en om persoonlijke verandering- en transformatieprocessen dieper en duurzamer mogelijk te maken. Of het nu gaat om een puur persoonlijk ontwikkelingstraject, om het faciliteren van [&hellip;]<\/p>\n","protected":false},"author":1,"featured_media":0,"parent":1135,"menu_order":0,"comment_status":"closed","ping_status":"closed","template":"","meta":{"_et_pb_use_builder":"on","_et_pb_old_content":"","_et_gb_content_width":"","footnotes":""},"_links":{"self":[{"href":"https:\/\/businessgenetix.com\/nl\/wp-json\/wp\/v2\/pages\/3131"}],"collection":[{"href":"https:\/\/businessgenetix.com\/nl\/wp-json\/wp\/v2\/pages"}],"about":[{"href":"https:\/\/businessgenetix.com\/nl\/wp-json\/wp\/v2\/types\/page"}],"author":[{"embeddable":true,"href":"https:\/\/businessgenetix.com\/nl\/wp-json\/wp\/v2\/users\/1"}],"replies":[{"embeddable":true,"href":"https:\/\/businessgenetix.com\/nl\/wp-json\/wp\/v2\/comments?post=3131"}],"version-history":[{"count":22,"href":"https:\/\/businessgenetix.com\/nl\/wp-json\/wp\/v2\/pages\/3131\/revisions"}],"predecessor-version":[{"id":6208,"href":"https:\/\/businessgenetix.com\/nl\/wp-json\/wp\/v2\/pages\/3131\/revisions\/6208"}],"up":[{"embeddable":true,"href":"https:\/\/businessgenetix.com\/nl\/wp-json\/wp\/v2\/pages\/1135"}],"wp:attachment":[{"href":"https:\/\/businessgenetix.com\/nl\/wp-json\/wp\/v2\/media?parent=3131"}],"curies":[{"name":"wp","href":"https:\/\/api.w.org\/{rel}","templated":true}]}}