{"id":1141,"date":"2018-08-23T05:19:34","date_gmt":"2018-08-23T03:19:34","guid":{"rendered":"https:\/\/businessgenetix.com\/?page_id=1141"},"modified":"2019-01-26T10:06:56","modified_gmt":"2019-01-26T09:06:56","slug":"start-up-begeleiding","status":"publish","type":"page","link":"https:\/\/businessgenetix.com\/nl\/andere-diensten\/start-up-begeleiding\/","title":{"rendered":"Start-up begeleiding"},"content":{"rendered":"<p>[et_pb_section fb_built=&#8221;1&#8243; custom_padding_last_edited=&#8221;on|desktop&#8221; _builder_version=&#8221;3.15&#8243; background_color=&#8221;rgba(255,255,255,0.18)&#8221; background_image=&#8221;https:\/\/businessgenetix.com\/wp-content\/uploads\/2018\/09\/PHOTO-5-3-v1-start-up-begeleiding.png&#8221; custom_padding=&#8221;230px||54px|&#8221; custom_padding_phone=&#8221;195px|||&#8221;][et_pb_row use_custom_width=&#8221;on&#8221; width_unit=&#8221;off&#8221; custom_width_percent=&#8221;69%&#8221; custom_padding=&#8221;15px||5px||false&#8221; custom_margin=&#8221;0px||0px|&#8221; _builder_version=&#8221;3.12.2&#8243; background_color=&#8221;rgba(255,212,0,0.8)&#8221; module_alignment=&#8221;right&#8221;][et_pb_column type=&#8221;4_4&#8243; _builder_version=&#8221;3.0.47&#8243; parallax=&#8221;off&#8221; parallax_method=&#8221;on&#8221;][et_pb_text module_class=&#8221;custom-textc&#8221; _builder_version=&#8221;3.15&#8243; header_font_size_tablet=&#8221;36px&#8221; header_font_size_phone=&#8221;30px&#8221; header_font_size_last_edited=&#8221;on|tablet&#8221; header_line_height=&#8221;50px&#8221; header_line_height_tablet=&#8221;29.8px&#8221; header_line_height_phone=&#8221;28px&#8221; header_line_height_last_edited=&#8221;on|phone&#8221; custom_margin=&#8221;|||&#8221; custom_padding=&#8221;0px|||28px&#8221; custom_padding_tablet=&#8221;|0px||50px&#8221; custom_padding_last_edited=&#8221;on|desktop&#8221;]<\/p>\n<h1>andere diensten<\/h1>\n<p>[\/et_pb_text][\/et_pb_column][\/et_pb_row][\/et_pb_section][et_pb_section fb_built=&#8221;1&#8243; fullwidth=&#8221;on&#8221; disabled_on=&#8221;on|off|off&#8221; module_class=&#8221;custom-menu&#8221; _builder_version=&#8221;3.12.2&#8243; background_color=&#8221;rgba(255,212,0,0.8)&#8221; max_width=&#8221;69%&#8221; module_alignment=&#8221;right&#8221; custom_margin=&#8221;-54px|||&#8221; custom_padding=&#8221;|||&#8221;][et_pb_fullwidth_menu menu_id=&#8221;18&#8243; submenu_direction=&#8221;downwards&#8221; fullwidth_menu=&#8221;off&#8221; active_link_color=&#8221;#404040&#8243; module_class=&#8221;custom-menu&#8221; _builder_version=&#8221;3.15&#8243; menu_text_color=&#8221;#404040&#8243; menu_font_size=&#8221;16px&#8221; background_color=&#8221;rgba(255,212,0,0)&#8221; custom_margin=&#8221;|||0px&#8221; custom_padding=&#8221;|||34px&#8221;][\/et_pb_fullwidth_menu][\/et_pb_section][et_pb_section fb_built=&#8221;1&#8243; module_class=&#8221;custom-section&#8221; _builder_version=&#8221;3.13.1&#8243; background_color=&#8221;#f1f1f1&#8243; custom_margin=&#8221;|||&#8221; custom_padding=&#8221;0px||0px|&#8221; custom_css_main_element=&#8221;overflow:hidden;&#8221;][et_pb_row custom_padding=&#8221;0px||0px|&#8221; background_color_2=&#8221;#e3e3e3&#8243; _builder_version=&#8221;3.15&#8243; custom_margin_tablet=&#8221;|||&#8221; custom_margin_last_edited=&#8221;on|tablet&#8221;][et_pb_column type=&#8221;1_2&#8243; _builder_version=&#8221;3.0.47&#8243; parallax=&#8221;off&#8221; parallax_method=&#8221;on&#8221;][et_pb_text _builder_version=&#8221;3.15&#8243; text_line_height=&#8221;22px&#8221; custom_margin=&#8221;|||50px&#8221; custom_margin_tablet=&#8221;|||0px&#8221; custom_margin_last_edited=&#8221;on|tablet&#8221; custom_padding=&#8221;65px|||&#8221; custom_padding_tablet=&#8221;40px|||0px&#8221; custom_padding_last_edited=&#8221;on|desktop&#8221;]Start-ups hebben veel idee\u00ebn, motivatie, dynamisme, dromen, &#8230; maar tegelijk missen ze vaak de nodige kennis in bedrijfsvoering of in essenti\u00eble specifieke domeinen zoals sales, marketing, financi\u00ebn of HR. Bovendien hebben ze vaak beperkte middelen.<br \/>\n[\/et_pb_text][\/et_pb_column][et_pb_column type=&#8221;1_2&#8243; _builder_version=&#8221;3.0.47&#8243; background_color=&#8221;#e3e3e3&#8243; parallax=&#8221;off&#8221; parallax_method=&#8221;on&#8221;][et_pb_text module_class=&#8221;firefox-module&#8221; _builder_version=&#8221;3.15&#8243; text_font=&#8221;|600|||||||&#8221; text_text_color=&#8221;#404040&#8243; text_font_size=&#8221;28px&#8221; text_font_size_tablet=&#8221;24px&#8221; text_font_size_phone=&#8221;20px&#8221; text_font_size_last_edited=&#8221;on|phone&#8221; text_line_height=&#8221;37px&#8221; header_font=&#8221;||||||||&#8221; custom_margin=&#8221;|||140px&#8221; custom_margin_tablet=&#8221;|||80px&#8221; custom_margin_phone=&#8221;|||30px&#8221; custom_margin_last_edited=&#8221;on|desktop&#8221; custom_padding=&#8221;53px|60px||&#8221;]<\/p>\n<p style=\"text-align: right;\"><em>\u201cIt\u2019s not about ideas. It\u2019s about making ideas happen\u2026\u201d.<\/em><\/p>\n<p>[\/et_pb_text][et_pb_text _builder_version=&#8221;3.17.2&#8243; text_font_size=&#8221;19px&#8221; custom_margin=&#8221;0px||-3px|&#8221; custom_padding=&#8221;2px|||&#8221; custom_padding_tablet=&#8221;|44px||&#8221; custom_padding_phone=&#8221;|17px||&#8221; custom_padding_last_edited=&#8221;on|desktop&#8221;]<\/p>\n<p style=\"text-align: center;\"><span style=\"color: #ffffff;\">Scott Belsky<\/span><\/p>\n<p>[\/et_pb_text][\/et_pb_column][\/et_pb_row][\/et_pb_section][et_pb_section fb_built=&#8221;1&#8243; module_class=&#8221;custom-section&#8221; _builder_version=&#8221;3.15&#8243; background_color=&#8221;#f1f1f1&#8243; custom_margin=&#8221;0px|||&#8221; custom_padding=&#8221;0px||0px|&#8221;][et_pb_row custom_padding=&#8221;0px|||&#8221; custom_padding_tablet=&#8221;0px|0px||&#8221; custom_margin=&#8221;0px|||&#8221; custom_padding_last_edited=&#8221;on|desktop&#8221; background_color_2=&#8221;#e3e3e3&#8243; padding_top_2=&#8221;100px&#8221; padding_bottom_2=&#8221;100px&#8221; padding_left_2=&#8221;50px&#8221; module_class=&#8221;first-title&#8221; _builder_version=&#8221;3.13.1&#8243; background_size=&#8221;contain&#8221; background_blend=&#8221;overlay&#8221;][et_pb_column type=&#8221;4_4&#8243; _builder_version=&#8221;3.0.47&#8243; parallax=&#8221;off&#8221; parallax_method=&#8221;on&#8221;][et_pb_text module_class=&#8221;Text_nopaddingtop&#8221; _builder_version=&#8221;3.17.2&#8243; text_line_height=&#8221;22px&#8221; header_2_font=&#8221;|700|||||||&#8221; header_2_text_color=&#8221;#404040&#8243; header_2_font_size=&#8221;24px&#8221; header_2_font_size_tablet=&#8221;22px&#8221; header_2_font_size_phone=&#8221;20px&#8221; header_2_font_size_last_edited=&#8221;on|phone&#8221; header_2_line_height=&#8221;65px&#8221; header_2_line_height_phone=&#8221;31.3px&#8221; header_2_line_height_last_edited=&#8221;on|tablet&#8221; custom_margin=&#8221;25px|50px||50px||true&#8221; custom_margin_tablet=&#8221;30px|0px||0px&#8221; custom_margin_phone=&#8221;20px|||&#8221; custom_margin_last_edited=&#8221;on|tablet&#8221; custom_padding=&#8221;|0px|24px|0px&#8221; custom_padding_tablet=&#8221;0px|0px|20px|0px&#8221; custom_padding_phone=&#8221;|0px||0px&#8221; custom_padding_last_edited=&#8221;on|phone&#8221;]<\/p>\n<p>Business Genetix<sup>\u00ae<\/sup> heeft een lange en uitgebreide ervaring met het begeleiden van start-ups. Iedere start-up is bijzonder en ze kennen vaak specifieke \u2013 tot zelfs unieke \u2013 uitdagingen. <strong>Om hieraan gepast een antwoord te kunnen bieden hebben we een modulaire portfolio ontwikkeld.<br \/> Dat kan gaan van een te kiezen pakket aan (basis)diensten via een starters support membership over het ondersteunen en adviseren van uw Raad van bestuur tot zelfs een tijdelijk interim of schaduw management waarbij we (gedeeltelijk) de feitelijke leiding van de start-up op ons nemen.<\/strong><\/p>\n<p>Business Genetix<sup>\u00ae<\/sup> helpt u desgewenst bij de voorbereiding, het effectief opstarten, het maken van keuzes, de verdere ontwikkeling van bedrijf, medewerkers en zaakvoerders, het concretiseren van een strategie en groei, etc.\u2026<br \/> De juiste persoon (hulp) op de juiste plaats. Met ons groot aantal ervaren consultants, trainers en managers kunnen wij een effectieve succes hefboom zijn omdat we doelgericht en effici\u00ebnt kunnen differenti\u00ebren en faciliteren i.f.v. die activiteiten waar en wanneer de noodzaak zich situeert.<\/p>\n<p>Met het starters support lidmaatschap kan u reeds beroep doen op onze vakspecialisten en performante managers voor een bescheiden vaste maandelijkse bijdrage.<\/p>\n<p>Maak vrijblijvend <a href=\"https:\/\/businessgenetix.com\/nl\/contact\/maak-een-afspraak\/\">een afspraak<\/a> en zet een wezenlijks stap in de vooruitgang van uw start-up!<\/p>\n<p>[\/et_pb_text][\/et_pb_column][\/et_pb_row][\/et_pb_section]<\/p>\n","protected":false},"excerpt":{"rendered":"<p>andere diensten Start-ups hebben veel idee\u00ebn, motivatie, dynamisme, dromen, &#8230; maar tegelijk missen ze vaak de nodige kennis in bedrijfsvoering of in essenti\u00eble specifieke domeinen zoals sales, marketing, financi\u00ebn of HR. Bovendien hebben ze vaak beperkte middelen. \u201cIt\u2019s not about ideas. It\u2019s about making ideas happen\u2026\u201d. Scott Belsky Business Genetix\u00ae heeft een lange en uitgebreide [&hellip;]<\/p>\n","protected":false},"author":1,"featured_media":0,"parent":1135,"menu_order":0,"comment_status":"closed","ping_status":"closed","template":"","meta":{"_et_pb_use_builder":"on","_et_pb_old_content":"","_et_gb_content_width":"","footnotes":""},"_links":{"self":[{"href":"https:\/\/businessgenetix.com\/nl\/wp-json\/wp\/v2\/pages\/1141"}],"collection":[{"href":"https:\/\/businessgenetix.com\/nl\/wp-json\/wp\/v2\/pages"}],"about":[{"href":"https:\/\/businessgenetix.com\/nl\/wp-json\/wp\/v2\/types\/page"}],"author":[{"embeddable":true,"href":"https:\/\/businessgenetix.com\/nl\/wp-json\/wp\/v2\/users\/1"}],"replies":[{"embeddable":true,"href":"https:\/\/businessgenetix.com\/nl\/wp-json\/wp\/v2\/comments?post=1141"}],"version-history":[{"count":14,"href":"https:\/\/businessgenetix.com\/nl\/wp-json\/wp\/v2\/pages\/1141\/revisions"}],"predecessor-version":[{"id":6343,"href":"https:\/\/businessgenetix.com\/nl\/wp-json\/wp\/v2\/pages\/1141\/revisions\/6343"}],"up":[{"embeddable":true,"href":"https:\/\/businessgenetix.com\/nl\/wp-json\/wp\/v2\/pages\/1135"}],"wp:attachment":[{"href":"https:\/\/businessgenetix.com\/nl\/wp-json\/wp\/v2\/media?parent=1141"}],"curies":[{"name":"wp","href":"https:\/\/api.w.org\/{rel}","templated":true}]}}