{"id":7234,"date":"2020-12-29T08:29:11","date_gmt":"2020-12-29T07:29:11","guid":{"rendered":"https:\/\/businessgenetix.com\/?page_id=7234"},"modified":"2020-12-29T08:52:27","modified_gmt":"2020-12-29T07:52:27","slug":"nos-formations","status":"publish","type":"page","link":"https:\/\/businessgenetix.com\/fr\/institut-de-formation\/nos-formations\/","title":{"rendered":"Nos formations"},"content":{"rendered":"<p>[et_pb_section fb_built=\u00a0\u00bb1&Prime; custom_padding_last_edited=\u00a0\u00bbon|desktop\u00a0\u00bb _builder_version=\u00a0\u00bb3.22&Prime; background_color=\u00a0\u00bbrgba(255,255,255,0.18)\u00a0\u00bb background_image=\u00a0\u00bbhttps:\/\/businessgenetix.com\/wp-content\/uploads\/2018\/09\/PHOTO-3_2-v1-Our-Seminars.png\u00a0\u00bb custom_padding=\u00a0\u00bb230px||54px|\u00a0\u00bb custom_padding_tablet=\u00a0\u00bb\u00a0\u00bb custom_padding_phone=\u00a0\u00bb195px|||\u00a0\u00bb][et_pb_row _builder_version=\u00a0\u00bb3.25&Prime; background_color=\u00a0\u00bbrgba(255,212,0,0.8)\u00a0\u00bb width=\u00a0\u00bb69%\u00a0\u00bb max_width=\u00a0\u00bb69%\u00a0\u00bb module_alignment=\u00a0\u00bbright\u00a0\u00bb custom_margin=\u00a0\u00bb0px||0px|\u00a0\u00bb custom_padding=\u00a0\u00bb15px||5px||false\u00a0\u00bb use_custom_width=\u00a0\u00bbon\u00a0\u00bb width_unit=\u00a0\u00bboff\u00a0\u00bb custom_width_percent=\u00a0\u00bb69%\u00a0\u00bb][et_pb_column type=\u00a0\u00bb4_4&Prime; _builder_version=\u00a0\u00bb3.25&Prime; custom_padding=\u00a0\u00bb|||\u00a0\u00bb custom_padding__hover=\u00a0\u00bb|||\u00a0\u00bb][et_pb_text module_class=\u00a0\u00bbcustom-textc\u00a0\u00bb _builder_version=\u00a0\u00bb4.4.7&Prime; header_font=\u00a0\u00bb||||||||\u00a0\u00bb header_line_height=\u00a0\u00bb50px\u00a0\u00bb header_2_font=\u00a0\u00bb||||||||\u00a0\u00bb custom_margin=\u00a0\u00bb|||\u00a0\u00bb custom_padding=\u00a0\u00bb0px|||28px\u00a0\u00bb custom_padding_tablet=\u00a0\u00bb|0px||50px\u00a0\u00bb custom_padding_phone=\u00a0\u00bb\u00a0\u00bb custom_padding_last_edited=\u00a0\u00bbon|desktop\u00a0\u00bb hover_enabled=\u00a0\u00bb0&Prime; header_font_size_tablet=\u00a0\u00bb36px\u00a0\u00bb header_font_size_phone=\u00a0\u00bb30px\u00a0\u00bb header_font_size_last_edited=\u00a0\u00bbon|tablet\u00a0\u00bb header_line_height_tablet=\u00a0\u00bb33px\u00a0\u00bb header_line_height_phone=\u00a0\u00bb30px\u00a0\u00bb header_line_height_last_edited=\u00a0\u00bbon|phone\u00a0\u00bb]<\/p>\n<h1>Institut de Formation Business Genetix<span class=\"r\">\u00ae<\/span><\/h1>\n<p>[\/et_pb_text][\/et_pb_column][\/et_pb_row][\/et_pb_section][et_pb_section fb_built=\u00a0\u00bb1&Prime; fullwidth=\u00a0\u00bbon\u00a0\u00bb disabled_on=\u00a0\u00bbon|off|off\u00a0\u00bb module_class=\u00a0\u00bbcustom-menu\u00a0\u00bb _builder_version=\u00a0\u00bb3.22&Prime; background_color=\u00a0\u00bbrgba(255,212,0,0.8)\u00a0\u00bb max_width=\u00a0\u00bb69%\u00a0\u00bb module_alignment=\u00a0\u00bbright\u00a0\u00bb custom_margin=\u00a0\u00bb-54px|||\u00a0\u00bb custom_padding=\u00a0\u00bb|||\u00a0\u00bb][et_pb_fullwidth_menu menu_id=\u00a0\u00bb34&Prime; submenu_direction=\u00a0\u00bbdownwards\u00a0\u00bb fullwidth_menu=\u00a0\u00bboff\u00a0\u00bb active_link_color=\u00a0\u00bb#404040&Prime; module_class=\u00a0\u00bbcustom-menu\u00a0\u00bb _builder_version=\u00a0\u00bb4.4.7&Prime; menu_text_color=\u00a0\u00bb#404040&Prime; menu_font_size=\u00a0\u00bb16px\u00a0\u00bb background_color=\u00a0\u00bbrgba(255,212,0,0)\u00a0\u00bb custom_margin=\u00a0\u00bb|||0px\u00a0\u00bb custom_padding=\u00a0\u00bb|||34px\u00a0\u00bb][\/et_pb_fullwidth_menu][\/et_pb_section][et_pb_section fb_built=\u00a0\u00bb1&Prime; module_class=\u00a0\u00bbcustom-section\u00a0\u00bb _builder_version=\u00a0\u00bb3.22&Prime; background_color=\u00a0\u00bb#f1f1f1&Prime; custom_margin=\u00a0\u00bb|||\u00a0\u00bb custom_padding=\u00a0\u00bb0px||0px|\u00a0\u00bb custom_css_main_element=\u00a0\u00bboverflow:hidden;\u00a0\u00bb][et_pb_row column_structure=\u00a0\u00bb1_2,1_2&Prime; _builder_version=\u00a0\u00bb3.25&Prime; custom_margin_tablet=\u00a0\u00bb|||\u00a0\u00bb custom_margin_phone=\u00a0\u00bb\u00a0\u00bb custom_margin_last_edited=\u00a0\u00bbon|tablet\u00a0\u00bb custom_padding=\u00a0\u00bb0px||0px|\u00a0\u00bb][et_pb_column type=\u00a0\u00bb1_2&Prime; _builder_version=\u00a0\u00bb3.25&Prime; custom_padding=\u00a0\u00bb|||\u00a0\u00bb custom_padding__hover=\u00a0\u00bb|||\u00a0\u00bb][et_pb_text _builder_version=\u00a0\u00bb4.4.7&Prime; text_font=\u00a0\u00bb||||||||\u00a0\u00bb text_line_height=\u00a0\u00bb22px\u00a0\u00bb custom_margin=\u00a0\u00bb|||50px\u00a0\u00bb custom_margin_tablet=\u00a0\u00bb|||0px\u00a0\u00bb custom_margin_phone=\u00a0\u00bb\u00a0\u00bb custom_margin_last_edited=\u00a0\u00bbon|tablet\u00a0\u00bb custom_padding=\u00a0\u00bb75px||||false|false\u00a0\u00bb custom_padding_tablet=\u00a0\u00bb40px|||\u00a0\u00bb custom_padding_phone=\u00a0\u00bb\u00a0\u00bb custom_padding_last_edited=\u00a0\u00bbon|phone\u00a0\u00bb]<\/p>\n<p><strong>Le  portefeuille de formation de Business Genetix<sup>\u00ae<\/sup> Training Institute, d\u2019abord d\u00e9velopp\u00e9 pour r\u00e9pondre aux besoins sp\u00e9cifiques de nos clients, s\u2019est fortement d\u00e9velopp\u00e9.   Aussi, Business Genetix<sup>\u00ae<\/sup> Training Institute organise r\u00e9guli\u00e8rement des workshops, des trainings et des s\u00e9minaires en gestion propre. <\/strong><br \/> D\u00e9sirant d\u00e9livrer la meilleure qualit\u00e9 et efficacit\u00e9 possible, nous faisons  appel \u00e0 diff\u00e9rents formateurs sp\u00e9cialis\u00e9s du plus haut niveau.\n<\/p>\n<p>[\/et_pb_text][\/et_pb_column][et_pb_column type=\u00a0\u00bb1_2&Prime; _builder_version=\u00a0\u00bb3.25&Prime; background_color=\u00a0\u00bb#e3e3e3&Prime; custom_padding=\u00a0\u00bb|||\u00a0\u00bb custom_padding__hover=\u00a0\u00bb|||\u00a0\u00bb][et_pb_text module_class=\u00a0\u00bbfirefox-module\u00a0\u00bb _builder_version=\u00a0\u00bb3.27.4&Prime; text_font=\u00a0\u00bb|600|||||||\u00a0\u00bb text_font_size=\u00a0\u00bb28px\u00a0\u00bb text_line_height=\u00a0\u00bb37px\u00a0\u00bb text_orientation=\u00a0\u00bbright\u00a0\u00bb custom_padding=\u00a0\u00bb65px|57px|0px|40px||false\u00a0\u00bb custom_padding_tablet=\u00a0\u00bb30px|||24px\u00a0\u00bb custom_padding_phone=\u00a0\u00bb50px|18px||17px\u00a0\u00bb custom_padding_last_edited=\u00a0\u00bbon|phone\u00a0\u00bb text_font_size_tablet=\u00a0\u00bb24px\u00a0\u00bb text_font_size_phone=\u00a0\u00bb20px\u00a0\u00bb text_font_size_last_edited=\u00a0\u00bbon|phone\u00a0\u00bb]<\/p>\n<p style=\"text-align: right;\"><em>\u201cEducation is the passport of the future, for tomorrow belongs to those who prepare for it today&#8230;\u201d.<\/em><\/p>\n<p>[\/et_pb_text][et_pb_text _builder_version=\u00a0\u00bb4.4.7&Prime; text_font=\u00a0\u00bb||||||||\u00a0\u00bb custom_margin=\u00a0\u00bb-30px||22px||false|false\u00a0\u00bb custom_margin_tablet=\u00a0\u00bb||0px|\u00a0\u00bb custom_margin_phone=\u00a0\u00bb\u00a0\u00bb custom_margin_last_edited=\u00a0\u00bbon|tablet\u00a0\u00bb custom_padding=\u00a0\u00bb|57px||\u00a0\u00bb custom_padding_tablet=\u00a0\u00bb|44px||\u00a0\u00bb custom_padding_phone=\u00a0\u00bb|18px||17px\u00a0\u00bb custom_padding_last_edited=\u00a0\u00bbon|phone\u00a0\u00bb]<\/p>\n<p style=\"text-align: right;\"><a href=\"https:\/\/businessgenetix.com\/fr\/contact\/\">Prendre un rendez-vous avec un de nos experts<\/a><\/p>\n<p>[\/et_pb_text][et_pb_text _builder_version=\u00a0\u00bb4.4.7&Prime; text_font=\u00a0\u00bb||||||||\u00a0\u00bb text_text_color=\u00a0\u00bb#ffffff\u00a0\u00bb text_font_size=\u00a0\u00bb19px\u00a0\u00bb header_font=\u00a0\u00bb||||||||\u00a0\u00bb custom_margin=\u00a0\u00bb||3px||false|false\u00a0\u00bb custom_padding=\u00a0\u00bb||10px||false|false\u00a0\u00bb custom_padding_tablet=\u00a0\u00bb20px|||\u00a0\u00bb custom_padding_phone=\u00a0\u00bb0px|||\u00a0\u00bb custom_padding_last_edited=\u00a0\u00bbon|desktop\u00a0\u00bb]<\/p>\n<p style=\"text-align: center;\">Malcolm X<\/p>\n<p>[\/et_pb_text][\/et_pb_column][\/et_pb_row][et_pb_row custom_padding_last_edited=\u00a0\u00bbon|desktop\u00a0\u00bb module_class=\u00a0\u00bbfirst-title\u00a0\u00bb _builder_version=\u00a0\u00bb4.4.7&Prime; background_size=\u00a0\u00bbcontain\u00a0\u00bb background_blend=\u00a0\u00bboverlay\u00a0\u00bb custom_margin=\u00a0\u00bb0px||||false|false\u00a0\u00bb custom_padding=\u00a0\u00bb0px||50px||false|false\u00a0\u00bb custom_padding_tablet=\u00a0\u00bb0px|0px||\u00a0\u00bb custom_padding_phone=\u00a0\u00bb\u00a0\u00bb][et_pb_column type=\u00a0\u00bb4_4&Prime; _builder_version=\u00a0\u00bb3.25&Prime; custom_padding=\u00a0\u00bb|||\u00a0\u00bb custom_padding__hover=\u00a0\u00bb|||\u00a0\u00bb][et_pb_text _builder_version=\u00a0\u00bb4.4.7&Prime; text_line_height=\u00a0\u00bb22px\u00a0\u00bb header_font=\u00a0\u00bb||||||||\u00a0\u00bb header_2_font=\u00a0\u00bb|700|||||||\u00a0\u00bb header_2_text_color=\u00a0\u00bb#404040&Prime; header_2_font_size=\u00a0\u00bb24px\u00a0\u00bb header_2_line_height=\u00a0\u00bb65px\u00a0\u00bb custom_margin=\u00a0\u00bb-20px|||\u00a0\u00bb custom_margin_tablet=\u00a0\u00bb20px|||\u00a0\u00bb custom_margin_phone=\u00a0\u00bb\u00a0\u00bb custom_margin_last_edited=\u00a0\u00bbon|tablet\u00a0\u00bb custom_padding=\u00a0\u00bb0px|44px||50px\u00a0\u00bb custom_padding_tablet=\u00a0\u00bb0px|0px||0px\u00a0\u00bb custom_padding_phone=\u00a0\u00bb|10px||0px\u00a0\u00bb custom_padding_last_edited=\u00a0\u00bbon|tablet\u00a0\u00bb header_2_font_size_tablet=\u00a0\u00bb22px\u00a0\u00bb header_2_font_size_phone=\u00a0\u00bb20px\u00a0\u00bb header_2_font_size_last_edited=\u00a0\u00bbon|phone\u00a0\u00bb header_2_line_height_tablet=\u00a0\u00bb\u00a0\u00bb header_2_line_height_phone=\u00a0\u00bb31.3px\u00a0\u00bb header_2_line_height_last_edited=\u00a0\u00bbon|tablet\u00a0\u00bb]<\/p>\n<h2>Une offre tr\u00e8s vaste<\/h2>\n<p>Nous pouvons compter sur de nombreux formateurs exp\u00e9riment\u00e9s dans des domaines tr\u00e8s vari\u00e9s. Nos formateurs sont des professionnels avec une connaissance et exp\u00e9rience approfondies dans leur domaine de comp\u00e9tence et en formation. Nous fournissons toujours nos formations dans un environnement propice et adapt\u00e9.<\/p>\n<p>Rejoignez les nombreux <strong>leaders, d\u00e9cideurs, gestionnaires<\/strong> et autres professionnels qui ont particip\u00e9 \u00e0 nos s\u00e9minaires et workshops.<\/p>\n<p>Am\u00e9liorez vos comp\u00e9tences, savoir-\u00eatre et savoir-faire, d\u00e9veloppez-vous personnellement et\/ou professionnellement et gardez contact avec les \u00e9volutions et tendances, en assistant \u00e0 nos trainings, s\u00e9minaires et ateliers professionnels.<\/p>\n<p>Nous vous invitons \u00e0 visiter notre site internet <a href=\"https:\/\/str8wise.com\/\" target=\"_blank\" rel=\"noopener noreferrer\">Str8wise<\/a> pour de plus amples informations au sujet de nos s\u00e9minaires ou afin de contacter un de nos experts.[\/et_pb_text][\/et_pb_column][\/et_pb_row][\/et_pb_section]<\/p>\n","protected":false},"excerpt":{"rendered":"<p>Institut de Formation Business Genetix\u00aeLe portefeuille de formation de Business Genetix\u00ae Training Institute, d\u2019abord d\u00e9velopp\u00e9 pour r\u00e9pondre aux besoins sp\u00e9cifiques de nos clients, s\u2019est fortement d\u00e9velopp\u00e9. Aussi, Business Genetix\u00ae Training Institute organise r\u00e9guli\u00e8rement des workshops, des trainings et des s\u00e9minaires en gestion propre. D\u00e9sirant d\u00e9livrer la meilleure qualit\u00e9 et efficacit\u00e9 possible, nous faisons appel \u00e0 [&hellip;]<\/p>\n","protected":false},"author":1,"featured_media":0,"parent":6963,"menu_order":0,"comment_status":"closed","ping_status":"closed","template":"","meta":{"_et_pb_use_builder":"on","_et_pb_old_content":"[et_pb_section fb_built=\"1\" custom_padding_last_edited=\"on|desktop\" _builder_version=\"3.22\" background_color=\"rgba(255,255,255,0.18)\" background_image=\"https:\/\/businessgenetix.com\/wp-content\/uploads\/2018\/09\/PHOTO-3_2-v1-Our-Seminars.png\" custom_padding=\"230px||54px|\" custom_padding_tablet=\"\" custom_padding_phone=\"195px|||\"][et_pb_row _builder_version=\"3.25\" background_color=\"rgba(255,212,0,0.8)\" width=\"69%\" max_width=\"69%\" module_alignment=\"right\" custom_margin=\"0px||0px|\" custom_padding=\"15px||5px||false\" use_custom_width=\"on\" width_unit=\"off\" custom_width_percent=\"69%\"][et_pb_column type=\"4_4\" _builder_version=\"3.25\" custom_padding=\"|||\" custom_padding__hover=\"|||\"][et_pb_text module_class=\"custom-textc\" _builder_version=\"4.4.7\" header_font=\"||||||||\" header_line_height=\"50px\" header_2_font=\"||||||||\" custom_margin=\"|||\" custom_padding=\"0px|||28px\" custom_padding_tablet=\"|0px||50px\" custom_padding_phone=\"\" custom_padding_last_edited=\"on|desktop\" header_font_size_tablet=\"36px\" header_font_size_phone=\"30px\" header_font_size_last_edited=\"on|tablet\" header_line_height_tablet=\"33px\" header_line_height_phone=\"30px\" header_line_height_last_edited=\"on|phone\"]<h1>Business Genetix<span class=\"r\">\u00ae<\/span> Training Institute<\/h1>[\/et_pb_text][\/et_pb_column][\/et_pb_row][\/et_pb_section][et_pb_section fb_built=\"1\" fullwidth=\"on\" disabled_on=\"on|off|off\" module_class=\"custom-menu\" _builder_version=\"3.22\" background_color=\"rgba(255,212,0,0.8)\" max_width=\"69%\" module_alignment=\"right\" custom_margin=\"-54px|||\" custom_padding=\"|||\"][et_pb_fullwidth_menu menu_id=\"29\" submenu_direction=\"downwards\" fullwidth_menu=\"off\" active_link_color=\"#404040\" module_class=\"custom-menu\" _builder_version=\"4.4.7\" menu_text_color=\"#404040\" menu_font_size=\"16px\" background_color=\"rgba(255,212,0,0)\" custom_margin=\"|||0px\" custom_padding=\"|||34px\"][\/et_pb_fullwidth_menu][\/et_pb_section][et_pb_section fb_built=\"1\" module_class=\"custom-section\" _builder_version=\"3.22\" background_color=\"#f1f1f1\" custom_margin=\"|||\" custom_padding=\"0px||0px|\" custom_css_main_element=\"overflow:hidden;\"][et_pb_row column_structure=\"1_2,1_2\" _builder_version=\"3.25\" custom_margin_tablet=\"|||\" custom_margin_phone=\"\" custom_margin_last_edited=\"on|tablet\" custom_padding=\"0px||0px|\"][et_pb_column type=\"1_2\" _builder_version=\"3.25\" custom_padding=\"|||\" custom_padding__hover=\"|||\"][et_pb_text _builder_version=\"4.4.7\" text_font=\"||||||||\" text_line_height=\"22px\" custom_margin=\"|||50px\" custom_margin_tablet=\"|||0px\" custom_margin_phone=\"\" custom_margin_last_edited=\"on|tablet\" custom_padding=\"75px||||false|false\" custom_padding_tablet=\"40px|||\" custom_padding_phone=\"\" custom_padding_last_edited=\"on|phone\"]<p><strong>In the first place developed to respond to the specific needs of our customers, our training portfolio became quite extensive.<br \/> Business Genetix<sup>\u00ae<\/sup> Training Institute is therefore organising self-managed seminars and workshops on a regular basis. <\/strong><br \/> Aiming to achieve the highest possible quality and effectiveness, we appeal for different, specialised (guest) top trainers.<\/p>[\/et_pb_text][\/et_pb_column][et_pb_column type=\"1_2\" _builder_version=\"3.25\" background_color=\"#e3e3e3\" custom_padding=\"|||\" custom_padding__hover=\"|||\"][et_pb_text module_class=\"firefox-module\" _builder_version=\"3.27.4\" text_font=\"|600|||||||\" text_font_size=\"28px\" text_line_height=\"37px\" text_orientation=\"right\" custom_padding=\"65px|57px|0px|40px||false\" custom_padding_tablet=\"30px|||24px\" custom_padding_phone=\"50px|18px||17px\" custom_padding_last_edited=\"on|phone\" text_font_size_tablet=\"24px\" text_font_size_phone=\"20px\" text_font_size_last_edited=\"on|phone\"]<p style=\"text-align: right;\"><em>\u201cEducation is the passport of the future, for tomorrow belongs to those who prepare for it today...\u201d.<\/em><\/p>\r\n[\/et_pb_text][et_pb_text _builder_version=\"4.4.7\" text_font=\"||||||||\" custom_margin=\"-30px||22px||false|false\" custom_margin_tablet=\"||0px|\" custom_margin_phone=\"\" custom_margin_last_edited=\"on|tablet\" custom_padding=\"|57px||\" custom_padding_tablet=\"|44px||\" custom_padding_phone=\"|18px||17px\" custom_padding_last_edited=\"on|phone\"]<p style=\"text-align: right;\"><a href=\"https:\/\/businessgenetix.com\/contact\/make-an-appointment\/\"> Get in touch with one of our experts<\/a><\/p>[\/et_pb_text][et_pb_text _builder_version=\"4.4.7\" text_font=\"||||||||\" text_text_color=\"#ffffff\" text_font_size=\"19px\" header_font=\"||||||||\" custom_margin=\"-7px||3px||false|false\" custom_padding=\"|||\" custom_padding_tablet=\"20px|||\" custom_padding_phone=\"0px|||\" custom_padding_last_edited=\"on|desktop\"]<p style=\"text-align: center;\">Malcolm X<\/p>\r\n[\/et_pb_text][\/et_pb_column][\/et_pb_row][et_pb_row custom_padding_last_edited=\"on|desktop\" module_class=\"first-title\" _builder_version=\"4.4.7\" background_size=\"contain\" background_blend=\"overlay\" custom_margin=\"0px||||false|false\" custom_padding=\"0px||50px||false|false\" custom_padding_tablet=\"0px|0px||\" custom_padding_phone=\"\" hover_enabled=\"0\"][et_pb_column type=\"4_4\" _builder_version=\"3.25\" custom_padding=\"|||\" custom_padding__hover=\"|||\"][et_pb_text _builder_version=\"4.4.7\" text_line_height=\"22px\" header_font=\"||||||||\" header_2_font=\"|700|||||||\" header_2_text_color=\"#404040\" header_2_font_size=\"24px\" header_2_line_height=\"65px\" custom_margin=\"-20px|||\" custom_margin_tablet=\"20px|||\" custom_margin_phone=\"\" custom_margin_last_edited=\"on|tablet\" custom_padding=\"0px|44px||50px\" custom_padding_tablet=\"0px|0px||0px\" custom_padding_phone=\"|10px||0px\" custom_padding_last_edited=\"on|tablet\" header_2_font_size_tablet=\"22px\" header_2_font_size_phone=\"20px\" header_2_font_size_last_edited=\"on|phone\" header_2_line_height_tablet=\"\" header_2_line_height_phone=\"31.3px\" header_2_line_height_last_edited=\"on|tablet\"]<h2>A wide range<\/h2>\r\n<p>We can count on a large number of experienced trainers in diverse areas of competence. Our trainers are professionals with a pronounced history in their area of competence and in delivering trainings. We always deliver all trainings in an adapted accommodation.<\/p>\r\n<p>Join the numerous leaders, decision-makers, managers and other professionals who participated in our seminars and workshops. Improve your hard or soft skills, develop your personal and\/or professional dimensions and remain up-to-date with the developing trends by attending extensive trainings and professional seminars and workshops.<\/p>\r\n<p>We invite you to visit our <a href=\"https:\/\/str8wise.com\/\" target=\"_blank\" rel=\"noopener noreferrer\">Str8wise website<\/a> for more information about our seminars and workshops or to contact our representatives.<\/p>[\/et_pb_text][\/et_pb_column][\/et_pb_row][\/et_pb_section]","_et_gb_content_width":"","footnotes":""},"_links":{"self":[{"href":"https:\/\/businessgenetix.com\/fr\/wp-json\/wp\/v2\/pages\/7234"}],"collection":[{"href":"https:\/\/businessgenetix.com\/fr\/wp-json\/wp\/v2\/pages"}],"about":[{"href":"https:\/\/businessgenetix.com\/fr\/wp-json\/wp\/v2\/types\/page"}],"author":[{"embeddable":true,"href":"https:\/\/businessgenetix.com\/fr\/wp-json\/wp\/v2\/users\/1"}],"replies":[{"embeddable":true,"href":"https:\/\/businessgenetix.com\/fr\/wp-json\/wp\/v2\/comments?post=7234"}],"version-history":[{"count":8,"href":"https:\/\/businessgenetix.com\/fr\/wp-json\/wp\/v2\/pages\/7234\/revisions"}],"predecessor-version":[{"id":7250,"href":"https:\/\/businessgenetix.com\/fr\/wp-json\/wp\/v2\/pages\/7234\/revisions\/7250"}],"up":[{"embeddable":true,"href":"https:\/\/businessgenetix.com\/fr\/wp-json\/wp\/v2\/pages\/6963"}],"wp:attachment":[{"href":"https:\/\/businessgenetix.com\/fr\/wp-json\/wp\/v2\/media?parent=7234"}],"curies":[{"name":"wp","href":"https:\/\/api.w.org\/{rel}","templated":true}]}}