{"id":6904,"date":"2019-03-28T03:02:22","date_gmt":"2019-03-28T02:02:22","guid":{"rendered":"https:\/\/businessgenetix.com\/?page_id=6904"},"modified":"2019-03-28T12:19:02","modified_gmt":"2019-03-28T11:19:02","slug":"formation-interne","status":"publish","type":"page","link":"https:\/\/businessgenetix.com\/fr\/institut-de-formation\/formation-interne\/","title":{"rendered":"formation interne"},"content":{"rendered":"<p>[et_pb_section fb_built=\u00a0\u00bb1&Prime; custom_padding_last_edited=\u00a0\u00bbon|desktop\u00a0\u00bb _builder_version=\u00a0\u00bb3.15&Prime; background_color=\u00a0\u00bbrgba(255,255,255,0.18)\u00a0\u00bb background_image=\u00a0\u00bbhttps:\/\/businessgenetix.com\/wp-content\/uploads\/2018\/09\/PHOTO-3-3-v1-inhouse-trainingen.png\u00a0\u00bb custom_padding=\u00a0\u00bb230px||54px|\u00a0\u00bb custom_padding_phone=\u00a0\u00bb195px|||\u00a0\u00bb][et_pb_row use_custom_width=\u00a0\u00bbon\u00a0\u00bb width_unit=\u00a0\u00bboff\u00a0\u00bb custom_width_percent=\u00a0\u00bb69%\u00a0\u00bb custom_padding=\u00a0\u00bb15px||5px||false\u00a0\u00bb custom_margin=\u00a0\u00bb0px||0px|\u00a0\u00bb _builder_version=\u00a0\u00bb3.12.2&Prime; background_color=\u00a0\u00bbrgba(255,212,0,0.8)\u00a0\u00bb module_alignment=\u00a0\u00bbright\u00a0\u00bb][et_pb_column type=\u00a0\u00bb4_4&Prime; _builder_version=\u00a0\u00bb3.0.47&Prime; parallax=\u00a0\u00bboff\u00a0\u00bb parallax_method=\u00a0\u00bbon\u00a0\u00bb][et_pb_text module_class=\u00a0\u00bbcustom-textc\u00a0\u00bb _builder_version=\u00a0\u00bb3.17.2&Prime; text_font=\u00a0\u00bb||||||||\u00a0\u00bb text_line_height=\u00a0\u00bb37px\u00a0\u00bb text_line_height_tablet=\u00a0\u00bb33px\u00a0\u00bb text_line_height_phone=\u00a0\u00bb30px\u00a0\u00bb text_line_height_last_edited=\u00a0\u00bbon|phone\u00a0\u00bb header_font=\u00a0\u00bb||||||||\u00a0\u00bb header_font_size_tablet=\u00a0\u00bb36px\u00a0\u00bb header_font_size_phone=\u00a0\u00bb30px\u00a0\u00bb header_font_size_last_edited=\u00a0\u00bbon|tablet\u00a0\u00bb header_line_height=\u00a0\u00bb50px\u00a0\u00bb header_line_height_tablet=\u00a0\u00bb37px\u00a0\u00bb header_line_height_phone=\u00a0\u00bb33px\u00a0\u00bb header_line_height_last_edited=\u00a0\u00bbon|phone\u00a0\u00bb header_2_font=\u00a0\u00bb||||||||\u00a0\u00bb custom_margin=\u00a0\u00bb|||\u00a0\u00bb custom_padding=\u00a0\u00bb0px|||28px\u00a0\u00bb custom_padding_tablet=\u00a0\u00bb|0px||50px\u00a0\u00bb custom_padding_last_edited=\u00a0\u00bbon|desktop\u00a0\u00bb]<\/p>\n<h1>institut de formation Business Genetix<span class=\"r\">\u00ae<\/span><\/h1>\n<p>[\/et_pb_text][\/et_pb_column][\/et_pb_row][\/et_pb_section][et_pb_section fb_built=\u00a0\u00bb1&Prime; fullwidth=\u00a0\u00bbon\u00a0\u00bb disabled_on=\u00a0\u00bbon|off|off\u00a0\u00bb module_class=\u00a0\u00bbcustom-menu\u00a0\u00bb _builder_version=\u00a0\u00bb3.12.2&Prime; background_color=\u00a0\u00bbrgba(255,212,0,0.8)\u00a0\u00bb max_width=\u00a0\u00bb69%\u00a0\u00bb module_alignment=\u00a0\u00bbright\u00a0\u00bb custom_margin=\u00a0\u00bb-54px|||\u00a0\u00bb custom_padding=\u00a0\u00bb|||\u00a0\u00bb][et_pb_fullwidth_menu menu_id=\u00a0\u00bb34&Prime; submenu_direction=\u00a0\u00bbdownwards\u00a0\u00bb fullwidth_menu=\u00a0\u00bboff\u00a0\u00bb active_link_color=\u00a0\u00bb#404040&Prime; module_class=\u00a0\u00bbcustom-menu\u00a0\u00bb _builder_version=\u00a0\u00bb3.17.2&Prime; menu_text_color=\u00a0\u00bb#404040&Prime; menu_font_size=\u00a0\u00bb16px\u00a0\u00bb background_color=\u00a0\u00bbrgba(255,212,0,0)\u00a0\u00bb custom_margin=\u00a0\u00bb|||0px\u00a0\u00bb custom_padding=\u00a0\u00bb|||34px\u00a0\u00bb]<\/p>\n<p>&nbsp;<\/p>\n<p>[\/et_pb_fullwidth_menu][\/et_pb_section][et_pb_section fb_built=\u00a0\u00bb1&Prime; module_class=\u00a0\u00bbcustom-section\u00a0\u00bb _builder_version=\u00a0\u00bb3.13.1&Prime; background_color=\u00a0\u00bb#f1f1f1&Prime; custom_margin=\u00a0\u00bb|||\u00a0\u00bb custom_padding=\u00a0\u00bb0px||0px|\u00a0\u00bb custom_css_main_element=\u00a0\u00bboverflow:hidden;\u00a0\u00bb][et_pb_row custom_padding=\u00a0\u00bb0px||0px|\u00a0\u00bb background_color_2=\u00a0\u00bb#e3e3e3&Prime; _builder_version=\u00a0\u00bb3.13.1&Prime; custom_margin_tablet=\u00a0\u00bb|||\u00a0\u00bb custom_margin_last_edited=\u00a0\u00bbon|tablet\u00a0\u00bb][et_pb_column type=\u00a0\u00bb1_2&Prime; _builder_version=\u00a0\u00bb3.0.47&Prime; parallax=\u00a0\u00bboff\u00a0\u00bb parallax_method=\u00a0\u00bbon\u00a0\u00bb][et_pb_text _builder_version=\u00a0\u00bb3.17.2&Prime; text_font=\u00a0\u00bb||||||||\u00a0\u00bb text_line_height=\u00a0\u00bb22px\u00a0\u00bb header_font=\u00a0\u00bb||||||||\u00a0\u00bb custom_margin=\u00a0\u00bb|||50px\u00a0\u00bb custom_margin_tablet=\u00a0\u00bb|||0px\u00a0\u00bb custom_margin_last_edited=\u00a0\u00bbon|phone\u00a0\u00bb custom_padding=\u00a0\u00bb67px|||\u00a0\u00bb custom_padding_tablet=\u00a0\u00bb40px|||\u00a0\u00bb custom_padding_last_edited=\u00a0\u00bbon|tablet\u00a0\u00bb]<\/p>\n<p>Au fil des ans et des exp\u00e9riences acquises lors de missions pr\u00e9c\u00e9dentes, Business Genetix<sup>\u00ae<\/sup><span>\u00a0<\/span>a non seulement d\u00e9velopp\u00e9 un programme de formation ouvert \u00e0 tous les professionnels, mais \u00e9galement <strong>un large \u00e9ventail d&rsquo;opportunit\u00e9s de formation flexibles et modulaires. Nous pouvons maintenant nous vanter d&rsquo;une solide r\u00e9putation en offrant des solutions de formation off-site ou sur site.<\/strong><\/p>\n<p>\nCes cours internes sur mesure garantissent que le cours complet &#8211; apr\u00e8s une consultation et analyse approfondie &#8211; est adapt\u00e9 exclusivement et concr\u00e8tement \u00e0 votre environnement et vos besoins commerciaux sp\u00e9cifiques.\n<\/p>\n<p>[\/et_pb_text][\/et_pb_column][et_pb_column type=\u00a0\u00bb1_2&Prime; _builder_version=\u00a0\u00bb3.0.47&Prime; background_color=\u00a0\u00bb#e3e3e3&Prime; parallax=\u00a0\u00bboff\u00a0\u00bb parallax_method=\u00a0\u00bbon\u00a0\u00bb][et_pb_text module_class=\u00a0\u00bbfirefox-module\u00a0\u00bb _builder_version=\u00a0\u00bb3.17.2&Prime; text_font=\u00a0\u00bb|600|||||||\u00a0\u00bb text_font_size=\u00a0\u00bb28px\u00a0\u00bb text_font_size_tablet=\u00a0\u00bb24px\u00a0\u00bb text_font_size_phone=\u00a0\u00bb20px\u00a0\u00bb text_font_size_last_edited=\u00a0\u00bbon|phone\u00a0\u00bb text_line_height=\u00a0\u00bb37px\u00a0\u00bb text_line_height_tablet=\u00a0\u00bb33px\u00a0\u00bb text_line_height_phone=\u00a0\u00bb30px\u00a0\u00bb text_line_height_last_edited=\u00a0\u00bbon|phone\u00a0\u00bb text_orientation=\u00a0\u00bbright\u00a0\u00bb custom_padding=\u00a0\u00bb53px|57px|0px|20px||false\u00a0\u00bb custom_padding_tablet=\u00a0\u00bb30px|||24px\u00a0\u00bb custom_padding_phone=\u00a0\u00bb50px|17px||18px\u00a0\u00bb custom_padding_last_edited=\u00a0\u00bbon|phone\u00a0\u00bb]<\/p>\n<p style=\"text-align: right;\"><em>\u201cCFO ask CEO:<\/em><br \/><em> \u201cWhat happens if we invest in developing our people and then they leave us?\u201d<\/em><br \/><em> CEO: \u201cWhat happens if we don\u2019t, and they stay?\u201d<\/em><\/p>\n<p>[\/et_pb_text][et_pb_text _builder_version=\u00a0\u00bb3.17.2&Prime; text_font=\u00a0\u00bb||||||||\u00a0\u00bb custom_margin=\u00a0\u00bb-30px||27px|\u00a0\u00bb custom_padding=\u00a0\u00bb|57px||\u00a0\u00bb custom_padding_tablet=\u00a0\u00bb|44px||\u00a0\u00bb custom_padding_last_edited=\u00a0\u00bbon|desktop\u00a0\u00bb]<\/p>\n<p style=\"text-align: right;\"><a href=\"https:\/\/businessgenetix.com\/fr\/contact\/prendre-un-rendez-vous\/\">prendre un rendez-vous<\/a><\/p>\n<p>[\/et_pb_text][\/et_pb_column][\/et_pb_row][\/et_pb_section][et_pb_section fb_built=\u00a0\u00bb1&Prime; module_class=\u00a0\u00bbcustom-section\u00a0\u00bb _builder_version=\u00a0\u00bb3.15&Prime; background_color=\u00a0\u00bb#f1f1f1&Prime; custom_margin=\u00a0\u00bb0px|||\u00a0\u00bb custom_padding=\u00a0\u00bb0px||0px|\u00a0\u00bb][et_pb_row custom_padding=\u00a0\u00bb0px||0px|\u00a0\u00bb custom_padding_tablet=\u00a0\u00bb0px|0px||\u00a0\u00bb custom_margin=\u00a0\u00bb0px|||\u00a0\u00bb custom_padding_last_edited=\u00a0\u00bbon|desktop\u00a0\u00bb background_color_2=\u00a0\u00bb#e3e3e3&Prime; padding_top_2=\u00a0\u00bb100px\u00a0\u00bb padding_bottom_2=\u00a0\u00bb100px\u00a0\u00bb padding_left_2=\u00a0\u00bb50px\u00a0\u00bb module_class=\u00a0\u00bbfirst-title\u00a0\u00bb _builder_version=\u00a0\u00bb3.13.1&Prime; background_size=\u00a0\u00bbcontain\u00a0\u00bb background_blend=\u00a0\u00bboverlay\u00a0\u00bb][et_pb_column type=\u00a0\u00bb4_4&Prime; _builder_version=\u00a0\u00bb3.0.47&Prime; parallax=\u00a0\u00bboff\u00a0\u00bb parallax_method=\u00a0\u00bbon\u00a0\u00bb][et_pb_text module_class=\u00a0\u00bbText_nopaddingtop\u00a0\u00bb _builder_version=\u00a0\u00bb3.17.2&Prime; text_font=\u00a0\u00bb||||||||\u00a0\u00bb text_line_height=\u00a0\u00bb22px\u00a0\u00bb header_font=\u00a0\u00bb||||||||\u00a0\u00bb header_2_font=\u00a0\u00bb|700|||||||\u00a0\u00bb header_2_text_color=\u00a0\u00bb#404040&Prime; header_2_font_size=\u00a0\u00bb24px\u00a0\u00bb header_2_font_size_tablet=\u00a0\u00bb22px\u00a0\u00bb header_2_font_size_phone=\u00a0\u00bb20px\u00a0\u00bb header_2_font_size_last_edited=\u00a0\u00bbon|phone\u00a0\u00bb header_2_line_height=\u00a0\u00bb65px\u00a0\u00bb header_2_line_height_phone=\u00a0\u00bb31.3px\u00a0\u00bb header_2_line_height_last_edited=\u00a0\u00bbon|tablet\u00a0\u00bb custom_margin=\u00a0\u00bb-20px|||\u00a0\u00bb custom_margin_tablet=\u00a0\u00bb20px|||0px\u00a0\u00bb custom_margin_last_edited=\u00a0\u00bbon|phone\u00a0\u00bb custom_padding=\u00a0\u00bb0px|54px||50px\u00a0\u00bb custom_padding_tablet=\u00a0\u00bb|0px|0px|0px\u00a0\u00bb custom_padding_phone=\u00a0\u00bb|0px|0px|0px\u00a0\u00bb custom_padding_last_edited=\u00a0\u00bbon|tablet\u00a0\u00bb]<\/p>\n<h2>Avantages du d\u00e9veloppement continu <\/h2>\n<p>Votre entreprise doit toujours \u00eatre en mouvement. Il en va de m\u00eame, afin de faire \u00e9voluer votre organisation, pour le d\u00e9veloppement de votre ressource cl\u00e9 : votre personnel! <strong>Une formation r\u00e9guli\u00e8re est essentielle pour faciliter le d\u00e9veloppement continu des savoir-faire et la gestion des comp\u00e9tences.<\/strong><br \/> La formation peut souvent \u00eatre un sujet pr\u00e9occupant pour les d\u00e9cideurs, en raison de son co\u00fbt croissant pour l\u2019entreprise. N\u00e9anmoins, il existe de nombreuses raisons importantes (voir certaines ci-dessous) justifiant le b\u00e9n\u00e9fice et la rentabilit\u00e9 pour votre entreprise d\u2019une formation continue, bas\u00e9e sur un plan de d\u00e9veloppement bien con\u00e7u : <\/p>\n<p>[\/et_pb_text][et_pb_text module_class=\u00a0\u00bbText_nopaddingtop\u00a0\u00bb _builder_version=\u00a0\u00bb3.17.2&Prime; text_font=\u00a0\u00bb||||||||\u00a0\u00bb text_line_height=\u00a0\u00bb22px\u00a0\u00bb header_font=\u00a0\u00bb||||||||\u00a0\u00bb header_2_font=\u00a0\u00bb|700|||||||\u00a0\u00bb header_2_text_color=\u00a0\u00bb#404040&Prime; header_2_font_size=\u00a0\u00bb24px\u00a0\u00bb header_2_font_size_tablet=\u00a0\u00bb22px\u00a0\u00bb header_2_font_size_phone=\u00a0\u00bb20px\u00a0\u00bb header_2_font_size_last_edited=\u00a0\u00bbon|phone\u00a0\u00bb header_2_line_height=\u00a0\u00bb65px\u00a0\u00bb header_2_line_height_phone=\u00a0\u00bb31.3px\u00a0\u00bb header_2_line_height_last_edited=\u00a0\u00bbon|tablet\u00a0\u00bb custom_margin=\u00a0\u00bb-20px|||30px\u00a0\u00bb custom_margin_tablet=\u00a0\u00bb-20px||0px|\u00a0\u00bb custom_margin_last_edited=\u00a0\u00bbon|phone\u00a0\u00bb custom_padding=\u00a0\u00bb0px|44px||50px\u00a0\u00bb custom_padding_tablet=\u00a0\u00bb|0px||0px\u00a0\u00bb custom_padding_phone=\u00a0\u00bb|0px||0px\u00a0\u00bb custom_padding_last_edited=\u00a0\u00bbon|phone\u00a0\u00bb]<\/p>\n<ul>\n<li>\u00eatre capable de voir les faiblesses, les carences en comp\u00e9tences et les menaces (avant qu\u2019elles ne puissent nuire, etc.)<\/li>\n<li>augmenter la satisfaction au travail et le niveau de motivation (m\u00eame attirer de nouveaux talents)<\/li>\n<li>inciter \u00e0 apprendre et \u00e0 cr\u00e9er des opportunit\u00e9s de promotion<\/li>\n<li>suivre l&rsquo;\u00e9volution du march\u00e9 et \u00eatre au courant des derniers d\u00e9veloppements<\/li>\n<li>gagner en comp\u00e9titivit\u00e9 et rester en avance sur ses concurrents<\/li>\n<li>augmenter la satisfaction du client, la r\u00e9putation de l&rsquo;entreprise parmi bien d&rsquo;autres\n<\/li>\n<\/ul>\n<p>La formation doit devenir une de vos priorit\u00e9s.<br \/>\n[\/et_pb_text][et_pb_text module_class=\u00a0\u00bbText_nopaddingtop\u00a0\u00bb _builder_version=\u00a0\u00bb3.17.2&Prime; text_font=\u00a0\u00bb||||||||\u00a0\u00bb text_line_height=\u00a0\u00bb22px\u00a0\u00bb header_font=\u00a0\u00bb||||||||\u00a0\u00bb header_2_font=\u00a0\u00bb|700|||||||\u00a0\u00bb header_2_text_color=\u00a0\u00bb#404040&Prime; header_2_font_size=\u00a0\u00bb24px\u00a0\u00bb header_2_font_size_tablet=\u00a0\u00bb22px\u00a0\u00bb header_2_font_size_phone=\u00a0\u00bb20px\u00a0\u00bb header_2_font_size_last_edited=\u00a0\u00bbon|phone\u00a0\u00bb header_2_line_height=\u00a0\u00bb65px\u00a0\u00bb header_2_line_height_phone=\u00a0\u00bb31.3px\u00a0\u00bb header_2_line_height_last_edited=\u00a0\u00bbon|tablet\u00a0\u00bb custom_margin=\u00a0\u00bb-11px|||\u00a0\u00bb custom_margin_tablet=\u00a0\u00bb1px||10px|0px\u00a0\u00bb custom_margin_last_edited=\u00a0\u00bbon|tablet\u00a0\u00bb custom_padding=\u00a0\u00bb0px|54px|0px|50px\u00a0\u00bb custom_padding_tablet=\u00a0\u00bb|0px|0px|0px\u00a0\u00bb custom_padding_phone=\u00a0\u00bb|0px|0px|0px\u00a0\u00bb custom_padding_last_edited=\u00a0\u00bbon|tablet\u00a0\u00bb]<\/p>\n<h2>Principaux avantages d&rsquo;une approche sur site<\/h2>\n<p>Les avantages d&rsquo;avoir de nouveaux yeux dans les affaires sont souvent \u00e9tonnants, et on peut en dire autant de la formation en entreprise. Un formateur externe peut sugg\u00e9rer des id\u00e9es et des techniques qui ne sont pas famili\u00e8res ou qui posent des d\u00e9fis sur le lieu de travail, cr\u00e9ant ainsi une session plus complexe, mais finalement plus enrichissante. Il est bon qu&rsquo;un tiers expert incite les employ\u00e9s et \/ ou les gestionnaires \u00e0 penser diff\u00e9remment et \u00e0 aborder les t\u00e2ches autrement.<br \/>\nQue peut-on attendre de plus de formations internes:<br \/>\n[\/et_pb_text][et_pb_text module_class=\u00a0\u00bbText_nopaddingtop\u00a0\u00bb _builder_version=\u00a0\u00bb3.17.2&Prime; text_font=\u00a0\u00bb||||||||\u00a0\u00bb text_line_height=\u00a0\u00bb22px\u00a0\u00bb header_font=\u00a0\u00bb||||||||\u00a0\u00bb header_2_font=\u00a0\u00bb|700|||||||\u00a0\u00bb header_2_text_color=\u00a0\u00bb#404040&Prime; header_2_font_size=\u00a0\u00bb24px\u00a0\u00bb header_2_font_size_tablet=\u00a0\u00bb22px\u00a0\u00bb header_2_font_size_phone=\u00a0\u00bb20px\u00a0\u00bb header_2_font_size_last_edited=\u00a0\u00bbon|phone\u00a0\u00bb header_2_line_height=\u00a0\u00bb65px\u00a0\u00bb header_2_line_height_phone=\u00a0\u00bb31.3px\u00a0\u00bb header_2_line_height_last_edited=\u00a0\u00bbon|tablet\u00a0\u00bb custom_margin=\u00a0\u00bb-20px||14px|30px\u00a0\u00bb custom_margin_tablet=\u00a0\u00bb0px||-20px||false\u00a0\u00bb custom_margin_phone=\u00a0\u00bb20px|||\u00a0\u00bb custom_margin_last_edited=\u00a0\u00bbon|tablet\u00a0\u00bb custom_padding=\u00a0\u00bb0px|44px||50px\u00a0\u00bb custom_padding_tablet=\u00a0\u00bb0px|0px|20px|0px\u00a0\u00bb custom_padding_phone=\u00a0\u00bb|0px||0px\u00a0\u00bb custom_padding_last_edited=\u00a0\u00bbon|phone\u00a0\u00bb]<\/p>\n<ul>\n<li>une pr\u00e9paration interactive \u00e9tendue pour discuter des attentes, des exigences et de ce qui se passera pendant les sessions de formation<\/li>\n<li>une \u00e9conomies de formation, de d\u00e9placement et de temps<\/li>\n<li>un contenu personnalis\u00e9, adapt\u00e9 et plus sp\u00e9cifique \u00e0 la culture, \u00e0 la structure, au but et aux objectifs de votre organisation<\/li>\n<li>des relations solides construites au fil du temps, de sorte que la formation, l&rsquo;encadrement et l&rsquo;orientation futurs soient plus faciles et apportent encore plus de valeur ajout\u00e9e<\/li>\n<li>plus de facilit\u00e9 et commodit\u00e9, car nous pouvons dispenser notre formation en entreprise \u00e0 une date et \u00e0 une heure appropri\u00e9es, et \u00e0 un endroit qui vous convient, \u00e0 vous et \u00e0 votre personnel, sans vous limiter aux heures, jours ou lieux d&rsquo;ouverture normaux<\/li>\n<li>un esprit d\u2019\u00e9quipe: encourage le travail en \u00e9quipe et la compr\u00e9hension mutuelle<\/li>\n<\/ul>\n<p>[\/et_pb_text][et_pb_text module_class=\u00a0\u00bbText_nopaddingtop\u00a0\u00bb _builder_version=\u00a0\u00bb3.17.2&Prime; text_font=\u00a0\u00bb||||||||\u00a0\u00bb text_line_height=\u00a0\u00bb22px\u00a0\u00bb header_font=\u00a0\u00bb||||||||\u00a0\u00bb header_2_font=\u00a0\u00bb|700|||||||\u00a0\u00bb header_2_text_color=\u00a0\u00bb#404040&Prime; header_2_font_size=\u00a0\u00bb24px\u00a0\u00bb header_2_font_size_tablet=\u00a0\u00bb22px\u00a0\u00bb header_2_font_size_phone=\u00a0\u00bb20px\u00a0\u00bb header_2_font_size_last_edited=\u00a0\u00bbon|phone\u00a0\u00bb header_2_line_height=\u00a0\u00bb65px\u00a0\u00bb header_2_line_height_phone=\u00a0\u00bb31.3px\u00a0\u00bb header_2_line_height_last_edited=\u00a0\u00bbon|tablet\u00a0\u00bb custom_margin=\u00a0\u00bb-20px|||\u00a0\u00bb custom_margin_tablet=\u00a0\u00bb20px|||\u00a0\u00bb custom_margin_last_edited=\u00a0\u00bbon|desktop\u00a0\u00bb custom_padding=\u00a0\u00bb0px|54px|15px|50px\u00a0\u00bb custom_padding_tablet=\u00a0\u00bb0px|1px|0px|0px\u00a0\u00bb custom_padding_phone=\u00a0\u00bb|0px||0px\u00a0\u00bb custom_padding_last_edited=\u00a0\u00bbon|desktop\u00a0\u00bb]<\/p>\n<p>N&rsquo;h\u00e9sitez pas \u00e0 <a href=\"https:\/\/businessgenetix.com\/fr\/contact\/\">nous contacter<\/a> pour plus d&rsquo;informations sur nos formations en entreprise.<\/p>\n<p>&nbsp;<\/p>\n<p>[\/et_pb_text][\/et_pb_column][\/et_pb_row][\/et_pb_section]<\/p>\n","protected":false},"excerpt":{"rendered":"<p>institut de formation Business Genetix\u00ae&nbsp; Au fil des ans et des exp\u00e9riences acquises lors de missions pr\u00e9c\u00e9dentes, Business Genetix\u00ae\u00a0a non seulement d\u00e9velopp\u00e9 un programme de formation ouvert \u00e0 tous les professionnels, mais \u00e9galement un large \u00e9ventail d&rsquo;opportunit\u00e9s de formation flexibles et modulaires. Nous pouvons maintenant nous vanter d&rsquo;une solide r\u00e9putation en offrant des solutions de [&hellip;]<\/p>\n","protected":false},"author":1,"featured_media":0,"parent":6963,"menu_order":0,"comment_status":"closed","ping_status":"closed","template":"","meta":{"_et_pb_use_builder":"on","_et_pb_old_content":"","_et_gb_content_width":"","footnotes":""},"_links":{"self":[{"href":"https:\/\/businessgenetix.com\/fr\/wp-json\/wp\/v2\/pages\/6904"}],"collection":[{"href":"https:\/\/businessgenetix.com\/fr\/wp-json\/wp\/v2\/pages"}],"about":[{"href":"https:\/\/businessgenetix.com\/fr\/wp-json\/wp\/v2\/types\/page"}],"author":[{"embeddable":true,"href":"https:\/\/businessgenetix.com\/fr\/wp-json\/wp\/v2\/users\/1"}],"replies":[{"embeddable":true,"href":"https:\/\/businessgenetix.com\/fr\/wp-json\/wp\/v2\/comments?post=6904"}],"version-history":[{"count":7,"href":"https:\/\/businessgenetix.com\/fr\/wp-json\/wp\/v2\/pages\/6904\/revisions"}],"predecessor-version":[{"id":7031,"href":"https:\/\/businessgenetix.com\/fr\/wp-json\/wp\/v2\/pages\/6904\/revisions\/7031"}],"up":[{"embeddable":true,"href":"https:\/\/businessgenetix.com\/fr\/wp-json\/wp\/v2\/pages\/6963"}],"wp:attachment":[{"href":"https:\/\/businessgenetix.com\/fr\/wp-json\/wp\/v2\/media?parent=6904"}],"curies":[{"name":"wp","href":"https:\/\/api.w.org\/{rel}","templated":true}]}}