{"id":6903,"date":"2019-03-28T03:02:42","date_gmt":"2019-03-28T02:02:42","guid":{"rendered":"https:\/\/businessgenetix.com\/?page_id=6903"},"modified":"2019-03-28T12:06:57","modified_gmt":"2019-03-28T11:06:57","slug":"la-certification","status":"publish","type":"page","link":"https:\/\/businessgenetix.com\/fr\/institut-de-formation\/la-certification\/","title":{"rendered":"la certification"},"content":{"rendered":"<p>[et_pb_section fb_built=\u00a0\u00bb1&Prime; custom_padding_last_edited=\u00a0\u00bbon|tablet\u00a0\u00bb _builder_version=\u00a0\u00bb3.17.2&Prime; background_color=\u00a0\u00bbrgba(255,255,255,0.18)\u00a0\u00bb background_image=\u00a0\u00bbhttps:\/\/businessgenetix.com\/wp-content\/uploads\/2018\/09\/PHOTO-3_1-v1-Certificate.png\u00a0\u00bb custom_padding=\u00a0\u00bb230px||54px|\u00a0\u00bb custom_padding_phone=\u00a0\u00bb230px|||\u00a0\u00bb][et_pb_row use_custom_width=\u00a0\u00bbon\u00a0\u00bb width_unit=\u00a0\u00bboff\u00a0\u00bb custom_width_percent=\u00a0\u00bb69%\u00a0\u00bb custom_padding=\u00a0\u00bb15px||5px||false\u00a0\u00bb custom_margin=\u00a0\u00bb0px||0px|\u00a0\u00bb _builder_version=\u00a0\u00bb3.12.2&Prime; background_color=\u00a0\u00bbrgba(255,212,0,0.8)\u00a0\u00bb module_alignment=\u00a0\u00bbright\u00a0\u00bb][et_pb_column type=\u00a0\u00bb4_4&Prime; _builder_version=\u00a0\u00bb3.0.47&Prime; parallax=\u00a0\u00bboff\u00a0\u00bb parallax_method=\u00a0\u00bbon\u00a0\u00bb][et_pb_text module_class=\u00a0\u00bbcustom-textc\u00a0\u00bb _builder_version=\u00a0\u00bb3.17.2&Prime; text_font=\u00a0\u00bb||||||||\u00a0\u00bb header_font=\u00a0\u00bb||||||||\u00a0\u00bb header_font_size_tablet=\u00a0\u00bb36px\u00a0\u00bb header_font_size_phone=\u00a0\u00bb30px\u00a0\u00bb header_font_size_last_edited=\u00a0\u00bbon|tablet\u00a0\u00bb header_line_height=\u00a0\u00bb50px\u00a0\u00bb header_line_height_tablet=\u00a0\u00bb29.8px\u00a0\u00bb header_line_height_phone=\u00a0\u00bb28px\u00a0\u00bb header_line_height_last_edited=\u00a0\u00bbon|phone\u00a0\u00bb header_2_font=\u00a0\u00bb||||||||\u00a0\u00bb custom_margin=\u00a0\u00bb|||\u00a0\u00bb custom_padding=\u00a0\u00bb0px|||28px\u00a0\u00bb custom_padding_tablet=\u00a0\u00bb|0px||50px\u00a0\u00bb custom_padding_last_edited=\u00a0\u00bbon|desktop\u00a0\u00bb]<\/p>\n<h1>institut de formation Business Genetix<span class=\"r\">\u00ae<\/span><\/h1>\n<p>[\/et_pb_text][\/et_pb_column][\/et_pb_row][\/et_pb_section][et_pb_section fb_built=\u00a0\u00bb1&Prime; fullwidth=\u00a0\u00bbon\u00a0\u00bb disabled_on=\u00a0\u00bbon|off|off\u00a0\u00bb module_class=\u00a0\u00bbcustom-menu\u00a0\u00bb _builder_version=\u00a0\u00bb3.12.2&Prime; background_color=\u00a0\u00bbrgba(255,212,0,0.8)\u00a0\u00bb max_width=\u00a0\u00bb69%\u00a0\u00bb module_alignment=\u00a0\u00bbright\u00a0\u00bb custom_margin=\u00a0\u00bb-54px|||\u00a0\u00bb custom_padding=\u00a0\u00bb|||\u00a0\u00bb][et_pb_fullwidth_menu menu_id=\u00a0\u00bb34&Prime; submenu_direction=\u00a0\u00bbdownwards\u00a0\u00bb fullwidth_menu=\u00a0\u00bboff\u00a0\u00bb active_link_color=\u00a0\u00bb#404040&Prime; module_class=\u00a0\u00bbcustom-menu\u00a0\u00bb _builder_version=\u00a0\u00bb3.17.2&Prime; menu_text_color=\u00a0\u00bb#404040&Prime; menu_font_size=\u00a0\u00bb16px\u00a0\u00bb background_color=\u00a0\u00bbrgba(255,212,0,0)\u00a0\u00bb custom_margin=\u00a0\u00bb|||0px\u00a0\u00bb custom_padding=\u00a0\u00bb|||34px\u00a0\u00bb]<\/p>\n<p>&nbsp;<\/p>\n<p>[\/et_pb_fullwidth_menu][\/et_pb_section][et_pb_section fb_built=\u00a0\u00bb1&Prime; module_class=\u00a0\u00bbcustom-section\u00a0\u00bb _builder_version=\u00a0\u00bb3.13.1&Prime; background_color=\u00a0\u00bb#f1f1f1&Prime; custom_margin=\u00a0\u00bb|||\u00a0\u00bb custom_padding=\u00a0\u00bb0px||0px|\u00a0\u00bb custom_css_main_element=\u00a0\u00bboverflow:hidden;\u00a0\u00bb][et_pb_row custom_padding=\u00a0\u00bb0px||0px|\u00a0\u00bb background_color_2=\u00a0\u00bb#e3e3e3&Prime; _builder_version=\u00a0\u00bb3.15&Prime; custom_margin_tablet=\u00a0\u00bb|||\u00a0\u00bb custom_margin_last_edited=\u00a0\u00bbon|tablet\u00a0\u00bb][et_pb_column type=\u00a0\u00bb1_2&Prime; _builder_version=\u00a0\u00bb3.0.47&Prime; parallax=\u00a0\u00bboff\u00a0\u00bb parallax_method=\u00a0\u00bbon\u00a0\u00bb][et_pb_text _builder_version=\u00a0\u00bb3.17.2&Prime; text_font=\u00a0\u00bb||||||||\u00a0\u00bb text_line_height=\u00a0\u00bb22px\u00a0\u00bb custom_margin=\u00a0\u00bb|||50px\u00a0\u00bb custom_margin_tablet=\u00a0\u00bb|0px||0px\u00a0\u00bb custom_margin_phone=\u00a0\u00bb|||0px\u00a0\u00bb custom_margin_last_edited=\u00a0\u00bbon|tablet\u00a0\u00bb custom_padding=\u00a0\u00bb79px|||\u00a0\u00bb custom_padding_tablet=\u00a0\u00bb40px|||\u00a0\u00bb custom_padding_last_edited=\u00a0\u00bbon|phone\u00a0\u00bb]<\/p>\n<p>Pour faire la diff\u00e9rence, il faut \u00eatre diff\u00e9rent. Dans ce cas, d\u00e9marquez-vous des autres professionnels du changement et de la transformation. Devenez un v\u00e9ritable changeur de jeu, un business g\u00e9n\u00e9ticien certifi\u00e9, impr\u00e9gn\u00e9 de la m\u00e9thodologie pionni\u00e8re unique de Business Genetix<sup>\u00ae<\/sup>.<\/p>\n<p><strong>Avec cette licence, Business Genetix<sup>\u00ae<\/sup>, veut b\u00e2tir la r\u00e9f\u00e9rence pour une nouvelle g\u00e9n\u00e9ration de consultants et \/ ou de responsables du changement et de la transformation. <\/strong><\/p>\n<p>[\/et_pb_text][\/et_pb_column][et_pb_column type=\u00a0\u00bb1_2&Prime; _builder_version=\u00a0\u00bb3.0.47&Prime; background_color=\u00a0\u00bb#e3e3e3&Prime; parallax=\u00a0\u00bboff\u00a0\u00bb parallax_method=\u00a0\u00bbon\u00a0\u00bb][et_pb_text module_class=\u00a0\u00bbfirefox-module\u00a0\u00bb _builder_version=\u00a0\u00bb3.17.2&Prime; text_font=\u00a0\u00bb|600|||||||\u00a0\u00bb text_font_size=\u00a0\u00bb28px\u00a0\u00bb text_font_size_tablet=\u00a0\u00bb24px\u00a0\u00bb text_font_size_phone=\u00a0\u00bb20px\u00a0\u00bb text_font_size_last_edited=\u00a0\u00bbon|phone\u00a0\u00bb text_line_height=\u00a0\u00bb37px\u00a0\u00bb text_orientation=\u00a0\u00bbright\u00a0\u00bb custom_padding=\u00a0\u00bb53px|67px|0px|20px||false\u00a0\u00bb custom_padding_tablet=\u00a0\u00bb30px|||24px\u00a0\u00bb custom_padding_phone=\u00a0\u00bb50px|17px||18px\u00a0\u00bb custom_padding_last_edited=\u00a0\u00bbon|phone\u00a0\u00bb]<\/p>\n<p style=\"text-align: right;\"><em>\u201cUnless you distinguish yourself from the crowd you can\u2019t make a difference. And once you\u2019ve distinguished yourself, that\u2019s when you can begin to make a legendary difference\u2026\u201d<\/em><\/p>\n<p>[\/et_pb_text][et_pb_text _builder_version=\u00a0\u00bb3.17.2&Prime; text_font=\u00a0\u00bb||||||||\u00a0\u00bb custom_margin=\u00a0\u00bb-30px||7px|\u00a0\u00bb custom_padding=\u00a0\u00bb|67px||\u00a0\u00bb custom_padding_tablet=\u00a0\u00bb|44px||\u00a0\u00bb custom_padding_phone=\u00a0\u00bb|17px||\u00a0\u00bb custom_padding_last_edited=\u00a0\u00bbon|phone\u00a0\u00bb]<\/p>\n<p style=\"text-align: right;\"><a href=\"https:\/\/businessgenetix.com\/fr\/contact\/prendre-un-rendez-vous\/\">prendre un rendez-vous<\/a><\/p>\n<p>[\/et_pb_text][et_pb_text _builder_version=\u00a0\u00bb3.15&Prime; text_font=\u00a0\u00bb||||||||\u00a0\u00bb text_text_color=\u00a0\u00bb#ffffff\u00a0\u00bb text_font_size=\u00a0\u00bb19px\u00a0\u00bb header_font=\u00a0\u00bb||||||||\u00a0\u00bb custom_margin=\u00a0\u00bb||-5px|\u00a0\u00bb custom_padding=\u00a0\u00bb|||\u00a0\u00bb custom_padding_tablet=\u00a0\u00bb35px|||\u00a0\u00bb custom_padding_phone=\u00a0\u00bb0px|||\u00a0\u00bb custom_padding_last_edited=\u00a0\u00bbon|tablet\u00a0\u00bb]<\/p>\n<p style=\"text-align: center;\">Emeasoba George<\/p>\n<p>[\/et_pb_text][\/et_pb_column][\/et_pb_row][et_pb_row custom_padding=\u00a0\u00bb0px||0px|\u00a0\u00bb custom_padding_tablet=\u00a0\u00bb0px|0px||\u00a0\u00bb custom_margin=\u00a0\u00bb0px|||\u00a0\u00bb custom_padding_last_edited=\u00a0\u00bbon|desktop\u00a0\u00bb background_color_2=\u00a0\u00bb#e3e3e3&Prime; padding_top_2=\u00a0\u00bb100px\u00a0\u00bb padding_bottom_2=\u00a0\u00bb100px\u00a0\u00bb padding_left_2=\u00a0\u00bb50px\u00a0\u00bb module_class=\u00a0\u00bbfirst-title\u00a0\u00bb _builder_version=\u00a0\u00bb3.13.1&Prime; background_size=\u00a0\u00bbcontain\u00a0\u00bb background_blend=\u00a0\u00bboverlay\u00a0\u00bb][et_pb_column type=\u00a0\u00bb4_4&Prime; _builder_version=\u00a0\u00bb3.0.47&Prime; parallax=\u00a0\u00bboff\u00a0\u00bb parallax_method=\u00a0\u00bbon\u00a0\u00bb][et_pb_text _builder_version=\u00a0\u00bb3.17.2&Prime; text_line_height=\u00a0\u00bb22px\u00a0\u00bb header_font=\u00a0\u00bb||||||||\u00a0\u00bb header_2_font=\u00a0\u00bb|700|||||||\u00a0\u00bb header_2_text_color=\u00a0\u00bb#404040&Prime; header_2_font_size=\u00a0\u00bb24px\u00a0\u00bb header_2_font_size_tablet=\u00a0\u00bb22px\u00a0\u00bb header_2_font_size_phone=\u00a0\u00bb20px\u00a0\u00bb header_2_font_size_last_edited=\u00a0\u00bbon|phone\u00a0\u00bb header_2_line_height=\u00a0\u00bb65px\u00a0\u00bb header_2_line_height_phone=\u00a0\u00bb31.3px\u00a0\u00bb header_2_line_height_last_edited=\u00a0\u00bbon|tablet\u00a0\u00bb custom_margin=\u00a0\u00bb-20px||53px|\u00a0\u00bb custom_margin_tablet=\u00a0\u00bb20px|||\u00a0\u00bb custom_margin_last_edited=\u00a0\u00bbon|desktop\u00a0\u00bb custom_padding=\u00a0\u00bb0px|44px||50px\u00a0\u00bb custom_padding_tablet=\u00a0\u00bb0px|0px||0px\u00a0\u00bb custom_padding_phone=\u00a0\u00bb|10px||0px\u00a0\u00bb custom_padding_last_edited=\u00a0\u00bbon|tablet\u00a0\u00bb]<\/p>\n<h2>We\u2019re changing the change!<\/h2>\n<p>Notre programme de certification exclusif et \u00e9tendu dure plus de 300 heures et couvre des sujets tels que les questions juridiques et financi\u00e8res, la gestion de projet, la g\u00e9n\u00e9tique d&rsquo;entreprise, la formation \u00e0 notre m\u00e9thodologie, diff\u00e9rentes m\u00e9thodes de coaching, entre autres. Nos formateurs sont tous des consultants exp\u00e9riment\u00e9s et reconnus en change management et transformation, des universitaires, des sp\u00e9cialistes de leur domaine et \/ ou des professionnels ayant une expertise particuli\u00e8re.<\/p>\n<p>Le programme de <strong>certification &#038; license Business Genetix<sup>\u00ae<\/sup> <\/strong> combine un curriculum de formation complet avec l&rsquo;obtention d&rsquo;une certification et l\u2019acquisition de cr\u00e9dits de formation continue. C\u2019est une garantie s\u00e9rieuse d\u2019une plus grande appr\u00e9ciation professionnelle, de possibilit\u00e9s de carri\u00e8re plus nombreuses, d\u2019une solide cr\u00e9dibilit\u00e9 et de valeurs ajout\u00e9es aux yeux des employeurs et des clients.<br \/> En vous certifiant, vous aurez \u00e9galement acc\u00e8s au r\u00e9seau des  alumni de Business Genetix<sup>\u00ae<\/sup>, \u00e0 nos ressources et, par cons\u00e9quent, \u00e0 davantage d&rsquo;exp\u00e9rience et d\u2019opportunit\u00e9s.<\/p>\n<p>PVeuillez noter que vous devez avoir au moins sept ans d&rsquo;exp\u00e9rience professionnelle, y compris en tant que dirigeant\/manager &#8211; horizontal ou vertical -, pour pouvoir \u00eatre admis au programme de formation et au moins neuf ans pour pouvoir pr\u00e9tendre au certificat.<\/p>\n<p><a href=\"https:\/\/businessgenetix.com\/fr\/contact\/prendre-un-rendez-vous\/\">Prenez rendez-vous<\/a> pour un entretien pr\u00e9liminaire approfondi avec l&rsquo;un de nos partenaires fondateurs.<\/p>\n<p>[\/et_pb_text][\/et_pb_column][\/et_pb_row][\/et_pb_section]<\/p>\n","protected":false},"excerpt":{"rendered":"<p>institut de formation Business Genetix\u00ae&nbsp; Pour faire la diff\u00e9rence, il faut \u00eatre diff\u00e9rent. Dans ce cas, d\u00e9marquez-vous des autres professionnels du changement et de la transformation. Devenez un v\u00e9ritable changeur de jeu, un business g\u00e9n\u00e9ticien certifi\u00e9, impr\u00e9gn\u00e9 de la m\u00e9thodologie pionni\u00e8re unique de Business Genetix\u00ae. Avec cette licence, Business Genetix\u00ae, veut b\u00e2tir la r\u00e9f\u00e9rence pour [&hellip;]<\/p>\n","protected":false},"author":1,"featured_media":0,"parent":6963,"menu_order":0,"comment_status":"closed","ping_status":"closed","template":"","meta":{"_et_pb_use_builder":"on","_et_pb_old_content":"","_et_gb_content_width":"","footnotes":""},"_links":{"self":[{"href":"https:\/\/businessgenetix.com\/fr\/wp-json\/wp\/v2\/pages\/6903"}],"collection":[{"href":"https:\/\/businessgenetix.com\/fr\/wp-json\/wp\/v2\/pages"}],"about":[{"href":"https:\/\/businessgenetix.com\/fr\/wp-json\/wp\/v2\/types\/page"}],"author":[{"embeddable":true,"href":"https:\/\/businessgenetix.com\/fr\/wp-json\/wp\/v2\/users\/1"}],"replies":[{"embeddable":true,"href":"https:\/\/businessgenetix.com\/fr\/wp-json\/wp\/v2\/comments?post=6903"}],"version-history":[{"count":5,"href":"https:\/\/businessgenetix.com\/fr\/wp-json\/wp\/v2\/pages\/6903\/revisions"}],"predecessor-version":[{"id":7023,"href":"https:\/\/businessgenetix.com\/fr\/wp-json\/wp\/v2\/pages\/6903\/revisions\/7023"}],"up":[{"embeddable":true,"href":"https:\/\/businessgenetix.com\/fr\/wp-json\/wp\/v2\/pages\/6963"}],"wp:attachment":[{"href":"https:\/\/businessgenetix.com\/fr\/wp-json\/wp\/v2\/media?parent=6903"}],"curies":[{"name":"wp","href":"https:\/\/api.w.org\/{rel}","templated":true}]}}