{"id":6841,"date":"2019-03-27T11:40:39","date_gmt":"2019-03-27T10:40:39","guid":{"rendered":"https:\/\/businessgenetix.com\/?page_id=6841"},"modified":"2019-03-28T08:53:28","modified_gmt":"2019-03-28T07:53:28","slug":"services-csi","status":"publish","type":"page","link":"https:\/\/businessgenetix.com\/fr\/notre-coeur-de-metier\/services-csi\/","title":{"rendered":"services CSI"},"content":{"rendered":"<p>[et_pb_section fb_built=\u00a0\u00bb1&Prime; custom_padding_last_edited=\u00a0\u00bbon|desktop\u00a0\u00bb _builder_version=\u00a0\u00bb3.13.1&Prime; background_color=\u00a0\u00bbrgba(255,255,255,0.18)\u00a0\u00bb background_image=\u00a0\u00bbhttps:\/\/businessgenetix.com\/wp-content\/uploads\/2018\/09\/PHOTO-CSI-Services-1.png\u00a0\u00bb custom_padding=\u00a0\u00bb230px||54px|\u00a0\u00bb custom_padding_phone=\u00a0\u00bb195px|||\u00a0\u00bb][et_pb_row use_custom_width=\u00a0\u00bbon\u00a0\u00bb width_unit=\u00a0\u00bboff\u00a0\u00bb custom_width_percent=\u00a0\u00bb69%\u00a0\u00bb custom_padding=\u00a0\u00bb15px||5px||false\u00a0\u00bb custom_margin=\u00a0\u00bb0px||0px|\u00a0\u00bb _builder_version=\u00a0\u00bb3.12.2&Prime; background_color=\u00a0\u00bbrgba(255,212,0,0.8)\u00a0\u00bb module_alignment=\u00a0\u00bbright\u00a0\u00bb][et_pb_column type=\u00a0\u00bb4_4&Prime; _builder_version=\u00a0\u00bb3.0.47&Prime; parallax=\u00a0\u00bboff\u00a0\u00bb parallax_method=\u00a0\u00bbon\u00a0\u00bb][et_pb_text module_class=\u00a0\u00bbcustom-textc\u00a0\u00bb _builder_version=\u00a0\u00bb3.17.2&Prime; header_font=\u00a0\u00bb||||||||\u00a0\u00bb header_font_size_tablet=\u00a0\u00bb36px\u00a0\u00bb header_font_size_phone=\u00a0\u00bb30px\u00a0\u00bb header_font_size_last_edited=\u00a0\u00bbon|tablet\u00a0\u00bb header_line_height=\u00a0\u00bb50px\u00a0\u00bb header_line_height_tablet=\u00a0\u00bb29.9px\u00a0\u00bb header_line_height_phone=\u00a0\u00bb29.9px\u00a0\u00bb header_line_height_last_edited=\u00a0\u00bbon|phone\u00a0\u00bb header_2_font=\u00a0\u00bb||||||||\u00a0\u00bb custom_margin=\u00a0\u00bb|||\u00a0\u00bb custom_padding=\u00a0\u00bb0px|||28px\u00a0\u00bb custom_padding_tablet=\u00a0\u00bb|0px||50px\u00a0\u00bb custom_padding_last_edited=\u00a0\u00bbon|desktop\u00a0\u00bb]<\/p>\n<h1>notre coeur de m\u00e9tier<\/h1>\n<p>[\/et_pb_text][\/et_pb_column][\/et_pb_row][\/et_pb_section][et_pb_section fb_built=\u00a0\u00bb1&Prime; fullwidth=\u00a0\u00bbon\u00a0\u00bb disabled_on=\u00a0\u00bbon|off|off\u00a0\u00bb module_class=\u00a0\u00bbcustom-menu\u00a0\u00bb _builder_version=\u00a0\u00bb3.12.2&Prime; background_color=\u00a0\u00bbrgba(255,212,0,0.8)\u00a0\u00bb max_width=\u00a0\u00bb69%\u00a0\u00bb module_alignment=\u00a0\u00bbright\u00a0\u00bb custom_margin=\u00a0\u00bb-54px|||\u00a0\u00bb custom_padding=\u00a0\u00bb|||\u00a0\u00bb][et_pb_fullwidth_menu menu_id=\u00a0\u00bb33&Prime; submenu_direction=\u00a0\u00bbdownwards\u00a0\u00bb fullwidth_menu=\u00a0\u00bboff\u00a0\u00bb active_link_color=\u00a0\u00bb#404040&Prime; module_class=\u00a0\u00bbcustom-menu\u00a0\u00bb _builder_version=\u00a0\u00bb3.17.2&Prime; menu_text_color=\u00a0\u00bb#404040&Prime; menu_font_size=\u00a0\u00bb16px\u00a0\u00bb background_color=\u00a0\u00bbrgba(255,212,0,0)\u00a0\u00bb custom_margin=\u00a0\u00bb|||0px\u00a0\u00bb custom_padding=\u00a0\u00bb|||34px\u00a0\u00bb][\/et_pb_fullwidth_menu][\/et_pb_section][et_pb_section fb_built=\u00a0\u00bb1&Prime; module_class=\u00a0\u00bbcustom-section\u00a0\u00bb _builder_version=\u00a0\u00bb3.15&Prime; background_color=\u00a0\u00bb#f1f1f1&Prime; custom_margin=\u00a0\u00bb|||\u00a0\u00bb custom_padding=\u00a0\u00bb0px||0px|\u00a0\u00bb custom_css_main_element=\u00a0\u00bboverflow: hidden;\u00a0\u00bb][et_pb_row custom_padding=\u00a0\u00bb0px||0px|\u00a0\u00bb background_color_2=\u00a0\u00bb#e3e3e3&Prime; _builder_version=\u00a0\u00bb3.13.1&Prime;][et_pb_column type=\u00a0\u00bb1_2&Prime; _builder_version=\u00a0\u00bb3.0.47&Prime; parallax=\u00a0\u00bboff\u00a0\u00bb parallax_method=\u00a0\u00bbon\u00a0\u00bb][et_pb_text _builder_version=\u00a0\u00bb3.17.2&Prime; text_font=\u00a0\u00bb||||||||\u00a0\u00bb text_line_height=\u00a0\u00bb22px\u00a0\u00bb custom_margin=\u00a0\u00bb|0px||50px\u00a0\u00bb custom_margin_tablet=\u00a0\u00bb|||0px\u00a0\u00bb custom_margin_last_edited=\u00a0\u00bbon|tablet\u00a0\u00bb custom_padding=\u00a0\u00bb76px|||0px\u00a0\u00bb custom_padding_tablet=\u00a0\u00bb40px|||0px\u00a0\u00bb custom_padding_last_edited=\u00a0\u00bbon|tablet\u00a0\u00bb]<\/p>\n<p><strong>Nos offres \u00ab Change, Shadow and Interim \u00bb (CSI) constituent l&rsquo;essence de notre gamme de services, dans le cadre desquels la <a href=\"https:\/\/businessgenetix.com\/fr\/notre-coeur-de-metier\/\">methodologie Business Genetix<sup>\u00ae<\/sup><\/a> est appliqu\u00e9e de fa\u00e7on optimale. Nous fournissons ces services sous deux formats compl\u00e9mentaires : le CSI consulting et le CSI Management.<\/strong>[\/et_pb_text][\/et_pb_column][et_pb_column type=\u00a0\u00bb1_2&Prime; _builder_version=\u00a0\u00bb3.0.47&Prime; background_color=\u00a0\u00bb#e3e3e3&Prime; parallax=\u00a0\u00bboff\u00a0\u00bb parallax_method=\u00a0\u00bbon\u00a0\u00bb][et_pb_text module_class=\u00a0\u00bbfirefox-module\u00a0\u00bb _builder_version=\u00a0\u00bb3.15&Prime; text_font=\u00a0\u00bb|600|||||||\u00a0\u00bb text_font_size=\u00a0\u00bb28px\u00a0\u00bb text_font_size_tablet=\u00a0\u00bb24px\u00a0\u00bb text_font_size_phone=\u00a0\u00bb20px\u00a0\u00bb text_font_size_last_edited=\u00a0\u00bbon|phone\u00a0\u00bb text_line_height=\u00a0\u00bb37px\u00a0\u00bb text_orientation=\u00a0\u00bbright\u00a0\u00bb custom_padding=\u00a0\u00bb50px|57px|0px|10px||false\u00a0\u00bb custom_padding_tablet=\u00a0\u00bb30px|||24px\u00a0\u00bb custom_padding_phone=\u00a0\u00bb50px|18px||17px\u00a0\u00bb custom_padding_last_edited=\u00a0\u00bbon|desktop\u00a0\u00bb]<\/p>\n<p style=\"text-align: right;\"><em>\u201cYour success in life isn\u2019t based on your ability to simply change. It is based on your ability to change faster than your competition, customers and business \u201c.<\/em><\/p>\n<p>[\/et_pb_text][et_pb_text _builder_version=\u00a0\u00bb3.17.2&Prime; custom_margin=\u00a0\u00bb-30px|||\u00a0\u00bb custom_padding=\u00a0\u00bb|57px|4px|\u00a0\u00bb custom_padding_tablet=\u00a0\u00bb|44px||\u00a0\u00bb custom_padding_phone=\u00a0\u00bb|18px||\u00a0\u00bb custom_padding_last_edited=\u00a0\u00bbon|desktop\u00a0\u00bb]<\/p>\n<p style=\"text-align: right;\"><a href=\"https:\/\/businessgenetix.com\/fr\/contact\/prendre-un-rendez-vous\/\">prendre un rendez-vous<\/a><\/p>\n<p>[\/et_pb_text][et_pb_text _builder_version=\u00a0\u00bb3.15&Prime; text_font=\u00a0\u00bb||||||||\u00a0\u00bb text_font_size=\u00a0\u00bb19px\u00a0\u00bb custom_margin=\u00a0\u00bb-28px||-6px|\u00a0\u00bb]<\/p>\n<p style=\"text-align: center;\"><span style=\"color: #ffffff;\">Mark Sanborn<\/span><\/p>\n<p>[\/et_pb_text][\/et_pb_column][\/et_pb_row][et_pb_row custom_padding=\u00a0\u00bb0px|||\u00a0\u00bb custom_padding_tablet=\u00a0\u00bb0px|0px||\u00a0\u00bb custom_margin=\u00a0\u00bb|||\u00a0\u00bb custom_padding_last_edited=\u00a0\u00bbon|desktop\u00a0\u00bb background_color_2=\u00a0\u00bb#e3e3e3&Prime; padding_top_2=\u00a0\u00bb100px\u00a0\u00bb padding_bottom_2=\u00a0\u00bb100px\u00a0\u00bb padding_left_2=\u00a0\u00bb50px\u00a0\u00bb module_class=\u00a0\u00bbfirst-title\u00a0\u00bb _builder_version=\u00a0\u00bb3.13.1&Prime; background_size=\u00a0\u00bbcontain\u00a0\u00bb background_blend=\u00a0\u00bboverlay\u00a0\u00bb][et_pb_column type=\u00a0\u00bb4_4&Prime; _builder_version=\u00a0\u00bb3.0.47&Prime; parallax=\u00a0\u00bboff\u00a0\u00bb parallax_method=\u00a0\u00bbon\u00a0\u00bb][et_pb_text module_class=\u00a0\u00bbText_nopaddingtop\u00a0\u00bb _builder_version=\u00a0\u00bb3.17.2&Prime; text_font=\u00a0\u00bb||||||||\u00a0\u00bb text_line_height=\u00a0\u00bb22px\u00a0\u00bb header_2_font=\u00a0\u00bb|700|||||||\u00a0\u00bb header_2_text_color=\u00a0\u00bb#404040&Prime; header_2_font_size=\u00a0\u00bb24px\u00a0\u00bb header_2_font_size_tablet=\u00a0\u00bb22px\u00a0\u00bb header_2_font_size_phone=\u00a0\u00bb20px\u00a0\u00bb header_2_font_size_last_edited=\u00a0\u00bbon|phone\u00a0\u00bb header_2_line_height=\u00a0\u00bb65px\u00a0\u00bb header_2_line_height_phone=\u00a0\u00bb31.3px\u00a0\u00bb header_2_line_height_last_edited=\u00a0\u00bbon|tablet\u00a0\u00bb custom_margin=\u00a0\u00bb-20px|||\u00a0\u00bb custom_margin_tablet=\u00a0\u00bb20px|||0px\u00a0\u00bb custom_margin_last_edited=\u00a0\u00bbon|tablet\u00a0\u00bb custom_padding=\u00a0\u00bb0px|44px||50px\u00a0\u00bb custom_padding_tablet=\u00a0\u00bb|0px||0px\u00a0\u00bb custom_padding_phone=\u00a0\u00bb|0px||0px\u00a0\u00bb custom_padding_last_edited=\u00a0\u00bbon|tablet\u00a0\u00bb]<\/p>\n<h2>La consultance CSI<\/h2>\n<p>Gr\u00e2ce \u00e0 nos services de conseil CSI, nous vous fournissons une analyse approfondie de la situation actuelle (ASIS), une d\u00e9finition r\u00e9fl\u00e9chie des objectifs (To be) et des conseils circonstanci\u00e9s (ex, les moyens de combler l\u2019\u00e9cart, etc.). Ensuite, nous vous accompagnons dynamiquement dans le processus de mise en \u0153uvre et de transformation convenu, de fa\u00e7on simple et durable.<\/p>\n<p>Il n\u2019est pas facile si vous faites quotidiennement partie d\u2019une activit\u00e9 et d\u2019une organisation,  de maintenir la neutralit\u00e9 et la distance \u00e9motionnelle n\u00e9cessaires afin de r\u00e9aliser une analyse ad\u00e9quate, de prendre les d\u00e9cisions plus difficiles ou de superviser les diff\u00e9rents processus et \u00e9volutions.<br \/>\nL\u00e0 se trouve d\u00e9j\u00e0 une partie substantielle de notre valeur ajout\u00e9e, en plus de notre exp\u00e9rience et de notre m\u00e9thodologie novatrice.<\/p>\n<p>Par exemple, nous r\u00e9alisons une analyse ADN ou une analyse de personnalit\u00e9 de votre organisation, nous faisons rapport et d\u00e9crivons comment une personne fonctionne et ses diff\u00e9rents sch\u00e9mas comportementaux, nous facilitons et soutenons l\u2019ensemble des aspects de la planification strat\u00e9gique et les pistes d\u2019\u00e9volution qui en r\u00e9sultent\u2026 avec vous, nous concevons votre avenir![\/et_pb_text][\/et_pb_column][\/et_pb_row][et_pb_row custom_padding=\u00a0\u00bb0px|||\u00a0\u00bb custom_padding_tablet=\u00a0\u00bb0px|0px||\u00a0\u00bb custom_margin=\u00a0\u00bb-15px|||\u00a0\u00bb custom_padding_last_edited=\u00a0\u00bbon|desktop\u00a0\u00bb background_color_2=\u00a0\u00bb#e3e3e3&Prime; padding_top_2=\u00a0\u00bb100px\u00a0\u00bb padding_bottom_2=\u00a0\u00bb100px\u00a0\u00bb padding_left_2=\u00a0\u00bb50px\u00a0\u00bb _builder_version=\u00a0\u00bb3.13.1&Prime; background_size=\u00a0\u00bbcontain\u00a0\u00bb background_blend=\u00a0\u00bboverlay\u00a0\u00bb][et_pb_column type=\u00a0\u00bb4_4&Prime; _builder_version=\u00a0\u00bb3.0.47&Prime; parallax=\u00a0\u00bboff\u00a0\u00bb parallax_method=\u00a0\u00bbon\u00a0\u00bb][et_pb_text _builder_version=\u00a0\u00bb3.17.2&Prime; text_line_height=\u00a0\u00bb22px\u00a0\u00bb header_font=\u00a0\u00bb||||||||\u00a0\u00bb header_2_font=\u00a0\u00bb|700|||||||\u00a0\u00bb header_2_text_color=\u00a0\u00bb#404040&Prime; header_2_font_size=\u00a0\u00bb24px\u00a0\u00bb header_2_font_size_tablet=\u00a0\u00bb22px\u00a0\u00bb header_2_font_size_phone=\u00a0\u00bb20px\u00a0\u00bb header_2_font_size_last_edited=\u00a0\u00bbon|phone\u00a0\u00bb header_2_line_height=\u00a0\u00bb65px\u00a0\u00bb header_2_line_height_phone=\u00a0\u00bb31.3px\u00a0\u00bb header_2_line_height_last_edited=\u00a0\u00bbon|phone\u00a0\u00bb custom_margin=\u00a0\u00bb|||\u00a0\u00bb custom_margin_last_edited=\u00a0\u00bbon|desktop\u00a0\u00bb custom_padding=\u00a0\u00bb|44px|20px|50px\u00a0\u00bb custom_padding_tablet=\u00a0\u00bb|0px||0px\u00a0\u00bb custom_padding_phone=\u00a0\u00bb|0px||0px\u00a0\u00bb custom_padding_last_edited=\u00a0\u00bbon|phone\u00a0\u00bb]<\/p>\n<h2>Le CSI management<\/h2>\n<p>Si, ponctuellement, vous manquez une ressource dirigeante ou si un gestionnaire externe est n\u00e9cessaire pendant la dur\u00e9e d&rsquo;un projet de transition ou de transformation, nous vous proposons des solutions sur mesure parfaitement adapt\u00e9es avec ces services de la gestion CSI. Avec notre palette de services haut de gamme, nous fournissons un support \u00e9tendu et un partage d&rsquo;exp\u00e9rience.<\/p>\n<p>Il n\u2019est pas toujours possible de poss\u00e9der ou de trouver en interne les comp\u00e9tences ou l\u2019exp\u00e9rience n\u00e9cessaire pour diriger les changements ou assurer la transformation. Aussi, s\u2019int\u00e9resser au long terme, survivre ou s\u2019am\u00e9liorer ne suffit pas. Pour r\u00e9ussir, toute personne ou organisation, dans son domaine, doit rester efficace, bien organis\u00e9e et faire partie du groupe de t\u00eate sur le march\u00e9, avec ses initiatives, ses services et ses produits.<br \/> \u00catre en avance sur vos concurrents, votre march\u00e9 et sur la soci\u00e9t\u00e9 sont le r\u00e9sultat d\u2019une strat\u00e9gie r\u00e9ussie, bien d\u00e9finie et bien mise en \u0153uvre. Cela commence par la d\u00e9finition des objectifs et de la strat\u00e9gie, qui doivent ensuite \u00eatre traduits et mis en \u0153uvre de mani\u00e8re durable dans toutes les composantes de l&rsquo;organisation et \/ ou dans vos comportements et valeurs personnels. Et ceci doit \u00e9voluer et changer pour s&rsquo;adapter \u00e0 l&rsquo;environnement.<\/p>\n<p><strong>Avec nos services de gestion CSI, nous vous offrons une combinaison de leadership, de savoir-faire, de perspicacit\u00e9, de dynamisme, d\u2019endurance et de r\u00e9sultats! <\/strong> Cela va de pair avec un focus suppl\u00e9mentaire sur le transfert de capacit\u00e9s et comp\u00e9tences dans votre organisation, ce qui est un ingr\u00e9dient essentiel afin d\u2019int\u00e9grer la transformation et les solutions de mani\u00e8re p\u00e9renne.<\/p>\n<p>[\/et_pb_text][\/et_pb_column][\/et_pb_row][\/et_pb_section]<\/p>\n","protected":false},"excerpt":{"rendered":"<p>notre coeur de m\u00e9tierNos offres \u00ab Change, Shadow and Interim \u00bb (CSI) constituent l&rsquo;essence de notre gamme de services, dans le cadre desquels la methodologie Business Genetix\u00ae est appliqu\u00e9e de fa\u00e7on optimale. Nous fournissons ces services sous deux formats compl\u00e9mentaires : le CSI consulting et le CSI Management.\u201cYour success in life isn\u2019t based on your [&hellip;]<\/p>\n","protected":false},"author":1,"featured_media":0,"parent":6838,"menu_order":0,"comment_status":"closed","ping_status":"closed","template":"","meta":{"_et_pb_use_builder":"on","_et_pb_old_content":"","_et_gb_content_width":"","footnotes":""},"_links":{"self":[{"href":"https:\/\/businessgenetix.com\/fr\/wp-json\/wp\/v2\/pages\/6841"}],"collection":[{"href":"https:\/\/businessgenetix.com\/fr\/wp-json\/wp\/v2\/pages"}],"about":[{"href":"https:\/\/businessgenetix.com\/fr\/wp-json\/wp\/v2\/types\/page"}],"author":[{"embeddable":true,"href":"https:\/\/businessgenetix.com\/fr\/wp-json\/wp\/v2\/users\/1"}],"replies":[{"embeddable":true,"href":"https:\/\/businessgenetix.com\/fr\/wp-json\/wp\/v2\/comments?post=6841"}],"version-history":[{"count":6,"href":"https:\/\/businessgenetix.com\/fr\/wp-json\/wp\/v2\/pages\/6841\/revisions"}],"predecessor-version":[{"id":6989,"href":"https:\/\/businessgenetix.com\/fr\/wp-json\/wp\/v2\/pages\/6841\/revisions\/6989"}],"up":[{"embeddable":true,"href":"https:\/\/businessgenetix.com\/fr\/wp-json\/wp\/v2\/pages\/6838"}],"wp:attachment":[{"href":"https:\/\/businessgenetix.com\/fr\/wp-json\/wp\/v2\/media?parent=6841"}],"curies":[{"name":"wp","href":"https:\/\/api.w.org\/{rel}","templated":true}]}}