{"id":6840,"date":"2019-03-27T11:42:53","date_gmt":"2019-03-27T10:42:53","guid":{"rendered":"https:\/\/businessgenetix.com\/?page_id=6840"},"modified":"2019-03-28T12:21:06","modified_gmt":"2019-03-28T11:21:06","slug":"business-mentoring","status":"publish","type":"page","link":"https:\/\/businessgenetix.com\/fr\/notre-coeur-de-metier\/business-mentoring\/","title":{"rendered":"business Mentoring"},"content":{"rendered":"<p>[et_pb_section fb_built=\u00a0\u00bb1&Prime; custom_padding_last_edited=\u00a0\u00bbon|desktop\u00a0\u00bb _builder_version=\u00a0\u00bb3.13.1&Prime; background_color=\u00a0\u00bbrgba(255,255,255,0.18)\u00a0\u00bb background_image=\u00a0\u00bbhttps:\/\/businessgenetix.com\/wp-content\/uploads\/2018\/09\/PHOTO-Business-Mentoring-1.png\u00a0\u00bb custom_padding=\u00a0\u00bb230px||54px|\u00a0\u00bb custom_padding_phone=\u00a0\u00bb195px|||\u00a0\u00bb][et_pb_row use_custom_width=\u00a0\u00bbon\u00a0\u00bb width_unit=\u00a0\u00bboff\u00a0\u00bb custom_width_percent=\u00a0\u00bb69%\u00a0\u00bb custom_padding=\u00a0\u00bb15px||5px||false\u00a0\u00bb custom_margin=\u00a0\u00bb0px||0px|\u00a0\u00bb _builder_version=\u00a0\u00bb3.12.2&Prime; background_color=\u00a0\u00bbrgba(255,212,0,0.8)\u00a0\u00bb module_alignment=\u00a0\u00bbright\u00a0\u00bb][et_pb_column type=\u00a0\u00bb4_4&Prime; _builder_version=\u00a0\u00bb3.0.47&Prime; parallax=\u00a0\u00bboff\u00a0\u00bb parallax_method=\u00a0\u00bbon\u00a0\u00bb][et_pb_text module_class=\u00a0\u00bbcustom-textc\u00a0\u00bb _builder_version=\u00a0\u00bb3.17.2&Prime; header_font=\u00a0\u00bb||||||||\u00a0\u00bb header_font_size_tablet=\u00a0\u00bb36px\u00a0\u00bb header_font_size_phone=\u00a0\u00bb30px\u00a0\u00bb header_font_size_last_edited=\u00a0\u00bbon|tablet\u00a0\u00bb header_line_height=\u00a0\u00bb50px\u00a0\u00bb header_line_height_tablet=\u00a0\u00bb29.9px\u00a0\u00bb header_line_height_phone=\u00a0\u00bb29.9px\u00a0\u00bb header_line_height_last_edited=\u00a0\u00bbon|phone\u00a0\u00bb header_2_font=\u00a0\u00bb||||||||\u00a0\u00bb custom_margin=\u00a0\u00bb|||\u00a0\u00bb custom_padding=\u00a0\u00bb0px|||28px\u00a0\u00bb custom_padding_tablet=\u00a0\u00bb|0px||50px\u00a0\u00bb custom_padding_last_edited=\u00a0\u00bbon|desktop\u00a0\u00bb]<\/p>\n<h1>notre coeur de m\u00e9tier<\/h1>\n<p>[\/et_pb_text][\/et_pb_column][\/et_pb_row][\/et_pb_section][et_pb_section fb_built=\u00a0\u00bb1&Prime; fullwidth=\u00a0\u00bbon\u00a0\u00bb disabled_on=\u00a0\u00bbon|off|off\u00a0\u00bb module_class=\u00a0\u00bbcustom-menu\u00a0\u00bb _builder_version=\u00a0\u00bb3.12.2&Prime; background_color=\u00a0\u00bbrgba(255,212,0,0.8)\u00a0\u00bb max_width=\u00a0\u00bb69%\u00a0\u00bb module_alignment=\u00a0\u00bbright\u00a0\u00bb custom_margin=\u00a0\u00bb-54px|||\u00a0\u00bb custom_padding=\u00a0\u00bb|||\u00a0\u00bb][et_pb_fullwidth_menu menu_id=\u00a0\u00bb33&Prime; submenu_direction=\u00a0\u00bbdownwards\u00a0\u00bb fullwidth_menu=\u00a0\u00bboff\u00a0\u00bb active_link_color=\u00a0\u00bb#404040&Prime; module_class=\u00a0\u00bbcustom-menu\u00a0\u00bb _builder_version=\u00a0\u00bb3.17.2&Prime; menu_text_color=\u00a0\u00bb#404040&Prime; menu_font_size=\u00a0\u00bb16px\u00a0\u00bb background_color=\u00a0\u00bbrgba(255,212,0,0)\u00a0\u00bb custom_margin=\u00a0\u00bb|||0px\u00a0\u00bb custom_padding=\u00a0\u00bb|||34px\u00a0\u00bb]&nbsp;<br \/>\n[\/et_pb_fullwidth_menu][\/et_pb_section][et_pb_section fb_built=\u00a0\u00bb1&Prime; module_class=\u00a0\u00bbcustom-section\u00a0\u00bb _builder_version=\u00a0\u00bb3.15&Prime; background_color=\u00a0\u00bb#f1f1f1&Prime; custom_margin=\u00a0\u00bb|||\u00a0\u00bb custom_padding=\u00a0\u00bb0px||0px|\u00a0\u00bb custom_css_main_element=\u00a0\u00bboverflow:hidden;\u00a0\u00bb][et_pb_row custom_padding=\u00a0\u00bb0px||0px|\u00a0\u00bb custom_padding_last_edited=\u00a0\u00bbon|desktop\u00a0\u00bb background_color_2=\u00a0\u00bb#e3e3e3&Prime; _builder_version=\u00a0\u00bb3.15&Prime; custom_margin_tablet=\u00a0\u00bb|||\u00a0\u00bb custom_margin_last_edited=\u00a0\u00bbon|tablet\u00a0\u00bb][et_pb_column type=\u00a0\u00bb1_2&Prime; _builder_version=\u00a0\u00bb3.0.47&Prime; parallax=\u00a0\u00bboff\u00a0\u00bb parallax_method=\u00a0\u00bbon\u00a0\u00bb][et_pb_text _builder_version=\u00a0\u00bb3.17.2&Prime; text_font=\u00a0\u00bb||||||||\u00a0\u00bb text_line_height=\u00a0\u00bb22px\u00a0\u00bb custom_margin=\u00a0\u00bb|||50px\u00a0\u00bb custom_margin_tablet=\u00a0\u00bb|||0px\u00a0\u00bb custom_margin_phone=\u00a0\u00bb|||0px\u00a0\u00bb custom_margin_last_edited=\u00a0\u00bbon|phone\u00a0\u00bb custom_padding=\u00a0\u00bb52px|||\u00a0\u00bb custom_padding_tablet=\u00a0\u00bb40px|||\u00a0\u00bb custom_padding_last_edited=\u00a0\u00bbon|phone\u00a0\u00bb]Cr\u00e9er une nouvelle entreprise, d\u00e9velopper une entreprise existante et g\u00e9rer une (r\u00e9) organisation ou un d\u00e9partement n\u00e9cessite souvent des comp\u00e9tences sp\u00e9cifiques, un savoir-faire et un support exp\u00e9riment\u00e9.<br \/>\n<strong>\u00catre accompagn\u00e9 par de l\u2019exp\u00e9rience et par des sp\u00e9cialistes peut r\u00e9duire drastiquement les inconv\u00e9nients et l\u2019inconfort inh\u00e9rents \u00e0 la transformation. <\/strong><\/p>\n<p>Pour vous soutenir et r\u00e9pondre \u00e0 vos besoins, Business Genetix<sup>\u00ae<\/sup>propose, dans ce contexte, deux services diff\u00e9rents : des parcours de Business Mentoring et un Business Mentoring Membership.[\/et_pb_text][\/et_pb_column][et_pb_column type=\u00a0\u00bb1_2&Prime; _builder_version=\u00a0\u00bb3.0.47&Prime; background_color=\u00a0\u00bb#e3e3e3&Prime; parallax=\u00a0\u00bboff\u00a0\u00bb parallax_method=\u00a0\u00bbon\u00a0\u00bb][et_pb_text module_class=\u00a0\u00bbfirefox-module\u00a0\u00bb _builder_version=\u00a0\u00bb3.17.2&Prime; text_font=\u00a0\u00bb|600|||||||\u00a0\u00bb text_font_size=\u00a0\u00bb28px\u00a0\u00bb text_font_size_tablet=\u00a0\u00bb24px\u00a0\u00bb text_font_size_phone=\u00a0\u00bb20px\u00a0\u00bb text_font_size_last_edited=\u00a0\u00bbon|phone\u00a0\u00bb text_line_height=\u00a0\u00bb37px\u00a0\u00bb text_orientation=\u00a0\u00bbright\u00a0\u00bb custom_padding=\u00a0\u00bb113px|57px||20px||false\u00a0\u00bb custom_padding_tablet=\u00a0\u00bb80px|||24px\u00a0\u00bb custom_padding_phone=\u00a0\u00bb70px|18px||17px\u00a0\u00bb custom_padding_last_edited=\u00a0\u00bbon|phone\u00a0\u00bb]<\/p>\n<p style=\"text-align: right;\"><em>\u201cAny change, even a change for the better, is always accompanied by drawbacks and discomforts\u201d.<\/em><\/p>\n<p>[\/et_pb_text][et_pb_text _builder_version=\u00a0\u00bb3.17.2&Prime; custom_margin=\u00a0\u00bb-25px|||\u00a0\u00bb custom_padding=\u00a0\u00bb|57px||\u00a0\u00bb custom_padding_tablet=\u00a0\u00bb|44px||\u00a0\u00bb custom_padding_phone=\u00a0\u00bb|18px||\u00a0\u00bb custom_padding_last_edited=\u00a0\u00bbon|phone\u00a0\u00bb]<\/p>\n<p style=\"text-align: right;\"><a href=\"https:\/\/businessgenetix.com\/fr\/contact\/prendre-un-rendez-vous\/\">prendre un rendez-vous<\/a><\/p>\n<p>[\/et_pb_text][et_pb_text _builder_version=\u00a0\u00bb3.15&Prime; text_font=\u00a0\u00bb||||||||\u00a0\u00bb text_text_color=\u00a0\u00bb#ffffff\u00a0\u00bb text_font_size=\u00a0\u00bb19px\u00a0\u00bb header_font=\u00a0\u00bb||||||||\u00a0\u00bb custom_margin=\u00a0\u00bb||-5px|\u00a0\u00bb custom_padding=\u00a0\u00bb36px|||\u00a0\u00bb custom_padding_tablet=\u00a0\u00bb0px|||\u00a0\u00bb custom_padding_phone=\u00a0\u00bb0px|||\u00a0\u00bb custom_padding_last_edited=\u00a0\u00bbon|tablet\u00a0\u00bb]<\/p>\n<p style=\"text-align: center;\">Arnold Bennett<\/p>\n<p>[\/et_pb_text][\/et_pb_column][\/et_pb_row][et_pb_row custom_padding=\u00a0\u00bb0px|||\u00a0\u00bb custom_padding_tablet=\u00a0\u00bb0px|0px||\u00a0\u00bb custom_margin=\u00a0\u00bb0px|||\u00a0\u00bb custom_padding_last_edited=\u00a0\u00bbon|desktop\u00a0\u00bb background_color_2=\u00a0\u00bb#e3e3e3&Prime; padding_top_2=\u00a0\u00bb100px\u00a0\u00bb padding_bottom_2=\u00a0\u00bb100px\u00a0\u00bb padding_left_2=\u00a0\u00bb50px\u00a0\u00bb module_class=\u00a0\u00bbfirst-title\u00a0\u00bb _builder_version=\u00a0\u00bb3.15&Prime; background_size=\u00a0\u00bbcontain\u00a0\u00bb background_blend=\u00a0\u00bboverlay\u00a0\u00bb][et_pb_column type=\u00a0\u00bb4_4&Prime; _builder_version=\u00a0\u00bb3.0.47&Prime; parallax=\u00a0\u00bboff\u00a0\u00bb parallax_method=\u00a0\u00bbon\u00a0\u00bb][et_pb_text _builder_version=\u00a0\u00bb3.17.2&Prime; text_line_height=\u00a0\u00bb22px\u00a0\u00bb header_font=\u00a0\u00bb||||||||\u00a0\u00bb header_2_font=\u00a0\u00bb|700|||||||\u00a0\u00bb header_2_text_color=\u00a0\u00bb#404040&Prime; header_2_font_size=\u00a0\u00bb24px\u00a0\u00bb header_2_font_size_tablet=\u00a0\u00bb22px\u00a0\u00bb header_2_font_size_phone=\u00a0\u00bb20px\u00a0\u00bb header_2_font_size_last_edited=\u00a0\u00bbon|phone\u00a0\u00bb header_2_line_height=\u00a0\u00bb65px\u00a0\u00bb header_2_line_height_phone=\u00a0\u00bb31.3px\u00a0\u00bb header_2_line_height_last_edited=\u00a0\u00bbon|tablet\u00a0\u00bb custom_margin=\u00a0\u00bb-20px|50px||50px\u00a0\u00bb custom_margin_tablet=\u00a0\u00bb20px|0px||0px\u00a0\u00bb custom_margin_last_edited=\u00a0\u00bbon|tablet\u00a0\u00bb custom_padding=\u00a0\u00bb|0px||0px\u00a0\u00bb custom_padding_tablet=\u00a0\u00bb0px|0px|0px|0px\u00a0\u00bb custom_padding_phone=\u00a0\u00bb|10px||0px\u00a0\u00bb custom_padding_last_edited=\u00a0\u00bbon|tablet\u00a0\u00bb]<\/p>\n<h2><span style=\"vertical-align: inherit;\"><span style=\"vertical-align: inherit;\"><span style=\"vertical-align: inherit;\"><span style=\"vertical-align: inherit;\">Adh\u00e9sion aux activit\u00e9s de mentorat (Business Mentoring Membership<\/span><\/span><\/span><\/span><\/h2>\n<p>Souvent, le besoin de soutien ou d\u2019aide n&rsquo;est pas continu ou constant. Selon les objectifs, le d\u00e9fi ou le probl\u00e8me auquel on est confront\u00e9, il peut parfois \u00eatre plus important, plus urgent ou de nature diff\u00e9rente.<br \/>Aussi, un support personnalis\u00e9 ne peut pas toujours \u00eatre r\u00e9pondu par l\u2019exp\u00e9rience d\u2019une seule personne, mais par le biais du travail conjoint flexible et multidisciplinaire de plusieurs experts. C\u2019est pourquoi  Business Genetix<sup>\u00ae<\/sup> a mis au point une formule de coop\u00e9ration adapt\u00e9e ax\u00e9e sur l\u2019efficacit\u00e9 et la d\u00e9termination: The <strong>Business Genetix Mentoring Club<\/strong>.<\/p>\n<p>Souvent, le besoin de soutien ou d\u2019aide n&rsquo;est pas continu ou constant. Selon les objectifs, le d\u00e9fi ou le probl\u00e8me auquel on est confront\u00e9, il peut parfois \u00eatre plus important, plus urgent ou de nature diff\u00e9rente.<br \/>\nAussi, un support personnalis\u00e9 ne peut pas toujours \u00eatre r\u00e9pondu par l\u2019exp\u00e9rience d\u2019une seule personne, mais par le biais du travail conjoint flexible et multidisciplinaire de plusieurs experts. C\u2019est pourquoi Business Genetix\u00ae a mis au point une formule de coop\u00e9ration adapt\u00e9e ax\u00e9e sur l\u2019efficacit\u00e9 et la d\u00e9termination: The Business Genetix<sup>\u00ae<\/sup> Mentoring Club.<\/p>\n<p>Selon le type d&rsquo;adh\u00e9sion que vous choisissez, vous avez acc\u00e8s \u00e0 des analyses, conseils ou orientations sp\u00e9cifiques, en fonction de vos besoins ou de vos questions. Un support simple et direct sans le co\u00fbt d&rsquo;un syst\u00e8me de conseil plus lourd.<br \/>\n<br \/>L&rsquo;adh\u00e9sion elle-m\u00eame est \u00e9galement sur mesure et d\u00e9pend de la taille, de la complexit\u00e9, de la situation concr\u00e8te et du caract\u00e8re de votre entreprise (Start-up, PME, etc.). Le vaste bassin de comp\u00e9tences de Business Genetix<sup>\u00ae<\/sup> vous offre un large r\u00e9seau de partenaires fiables et \u00e0 valeur ajout\u00e9e ind\u00e9niable. En bref, tout ce qui peut vous rendre meilleur, ainsi que votre entreprise.<\/p>\n<p><a href=\"https:\/\/businessgenetix.com\/fr\/contact\/prendre-un-rendez-vous\/\">Prenez rendez-vous sans engagement <\/a> concernant une \u00e9ventuelle collaboration et votre adh\u00e9sion au The Business Genetix Mentoring Club.<\/p>\n<p>[\/et_pb_text][\/et_pb_column][\/et_pb_row][et_pb_row custom_padding=\u00a0\u00bb5px|||\u00a0\u00bb custom_padding_tablet=\u00a0\u00bb0px|0px||\u00a0\u00bb custom_margin=\u00a0\u00bb0px|||\u00a0\u00bb custom_padding_last_edited=\u00a0\u00bbon|desktop\u00a0\u00bb background_color_2=\u00a0\u00bb#e3e3e3&Prime; padding_top_2=\u00a0\u00bb100px\u00a0\u00bb padding_bottom_2=\u00a0\u00bb100px\u00a0\u00bb padding_left_2=\u00a0\u00bb50px\u00a0\u00bb _builder_version=\u00a0\u00bb3.13.1&Prime; background_size=\u00a0\u00bbcontain\u00a0\u00bb background_blend=\u00a0\u00bboverlay\u00a0\u00bb][et_pb_column type=\u00a0\u00bb4_4&Prime; _builder_version=\u00a0\u00bb3.0.47&Prime; parallax=\u00a0\u00bboff\u00a0\u00bb parallax_method=\u00a0\u00bbon\u00a0\u00bb][et_pb_text _builder_version=\u00a0\u00bb3.17.2&Prime; text_line_height=\u00a0\u00bb22px\u00a0\u00bb header_font=\u00a0\u00bb||||||||\u00a0\u00bb header_2_font=\u00a0\u00bb|700|||||||\u00a0\u00bb header_2_text_color=\u00a0\u00bb#404040&Prime; header_2_font_size=\u00a0\u00bb24px\u00a0\u00bb header_2_font_size_tablet=\u00a0\u00bb22px\u00a0\u00bb header_2_font_size_phone=\u00a0\u00bb20px\u00a0\u00bb header_2_font_size_last_edited=\u00a0\u00bbon|phone\u00a0\u00bb header_2_line_height=\u00a0\u00bb65px\u00a0\u00bb header_2_line_height_phone=\u00a0\u00bb31.3px\u00a0\u00bb header_2_line_height_last_edited=\u00a0\u00bbon|phone\u00a0\u00bb custom_margin=\u00a0\u00bb-20px|||\u00a0\u00bb custom_margin_tablet=\u00a0\u00bb0px|||\u00a0\u00bb custom_margin_last_edited=\u00a0\u00bbon|tablet\u00a0\u00bb custom_padding=\u00a0\u00bb|44px|20px|50px\u00a0\u00bb custom_padding_tablet=\u00a0\u00bb|0px|20px|0px\u00a0\u00bb custom_padding_phone=\u00a0\u00bb|0px|20px|0px\u00a0\u00bb custom_padding_last_edited=\u00a0\u00bbon|tablet\u00a0\u00bb]<\/p>\n<h2>Le parcours de Business Mentoring <\/h2>\n<p>Si dans le cadre du d\u00e9veloppement ou de la croissance de votre entreprise ou de vos d\u00e9fis professionnels, le besoin d\u2019accompagnement se fait sentir par rapport \u00e0 un projet ou des objectifs concrets, un parcours de business mentoring est la solution optimale. Au cours de ce processus, vous serez guid\u00e9 par un mentor poss\u00e9dant non seulement une exp\u00e9rience de la gestion, de la g\u00e9n\u00e9tique d\u2019entreprise et du coaching, mais \u00e9galement les connaissances n\u00e9cessaires de votre secteur et \/ ou de votre activit\u00e9. Ce mentorat, au cours de sessions r\u00e9guli\u00e8res et d&rsquo;interactions continues, vous aidera \u00e0 d\u00e9finir, planifier et ex\u00e9cuter l\u2019\u00e9volution professionnelle souhait\u00e9e.<\/p>\n<p>Un parcours de Business Mentoring peut bien s\u00fbr \u00eatre consid\u00e9r\u00e9 comme un processus isol\u00e9, mais il peut \u00e9galement \u00eatre un compl\u00e9ment d\u2019un shadow management ou \u00e0 un approfondissement d\u2019un coaching ax\u00e9 principalement sur le d\u00e9veloppement personnel.<\/p>\n<p>Nous nous ferons un plaisir de discuter avec vous, de votre situation sp\u00e9cifique et des modalit\u00e9s d&rsquo;un parcours de mentorat professionnel adapt\u00e9, lors <a href=\"https:\/\/businessgenetix.com\/fr\/contact\/prendre-un-rendez-vous\/\">d&rsquo;un rendez-vous personnel.<\/a>[\/et_pb_text][\/et_pb_column][\/et_pb_row][\/et_pb_section]<\/p>\n","protected":false},"excerpt":{"rendered":"<p>notre coeur de m\u00e9tier&nbsp; Cr\u00e9er une nouvelle entreprise, d\u00e9velopper une entreprise existante et g\u00e9rer une (r\u00e9) organisation ou un d\u00e9partement n\u00e9cessite souvent des comp\u00e9tences sp\u00e9cifiques, un savoir-faire et un support exp\u00e9riment\u00e9. \u00catre accompagn\u00e9 par de l\u2019exp\u00e9rience et par des sp\u00e9cialistes peut r\u00e9duire drastiquement les inconv\u00e9nients et l\u2019inconfort inh\u00e9rents \u00e0 la transformation. Pour vous soutenir et [&hellip;]<\/p>\n","protected":false},"author":1,"featured_media":0,"parent":6838,"menu_order":0,"comment_status":"closed","ping_status":"closed","template":"","meta":{"_et_pb_use_builder":"on","_et_pb_old_content":"","_et_gb_content_width":"","footnotes":""},"_links":{"self":[{"href":"https:\/\/businessgenetix.com\/fr\/wp-json\/wp\/v2\/pages\/6840"}],"collection":[{"href":"https:\/\/businessgenetix.com\/fr\/wp-json\/wp\/v2\/pages"}],"about":[{"href":"https:\/\/businessgenetix.com\/fr\/wp-json\/wp\/v2\/types\/page"}],"author":[{"embeddable":true,"href":"https:\/\/businessgenetix.com\/fr\/wp-json\/wp\/v2\/users\/1"}],"replies":[{"embeddable":true,"href":"https:\/\/businessgenetix.com\/fr\/wp-json\/wp\/v2\/comments?post=6840"}],"version-history":[{"count":8,"href":"https:\/\/businessgenetix.com\/fr\/wp-json\/wp\/v2\/pages\/6840\/revisions"}],"predecessor-version":[{"id":7032,"href":"https:\/\/businessgenetix.com\/fr\/wp-json\/wp\/v2\/pages\/6840\/revisions\/7032"}],"up":[{"embeddable":true,"href":"https:\/\/businessgenetix.com\/fr\/wp-json\/wp\/v2\/pages\/6838"}],"wp:attachment":[{"href":"https:\/\/businessgenetix.com\/fr\/wp-json\/wp\/v2\/media?parent=6840"}],"curies":[{"name":"wp","href":"https:\/\/api.w.org\/{rel}","templated":true}]}}