{"id":6838,"date":"2019-03-27T11:47:04","date_gmt":"2019-03-27T10:47:04","guid":{"rendered":"https:\/\/businessgenetix.com\/?page_id=6838"},"modified":"2019-03-28T08:46:10","modified_gmt":"2019-03-28T07:46:10","slug":"notre-coeur-de-metier","status":"publish","type":"page","link":"https:\/\/businessgenetix.com\/fr\/notre-coeur-de-metier\/","title":{"rendered":"notre coeur de m\u00e9tier"},"content":{"rendered":"<p>[et_pb_section fb_built=\u00a0\u00bb1&Prime; custom_padding_last_edited=\u00a0\u00bbon|desktop\u00a0\u00bb _builder_version=\u00a0\u00bb3.15&Prime; background_color=\u00a0\u00bbrgba(255,255,255,0.18)\u00a0\u00bb background_image=\u00a0\u00bbhttps:\/\/businessgenetix.com\/wp-content\/uploads\/2018\/08\/PHOTO-Business-Genetics-1.png\u00a0\u00bb custom_padding=\u00a0\u00bb230px||54px|\u00a0\u00bb custom_padding_phone=\u00a0\u00bb195px|||\u00a0\u00bb][et_pb_row use_custom_width=\u00a0\u00bbon\u00a0\u00bb width_unit=\u00a0\u00bboff\u00a0\u00bb custom_width_percent=\u00a0\u00bb69%\u00a0\u00bb custom_padding=\u00a0\u00bb15px||5px||false\u00a0\u00bb custom_margin=\u00a0\u00bb0px||0px|\u00a0\u00bb _builder_version=\u00a0\u00bb3.12.2&Prime; background_color=\u00a0\u00bbrgba(255,212,0,0.8)\u00a0\u00bb module_alignment=\u00a0\u00bbright\u00a0\u00bb][et_pb_column type=\u00a0\u00bb4_4&Prime; _builder_version=\u00a0\u00bb3.0.47&Prime; parallax=\u00a0\u00bboff\u00a0\u00bb parallax_method=\u00a0\u00bbon\u00a0\u00bb][et_pb_text module_class=\u00a0\u00bbcustom-textc\u00a0\u00bb _builder_version=\u00a0\u00bb3.17.2&Prime; header_font=\u00a0\u00bb||||||||\u00a0\u00bb header_font_size_tablet=\u00a0\u00bb36px\u00a0\u00bb header_font_size_phone=\u00a0\u00bb30px\u00a0\u00bb header_font_size_last_edited=\u00a0\u00bbon|tablet\u00a0\u00bb header_line_height=\u00a0\u00bb50px\u00a0\u00bb header_line_height_tablet=\u00a0\u00bb29.8px\u00a0\u00bb header_line_height_phone=\u00a0\u00bb28px\u00a0\u00bb header_line_height_last_edited=\u00a0\u00bbon|phone\u00a0\u00bb custom_margin=\u00a0\u00bb|||\u00a0\u00bb custom_padding=\u00a0\u00bb0px|||28px\u00a0\u00bb custom_padding_tablet=\u00a0\u00bb|0px||50px\u00a0\u00bb custom_padding_last_edited=\u00a0\u00bbon|desktop\u00a0\u00bb]<\/p>\n<h1>notre coeur de m\u00e9tier<\/h1>\n<p>[\/et_pb_text][\/et_pb_column][\/et_pb_row][\/et_pb_section][et_pb_section fb_built=\u00a0\u00bb1&Prime; fullwidth=\u00a0\u00bbon\u00a0\u00bb disabled_on=\u00a0\u00bbon|off|off\u00a0\u00bb module_class=\u00a0\u00bbcustom-menu\u00a0\u00bb _builder_version=\u00a0\u00bb3.12.2&Prime; background_color=\u00a0\u00bbrgba(255,212,0,0.8)\u00a0\u00bb max_width=\u00a0\u00bb69%\u00a0\u00bb module_alignment=\u00a0\u00bbright\u00a0\u00bb custom_margin=\u00a0\u00bb-54px|||\u00a0\u00bb custom_padding=\u00a0\u00bb|||\u00a0\u00bb][et_pb_fullwidth_menu menu_id=\u00a0\u00bb33&Prime; submenu_direction=\u00a0\u00bbdownwards\u00a0\u00bb fullwidth_menu=\u00a0\u00bboff\u00a0\u00bb active_link_color=\u00a0\u00bb#404040&Prime; module_class=\u00a0\u00bbcustom-menu\u00a0\u00bb _builder_version=\u00a0\u00bb3.17.2&Prime; menu_text_color=\u00a0\u00bb#404040&Prime; menu_font_size=\u00a0\u00bb16px\u00a0\u00bb background_color=\u00a0\u00bbrgba(255,212,0,0)\u00a0\u00bb custom_margin=\u00a0\u00bb|||0px\u00a0\u00bb custom_padding=\u00a0\u00bb|||34px\u00a0\u00bb][\/et_pb_fullwidth_menu][\/et_pb_section][et_pb_section fb_built=\u00a0\u00bb1&Prime; module_class=\u00a0\u00bbcustom-section\u00a0\u00bb _builder_version=\u00a0\u00bb3.15&Prime; background_color=\u00a0\u00bb#f1f1f1&Prime; custom_margin=\u00a0\u00bb|||\u00a0\u00bb custom_padding=\u00a0\u00bb0px||0px|\u00a0\u00bb custom_css_main_element=\u00a0\u00bboverflow:hidden;\u00a0\u00bb][et_pb_row custom_padding=\u00a0\u00bb0px||0px|\u00a0\u00bb background_color_2=\u00a0\u00bb#e3e3e3&Prime; _builder_version=\u00a0\u00bb3.15&Prime; custom_margin_tablet=\u00a0\u00bb|||\u00a0\u00bb custom_margin_last_edited=\u00a0\u00bbon|tablet\u00a0\u00bb][et_pb_column type=\u00a0\u00bb1_2&Prime; _builder_version=\u00a0\u00bb3.0.47&Prime; parallax=\u00a0\u00bboff\u00a0\u00bb parallax_method=\u00a0\u00bbon\u00a0\u00bb][et_pb_text _builder_version=\u00a0\u00bb3.17.2&Prime; text_font=\u00a0\u00bb||||||||\u00a0\u00bb text_line_height=\u00a0\u00bb22px\u00a0\u00bb custom_margin=\u00a0\u00bb|||50px\u00a0\u00bb custom_margin_tablet=\u00a0\u00bb|||0px\u00a0\u00bb custom_margin_last_edited=\u00a0\u00bbon|tablet\u00a0\u00bb custom_padding=\u00a0\u00bb53px|||\u00a0\u00bb custom_padding_tablet=\u00a0\u00bb40px|||0px\u00a0\u00bb custom_padding_last_edited=\u00a0\u00bbon|desktop\u00a0\u00bb]<strong>La Business Genetics, la g\u00e9n\u00e9tique d\u2019entreprise, est un nouveau domaine des sciences de l&rsquo;entreprise et des entreprises. Il s\u2019agit d\u2019une approche holistique, globale et en profondeur de la compr\u00e9hension et de la ma\u00eetrise de votre organisation et de son capital humain. Elle donne les connaissances, la structure et la m\u00e9thodologie n\u00e9cessaires \u00e0 l&rsquo;analyse, \u00e0 la d\u00e9finition et \u00e0 l&rsquo;ex\u00e9cution durable de la croissance, des \u00e9volutions et des transformations. <\/strong>[\/et_pb_text][\/et_pb_column][et_pb_column type=\u00a0\u00bb1_2&Prime; _builder_version=\u00a0\u00bb3.0.47&Prime; background_color=\u00a0\u00bb#e3e3e3&Prime; parallax=\u00a0\u00bboff\u00a0\u00bb parallax_method=\u00a0\u00bbon\u00a0\u00bb][et_pb_text _builder_version=\u00a0\u00bb3.17.2&Prime; text_font=\u00a0\u00bb|600|||||||\u00a0\u00bb text_font_size=\u00a0\u00bb28px\u00a0\u00bb text_font_size_tablet=\u00a0\u00bb24px\u00a0\u00bb text_font_size_phone=\u00a0\u00bb20px\u00a0\u00bb text_font_size_last_edited=\u00a0\u00bbon|phone\u00a0\u00bb text_line_height=\u00a0\u00bb37px\u00a0\u00bb text_line_height_tablet=\u00a0\u00bb33px\u00a0\u00bb text_line_height_phone=\u00a0\u00bb30px\u00a0\u00bb text_line_height_last_edited=\u00a0\u00bbon|phone\u00a0\u00bb text_orientation=\u00a0\u00bbright\u00a0\u00bb custom_margin=\u00a0\u00bb|||\u00a0\u00bb custom_padding=\u00a0\u00bb60px|57px|0px|20px||false\u00a0\u00bb custom_padding_tablet=\u00a0\u00bb30px|||24px\u00a0\u00bb custom_padding_phone=\u00a0\u00bb50px|17px||18px\u00a0\u00bb custom_padding_last_edited=\u00a0\u00bbon|desktop\u00a0\u00bb]<\/p>\n<p style=\"text-align: right;\"><em>\u201cA new <g class=\"gr_ gr_15 gr-alert gr_spell gr_inline_cards gr_run_anim ContextualSpelling ins-del multiReplace\" id=\"15\" data-gr-id=\"15\">game changing<\/g><\/em><br \/> <em> approach and groundbreaking<\/em><br \/> <em> methodology\u2026\u201d<\/em><\/p>\n<p>[\/et_pb_text][et_pb_text _builder_version=\u00a0\u00bb3.17.2&Prime; text_font=\u00a0\u00bb||||||||\u00a0\u00bb custom_margin=\u00a0\u00bb-30px||38px|\u00a0\u00bb custom_padding=\u00a0\u00bb|57px||\u00a0\u00bb custom_padding_tablet=\u00a0\u00bb|44px||\u00a0\u00bb custom_padding_phone=\u00a0\u00bb|17px||\u00a0\u00bb custom_padding_last_edited=\u00a0\u00bbon|desktop\u00a0\u00bb]<\/p>\n<p style=\"text-align: right;\"><a href=\"https:\/\/businessgenetix.com\/fr\/contact\/prendre-un-rendez-vous\/\">prendre un rendez-vous<\/a><\/p>\n<p>[\/et_pb_text][\/et_pb_column][\/et_pb_row][\/et_pb_section][et_pb_section fb_built=\u00a0\u00bb1&Prime; module_class=\u00a0\u00bbcustom-section\u00a0\u00bb _builder_version=\u00a0\u00bb3.15&Prime; background_color=\u00a0\u00bb#f1f1f1&Prime; custom_margin=\u00a0\u00bb0px|||\u00a0\u00bb custom_padding=\u00a0\u00bb0px||0px|\u00a0\u00bb][et_pb_row custom_padding=\u00a0\u00bb0px|||\u00a0\u00bb custom_padding_tablet=\u00a0\u00bb0px|0px||\u00a0\u00bb custom_margin=\u00a0\u00bb0px|||\u00a0\u00bb custom_padding_last_edited=\u00a0\u00bbon|desktop\u00a0\u00bb background_color_2=\u00a0\u00bb#e3e3e3&Prime; padding_top_2=\u00a0\u00bb100px\u00a0\u00bb padding_bottom_2=\u00a0\u00bb100px\u00a0\u00bb padding_left_2=\u00a0\u00bb50px\u00a0\u00bb module_class=\u00a0\u00bbfirst-title\u00a0\u00bb _builder_version=\u00a0\u00bb3.13.1&Prime; background_size=\u00a0\u00bbcontain\u00a0\u00bb background_blend=\u00a0\u00bboverlay\u00a0\u00bb][et_pb_column type=\u00a0\u00bb4_4&Prime; _builder_version=\u00a0\u00bb3.0.47&Prime; parallax=\u00a0\u00bboff\u00a0\u00bb parallax_method=\u00a0\u00bbon\u00a0\u00bb][et_pb_text module_class=\u00a0\u00bbText_nopaddingtop\u00a0\u00bb _builder_version=\u00a0\u00bb3.17.2&Prime; text_font=\u00a0\u00bb||||||||\u00a0\u00bb text_line_height=\u00a0\u00bb22px\u00a0\u00bb header_font=\u00a0\u00bb||||||||\u00a0\u00bb header_2_font=\u00a0\u00bb|700|||||||\u00a0\u00bb header_2_text_color=\u00a0\u00bb#404040&Prime; header_2_font_size=\u00a0\u00bb24px\u00a0\u00bb header_2_font_size_tablet=\u00a0\u00bb22px\u00a0\u00bb header_2_font_size_phone=\u00a0\u00bb20px\u00a0\u00bb header_2_font_size_last_edited=\u00a0\u00bbon|phone\u00a0\u00bb header_2_line_height=\u00a0\u00bb65px\u00a0\u00bb header_2_line_height_phone=\u00a0\u00bb31.3px\u00a0\u00bb header_2_line_height_last_edited=\u00a0\u00bbon|tablet\u00a0\u00bb custom_margin=\u00a0\u00bb-20px|50px||50px\u00a0\u00bb custom_margin_tablet=\u00a0\u00bb20px|0px||0px\u00a0\u00bb custom_margin_phone=\u00a0\u00bb20px|||\u00a0\u00bb custom_margin_last_edited=\u00a0\u00bbon|phone\u00a0\u00bb custom_padding=\u00a0\u00bb|0px|24px|0px\u00a0\u00bb custom_padding_tablet=\u00a0\u00bb0px|0px|20px|0px\u00a0\u00bb custom_padding_phone=\u00a0\u00bb|0px||0px\u00a0\u00bb custom_padding_last_edited=\u00a0\u00bbon|phone\u00a0\u00bb]<\/p>\n<h2>Master your genetics within\u2026<\/h2>\n<p><strong>\u2026 both people and organization.<\/strong> Avec ce slogan, nous mettons l&rsquo;accent sur la g\u00e9n\u00e9tique sous-jacente et tellement importante, au sein des organisations, de leur capital humain et du r\u00e9seau complexe de comportements, des relations et des interactions.<\/p>\n<p>La Business Genetics\u00ae traite de l\u2019ADN professionnel d\u2019une organisation (et de ses collaborateurs), de ses variations g\u00e9n\u00e9tiques et du transfert ou de l\u2019h\u00e9r\u00e9dit\u00e9 de ses caract\u00e9ristiques. Elle travaille sur les similitudes et les diff\u00e9rences d\u2019organisation r\u00e9sultant de l\u2019interaction de ses g\u00e8nes avec l\u2019environnement (au sens le plus large du terme) et de l\u2019influence de l\u2019environnement sur son fonctionnement.<br \/> C&rsquo;est une approche pratique et en profondeur des organisations, des projets et programmes transversaux, du succ\u00e8s, de l&rsquo;\u00e9volution et de la gestion du changement. Elle permet de diriger, g\u00e9rer, transformer et (r\u00e9) organiser l\u2019organisation de mani\u00e8re efficace et avec un impact optimal.<\/p>\n<p>Elle englobe de nombreuses techniques diff\u00e9rentes mais compl\u00e9mentaires : g\u00e9nie g\u00e9n\u00e9tique des entreprises, cartographie et s\u00e9quen\u00e7age de l&rsquo;ADN et g\u00e9nome des entreprises, analyse m\u00e9tabolique de l\u2019organisation, \u00e9tude du comportement organisationnel dans son environnement, analyses de la personnalit\u00e9, et bien plus encore.<\/p>\n<p>Interpell\u00e9 ou tout au moins curieux par rapport \u00e0 notre vision et notre approche ? <a href=\"https:\/\/businessgenetix.com\/fr\/contact\/prendre-un-rendez-vous\/\">Prenons rendez-vous&#8230;<\/a><\/p>\n<p>[\/et_pb_text][\/et_pb_column][\/et_pb_row][\/et_pb_section]<\/p>\n","protected":false},"excerpt":{"rendered":"<p>notre coeur de m\u00e9tierLa Business Genetics, la g\u00e9n\u00e9tique d\u2019entreprise, est un nouveau domaine des sciences de l&rsquo;entreprise et des entreprises. Il s\u2019agit d\u2019une approche holistique, globale et en profondeur de la compr\u00e9hension et de la ma\u00eetrise de votre organisation et de son capital humain. Elle donne les connaissances, la structure et la m\u00e9thodologie n\u00e9cessaires \u00e0 [&hellip;]<\/p>\n","protected":false},"author":1,"featured_media":0,"parent":0,"menu_order":0,"comment_status":"closed","ping_status":"closed","template":"","meta":{"_et_pb_use_builder":"on","_et_pb_old_content":"","_et_gb_content_width":"","footnotes":""},"_links":{"self":[{"href":"https:\/\/businessgenetix.com\/fr\/wp-json\/wp\/v2\/pages\/6838"}],"collection":[{"href":"https:\/\/businessgenetix.com\/fr\/wp-json\/wp\/v2\/pages"}],"about":[{"href":"https:\/\/businessgenetix.com\/fr\/wp-json\/wp\/v2\/types\/page"}],"author":[{"embeddable":true,"href":"https:\/\/businessgenetix.com\/fr\/wp-json\/wp\/v2\/users\/1"}],"replies":[{"embeddable":true,"href":"https:\/\/businessgenetix.com\/fr\/wp-json\/wp\/v2\/comments?post=6838"}],"version-history":[{"count":8,"href":"https:\/\/businessgenetix.com\/fr\/wp-json\/wp\/v2\/pages\/6838\/revisions"}],"predecessor-version":[{"id":6982,"href":"https:\/\/businessgenetix.com\/fr\/wp-json\/wp\/v2\/pages\/6838\/revisions\/6982"}],"wp:attachment":[{"href":"https:\/\/businessgenetix.com\/fr\/wp-json\/wp\/v2\/media?parent=6838"}],"curies":[{"name":"wp","href":"https:\/\/api.w.org\/{rel}","templated":true}]}}