{"id":6815,"date":"2019-03-27T11:10:53","date_gmt":"2019-03-27T10:10:53","guid":{"rendered":"https:\/\/businessgenetix.com\/?page_id=6815"},"modified":"2019-03-28T04:33:12","modified_gmt":"2019-03-28T03:33:12","slug":"le-conseil-et-la-consultance","status":"publish","type":"page","link":"https:\/\/businessgenetix.com\/fr\/autres-services\/le-conseil-et-la-consultance\/","title":{"rendered":"le conseil et la consultance"},"content":{"rendered":"<p>[et_pb_section fb_built=\u00a0\u00bb1&Prime; custom_padding_last_edited=\u00a0\u00bbon|desktop\u00a0\u00bb _builder_version=\u00a0\u00bb3.15&Prime; background_color=\u00a0\u00bbrgba(255,255,255,0.18)\u00a0\u00bb background_image=\u00a0\u00bbhttps:\/\/businessgenetix.com\/wp-content\/uploads\/2018\/09\/image002.png\u00a0\u00bb custom_padding=\u00a0\u00bb230px||54px|\u00a0\u00bb custom_padding_phone=\u00a0\u00bb195px|||\u00a0\u00bb][et_pb_row use_custom_width=\u00a0\u00bbon\u00a0\u00bb width_unit=\u00a0\u00bboff\u00a0\u00bb custom_width_percent=\u00a0\u00bb69%\u00a0\u00bb custom_padding=\u00a0\u00bb15px||5px||false\u00a0\u00bb custom_margin=\u00a0\u00bb0px||0px|\u00a0\u00bb _builder_version=\u00a0\u00bb3.12.2&Prime; background_color=\u00a0\u00bbrgba(255,212,0,0.8)\u00a0\u00bb module_alignment=\u00a0\u00bbright\u00a0\u00bb][et_pb_column type=\u00a0\u00bb4_4&Prime; _builder_version=\u00a0\u00bb3.0.47&Prime; parallax=\u00a0\u00bboff\u00a0\u00bb parallax_method=\u00a0\u00bbon\u00a0\u00bb][et_pb_text module_class=\u00a0\u00bbcustom-textc\u00a0\u00bb _builder_version=\u00a0\u00bb3.17.2&Prime; header_font_size_tablet=\u00a0\u00bb36px\u00a0\u00bb header_font_size_phone=\u00a0\u00bb30px\u00a0\u00bb header_font_size_last_edited=\u00a0\u00bbon|tablet\u00a0\u00bb header_line_height=\u00a0\u00bb50px\u00a0\u00bb header_line_height_tablet=\u00a0\u00bb29.9px\u00a0\u00bb header_line_height_last_edited=\u00a0\u00bbon|phone\u00a0\u00bb custom_margin=\u00a0\u00bb|||\u00a0\u00bb custom_padding=\u00a0\u00bb0px|||28px\u00a0\u00bb custom_padding_tablet=\u00a0\u00bb|0px||50px\u00a0\u00bb custom_padding_last_edited=\u00a0\u00bbon|desktop\u00a0\u00bb]<\/p>\n<h1>le conseil et la consultance<\/h1>\n<p>[\/et_pb_text][\/et_pb_column][\/et_pb_row][\/et_pb_section][et_pb_section fb_built=\u00a0\u00bb1&Prime; fullwidth=\u00a0\u00bbon\u00a0\u00bb disabled_on=\u00a0\u00bbon|off|off\u00a0\u00bb module_class=\u00a0\u00bbcustom-menu\u00a0\u00bb _builder_version=\u00a0\u00bb3.12.2&Prime; background_color=\u00a0\u00bbrgba(255,212,0,0.8)\u00a0\u00bb max_width=\u00a0\u00bb69%\u00a0\u00bb module_alignment=\u00a0\u00bbright\u00a0\u00bb custom_margin=\u00a0\u00bb-54px|||\u00a0\u00bb custom_padding=\u00a0\u00bb|||\u00a0\u00bb][et_pb_fullwidth_menu menu_id=\u00a0\u00bb32&Prime; submenu_direction=\u00a0\u00bbdownwards\u00a0\u00bb fullwidth_menu=\u00a0\u00bboff\u00a0\u00bb active_link_color=\u00a0\u00bb#404040&Prime; module_class=\u00a0\u00bbcustom-menu\u00a0\u00bb _builder_version=\u00a0\u00bb3.17.2&Prime; menu_text_color=\u00a0\u00bb#404040&Prime; menu_font_size=\u00a0\u00bb16px\u00a0\u00bb background_color=\u00a0\u00bbrgba(255,212,0,0)\u00a0\u00bb custom_margin=\u00a0\u00bb|||0px\u00a0\u00bb custom_padding=\u00a0\u00bb|||34px\u00a0\u00bb][\/et_pb_fullwidth_menu][\/et_pb_section][et_pb_section fb_built=\u00a0\u00bb1&Prime; module_class=\u00a0\u00bbcustom-section\u00a0\u00bb _builder_version=\u00a0\u00bb3.13.1&Prime; background_color=\u00a0\u00bb#f1f1f1&Prime; custom_margin=\u00a0\u00bb|||\u00a0\u00bb custom_padding=\u00a0\u00bb0px||0px|\u00a0\u00bb custom_css_main_element=\u00a0\u00bboverflow:hidden;\u00a0\u00bb][et_pb_row custom_padding=\u00a0\u00bb0px||0px|\u00a0\u00bb custom_padding_last_edited=\u00a0\u00bbon|desktop\u00a0\u00bb background_color_2=\u00a0\u00bb#e3e3e3&Prime; _builder_version=\u00a0\u00bb3.15&Prime; custom_margin_tablet=\u00a0\u00bb|||\u00a0\u00bb custom_margin_last_edited=\u00a0\u00bbon|tablet\u00a0\u00bb][et_pb_column type=\u00a0\u00bb1_2&Prime; _builder_version=\u00a0\u00bb3.0.47&Prime; parallax=\u00a0\u00bboff\u00a0\u00bb parallax_method=\u00a0\u00bbon\u00a0\u00bb][et_pb_text _builder_version=\u00a0\u00bb3.17.2&Prime; text_font=\u00a0\u00bb||||||||\u00a0\u00bb text_line_height=\u00a0\u00bb22px\u00a0\u00bb custom_margin=\u00a0\u00bb|||50px\u00a0\u00bb custom_margin_tablet=\u00a0\u00bb|||0px\u00a0\u00bb custom_margin_phone=\u00a0\u00bb|||0px\u00a0\u00bb custom_margin_last_edited=\u00a0\u00bbon|tablet\u00a0\u00bb custom_padding=\u00a0\u00bb54px|||\u00a0\u00bb custom_padding_tablet=\u00a0\u00bb40px|||\u00a0\u00bb custom_padding_last_edited=\u00a0\u00bbon|phone\u00a0\u00bb]<\/p>\n<p><strong>Votre entreprise est-elle confront\u00e9e \u00e0 une pression de travail inattendue, \u00e0 des limitations op\u00e9rationnelles ou tactiques (quantitatives et \/ ou qualitatives), \u00e0 des lacunes dans ses op\u00e9rations ou \u00e0 un besoin d&rsquo;assistance pour des t\u00e2ches plus complexes ? Voulez-vous limiter vos risques personnels ou avez-vous temporairement besoin d&#8217;employ\u00e9s suppl\u00e9mentaires ?<br \/>Business Genetix<sup>\u00ae<\/sup> peut vous proposer des solutions rapides et personnalis\u00e9es se reposant sur un vaste groupe d&rsquo;experts.<\/strong><\/p>\n<p>[\/et_pb_text][\/et_pb_column][et_pb_column type=\u00a0\u00bb1_2&Prime; _builder_version=\u00a0\u00bb3.0.47&Prime; background_color=\u00a0\u00bb#e3e3e3&Prime; parallax=\u00a0\u00bboff\u00a0\u00bb parallax_method=\u00a0\u00bbon\u00a0\u00bb][et_pb_text module_class=\u00a0\u00bbfirefox-module\u00a0\u00bb _builder_version=\u00a0\u00bb3.15&Prime; text_font=\u00a0\u00bb|600|||||||\u00a0\u00bb text_font_size=\u00a0\u00bb28px\u00a0\u00bb text_font_size_tablet=\u00a0\u00bb24px\u00a0\u00bb text_font_size_phone=\u00a0\u00bb20px\u00a0\u00bb text_font_size_last_edited=\u00a0\u00bbon|phone\u00a0\u00bb text_line_height=\u00a0\u00bb37px\u00a0\u00bb text_orientation=\u00a0\u00bbright\u00a0\u00bb custom_padding=\u00a0\u00bb78px|57px||20px||false\u00a0\u00bb custom_padding_tablet=\u00a0\u00bb30px|||24px\u00a0\u00bb custom_padding_phone=\u00a0\u00bb50px|18px||17px\u00a0\u00bb custom_padding_last_edited=\u00a0\u00bbon|desktop\u00a0\u00bb]<\/p>\n<p style=\"text-align: right;\"><em>\u201cWe can\u2019t solve problems by using the same kind of thinking we used when we create them\u2026\u00a0\u00bb<\/em><\/p>\n<p>[\/et_pb_text][et_pb_text _builder_version=\u00a0\u00bb3.15&Prime; text_font=\u00a0\u00bb||||||||\u00a0\u00bb text_text_color=\u00a0\u00bb#ffffff\u00a0\u00bb text_font_size=\u00a0\u00bb19px\u00a0\u00bb header_font=\u00a0\u00bb||||||||\u00a0\u00bb custom_margin=\u00a0\u00bb||-5px|\u00a0\u00bb custom_padding=\u00a0\u00bb22px|||\u00a0\u00bb custom_padding_tablet=\u00a0\u00bb20px|||\u00a0\u00bb custom_padding_phone=\u00a0\u00bb0px|||\u00a0\u00bb custom_padding_last_edited=\u00a0\u00bbon|desktop\u00a0\u00bb]<\/p>\n<p style=\"text-align: center;\">Albert Einstein<\/p>\n<p>[\/et_pb_text][\/et_pb_column][\/et_pb_row][\/et_pb_section][et_pb_section fb_built=\u00a0\u00bb1&Prime; module_class=\u00a0\u00bbcustom-section\u00a0\u00bb _builder_version=\u00a0\u00bb3.15&Prime; background_color=\u00a0\u00bb#f1f1f1&Prime; custom_margin=\u00a0\u00bb0px|||\u00a0\u00bb custom_padding=\u00a0\u00bb0px||0px|\u00a0\u00bb][et_pb_row custom_padding=\u00a0\u00bb0px||0px|\u00a0\u00bb custom_padding_tablet=\u00a0\u00bb0px|0px||\u00a0\u00bb custom_margin=\u00a0\u00bb0px|||\u00a0\u00bb custom_padding_last_edited=\u00a0\u00bbon|desktop\u00a0\u00bb background_color_2=\u00a0\u00bb#e3e3e3&Prime; padding_top_2=\u00a0\u00bb100px\u00a0\u00bb padding_bottom_2=\u00a0\u00bb100px\u00a0\u00bb padding_left_2=\u00a0\u00bb50px\u00a0\u00bb module_class=\u00a0\u00bbfirst-title\u00a0\u00bb _builder_version=\u00a0\u00bb3.13.1&Prime; background_size=\u00a0\u00bbcontain\u00a0\u00bb background_blend=\u00a0\u00bboverlay\u00a0\u00bb][et_pb_column type=\u00a0\u00bb4_4&Prime; _builder_version=\u00a0\u00bb3.0.47&Prime; parallax=\u00a0\u00bboff\u00a0\u00bb parallax_method=\u00a0\u00bbon\u00a0\u00bb][et_pb_text module_class=\u00a0\u00bbText_nopaddingtop\u00a0\u00bb _builder_version=\u00a0\u00bb3.17.2&Prime; text_font=\u00a0\u00bb||||||||\u00a0\u00bb text_line_height=\u00a0\u00bb22px\u00a0\u00bb header_font=\u00a0\u00bb||||||||\u00a0\u00bb header_2_font=\u00a0\u00bb|700|||||||\u00a0\u00bb header_2_text_color=\u00a0\u00bb#404040&Prime; header_2_font_size=\u00a0\u00bb24px\u00a0\u00bb header_2_font_size_tablet=\u00a0\u00bb22px\u00a0\u00bb header_2_font_size_phone=\u00a0\u00bb20px\u00a0\u00bb header_2_font_size_last_edited=\u00a0\u00bbon|phone\u00a0\u00bb header_2_line_height=\u00a0\u00bb65px\u00a0\u00bb header_2_line_height_phone=\u00a0\u00bb31.3px\u00a0\u00bb header_2_line_height_last_edited=\u00a0\u00bbon|tablet\u00a0\u00bb custom_margin=\u00a0\u00bb25px|||\u00a0\u00bb custom_margin_tablet=\u00a0\u00bb25px|||0px\u00a0\u00bb custom_margin_last_edited=\u00a0\u00bbon|tablet\u00a0\u00bb custom_padding=\u00a0\u00bb0px|54px||50px\u00a0\u00bb custom_padding_tablet=\u00a0\u00bb|0px|0px|0px\u00a0\u00bb custom_padding_phone=\u00a0\u00bb|0px|0px|0px\u00a0\u00bb custom_padding_last_edited=\u00a0\u00bbon|phone\u00a0\u00bb]<\/p>\n<p>Tous les consultants travaillant pour Business Genetix<sup>\u00ae<\/sup> sont des sp\u00e9cialistes exp\u00e9riment\u00e9s qui sont d\u00e9ploy\u00e9s projet par projet et ad rem pour r\u00e9pondre \u00e0 votre demande d&rsquo;assistance et aux d\u00e9fis qui se pr\u00e9sentent.<\/p>\n<p>Travailler avec des consultants pr\u00e9sente de nombreux avantages:<\/p>\n<p>[\/et_pb_text][et_pb_text module_class=\u00a0\u00bbText_nopaddingtop\u00a0\u00bb _builder_version=\u00a0\u00bb3.17.2&Prime; text_font=\u00a0\u00bb||||||||\u00a0\u00bb text_line_height=\u00a0\u00bb22px\u00a0\u00bb header_font=\u00a0\u00bb||||||||\u00a0\u00bb header_2_font=\u00a0\u00bb|700|||||||\u00a0\u00bb header_2_text_color=\u00a0\u00bb#404040&Prime; header_2_font_size=\u00a0\u00bb24px\u00a0\u00bb header_2_font_size_tablet=\u00a0\u00bb22px\u00a0\u00bb header_2_font_size_phone=\u00a0\u00bb20px\u00a0\u00bb header_2_font_size_last_edited=\u00a0\u00bbon|phone\u00a0\u00bb header_2_line_height=\u00a0\u00bb65px\u00a0\u00bb header_2_line_height_phone=\u00a0\u00bb31.3px\u00a0\u00bb header_2_line_height_last_edited=\u00a0\u00bbon|tablet\u00a0\u00bb custom_margin=\u00a0\u00bb-30px|||30px\u00a0\u00bb custom_margin_tablet=\u00a0\u00bb-30px||0px|\u00a0\u00bb custom_margin_phone=\u00a0\u00bb-20px|||\u00a0\u00bb custom_margin_last_edited=\u00a0\u00bbon|phone\u00a0\u00bb custom_padding=\u00a0\u00bb0px|44px||50px\u00a0\u00bb custom_padding_tablet=\u00a0\u00bb|0px||0px\u00a0\u00bb custom_padding_phone=\u00a0\u00bb|0px||0px\u00a0\u00bb custom_padding_last_edited=\u00a0\u00bbon|phone\u00a0\u00bb]<\/p>\n<ul>\n<li>Les consultants offrent une vision plus objective &#8211; souvent diff\u00e9rente &#8211; et ind\u00e9pendante de la situation<\/li>\n<li>Ils peuvent \u00eatre utilis\u00e9s de mani\u00e8re flexible et rapide<\/li>\n<li>Intrins\u00e8quement, ils fournissent une connaissance imm\u00e9diatement d\u00e9ployable et un apport de perspicacit\u00e9 dans l\u2019organisation<\/li>\n<li>Les consultants sont externes et ont donc moins enclin \u00e0 des pr\u00e9jug\u00e9s sur les questions sensibles<\/li>\n<li>En p\u00e9riode de carence de moyen, les entreprises utilisent les consultants afin de subvenir aux besoins et aux fonctions vacantes<\/li>\n<li>Le recours \u00e0 des consultants pour r\u00e9soudre des dilemmes entra\u00eene souvent une r\u00e9duction du risque personnel \/ organisationnel<\/li>\n<li>Cette m\u00e9thode facilite la gestion du budget et la rationalise<\/li>\n<\/ul>\n<p>[\/et_pb_text][et_pb_text module_class=\u00a0\u00bbText_nopaddingtop\u00a0\u00bb _builder_version=\u00a0\u00bb3.17.2&Prime; text_font=\u00a0\u00bb||||||||\u00a0\u00bb text_line_height=\u00a0\u00bb22px\u00a0\u00bb header_font=\u00a0\u00bb||||||||\u00a0\u00bb header_2_font=\u00a0\u00bb|700|||||||\u00a0\u00bb header_2_text_color=\u00a0\u00bb#404040&Prime; header_2_font_size=\u00a0\u00bb24px\u00a0\u00bb header_2_font_size_tablet=\u00a0\u00bb22px\u00a0\u00bb header_2_font_size_phone=\u00a0\u00bb20px\u00a0\u00bb header_2_font_size_last_edited=\u00a0\u00bbon|phone\u00a0\u00bb header_2_line_height=\u00a0\u00bb65px\u00a0\u00bb header_2_line_height_phone=\u00a0\u00bb31.3px\u00a0\u00bb header_2_line_height_last_edited=\u00a0\u00bbon|tablet\u00a0\u00bb custom_margin=\u00a0\u00bb-30px|||\u00a0\u00bb custom_margin_tablet=\u00a0\u00bb20px||20px|0px\u00a0\u00bb custom_margin_phone=\u00a0\u00bb20px|||\u00a0\u00bb custom_margin_last_edited=\u00a0\u00bbon|desktop\u00a0\u00bb custom_padding=\u00a0\u00bb0px|54px|22px|50px\u00a0\u00bb custom_padding_tablet=\u00a0\u00bb|0px|0px|0px\u00a0\u00bb custom_padding_phone=\u00a0\u00bb|0px|0px|0px\u00a0\u00bb custom_padding_last_edited=\u00a0\u00bbon|phone\u00a0\u00bb]<\/p>\n<p>Apr\u00e8s avoir d\u00e9fini avec vous vos besoins, nous vous proposerons les personnes ad\u00e9quates pour vous aider \u00e0 r\u00e9aliser votre mission. C&rsquo;est tr\u00e8s simple et prend peu de temps.<br \/> Tous nos consultants respectent un code d&rsquo;\u00e9thique et d\u00e9ontologique. Nous veillons aussi \u00e0 ce que vos risques restent limit\u00e9s et nous \u00e9tablissons des accords et des contrats clairs.<\/p>\n<p>Business Genetix<sup>\u00ae<\/sup> fournit un suivi direct et des conseils \u00e0 chaque consultant pendant le projet auquel il est affect\u00e9. De cette mani\u00e8re, nous pouvons garantir une grande qualit\u00e9 de r\u00e9sultats dans nos projets.<\/p>\n<p>Pour tout besoin, <a href=\"https:\/\/businessgenetix.com\/fr\/contact\/\">contactez-nous<\/a> pour en discuter!<\/p>\n<p>[\/et_pb_text][\/et_pb_column][\/et_pb_row][\/et_pb_section][et_pb_section fb_built=\u00a0\u00bb1&Prime; module_class=\u00a0\u00bbcustom-section\u00a0\u00bb _builder_version=\u00a0\u00bb3.15&Prime; background_color=\u00a0\u00bb#f1f1f1&Prime; custom_margin=\u00a0\u00bb|||\u00a0\u00bb custom_padding=\u00a0\u00bb0px||0px|\u00a0\u00bb custom_css_main_element=\u00a0\u00bboverflow:hidden;\u00a0\u00bb][et_pb_row custom_padding=\u00a0\u00bb0px|||\u00a0\u00bb custom_padding_tablet=\u00a0\u00bb0px|0px||\u00a0\u00bb custom_margin=\u00a0\u00bb0px|||\u00a0\u00bb custom_padding_last_edited=\u00a0\u00bbon|desktop\u00a0\u00bb background_color_2=\u00a0\u00bb#e3e3e3&Prime; padding_top_2=\u00a0\u00bb100px\u00a0\u00bb padding_bottom_2=\u00a0\u00bb100px\u00a0\u00bb padding_left_2=\u00a0\u00bb50px\u00a0\u00bb module_class=\u00a0\u00bbfirst-title\u00a0\u00bb _builder_version=\u00a0\u00bb3.15&Prime; background_size=\u00a0\u00bbcontain\u00a0\u00bb background_blend=\u00a0\u00bboverlay\u00a0\u00bb][et_pb_column type=\u00a0\u00bb4_4&Prime; _builder_version=\u00a0\u00bb3.0.47&Prime; parallax=\u00a0\u00bboff\u00a0\u00bb parallax_method=\u00a0\u00bbon\u00a0\u00bb][\/et_pb_column][\/et_pb_row][\/et_pb_section]<\/p>\n","protected":false},"excerpt":{"rendered":"<p>le conseil et la consultanceVotre entreprise est-elle confront\u00e9e \u00e0 une pression de travail inattendue, \u00e0 des limitations op\u00e9rationnelles ou tactiques (quantitatives et \/ ou qualitatives), \u00e0 des lacunes dans ses op\u00e9rations ou \u00e0 un besoin d&rsquo;assistance pour des t\u00e2ches plus complexes ? Voulez-vous limiter vos risques personnels ou avez-vous temporairement besoin d&#8217;employ\u00e9s suppl\u00e9mentaires ?Business Genetix\u00ae [&hellip;]<\/p>\n","protected":false},"author":1,"featured_media":0,"parent":6923,"menu_order":0,"comment_status":"closed","ping_status":"closed","template":"","meta":{"_et_pb_use_builder":"on","_et_pb_old_content":"","_et_gb_content_width":"","footnotes":""},"_links":{"self":[{"href":"https:\/\/businessgenetix.com\/fr\/wp-json\/wp\/v2\/pages\/6815"}],"collection":[{"href":"https:\/\/businessgenetix.com\/fr\/wp-json\/wp\/v2\/pages"}],"about":[{"href":"https:\/\/businessgenetix.com\/fr\/wp-json\/wp\/v2\/types\/page"}],"author":[{"embeddable":true,"href":"https:\/\/businessgenetix.com\/fr\/wp-json\/wp\/v2\/users\/1"}],"replies":[{"embeddable":true,"href":"https:\/\/businessgenetix.com\/fr\/wp-json\/wp\/v2\/comments?post=6815"}],"version-history":[{"count":6,"href":"https:\/\/businessgenetix.com\/fr\/wp-json\/wp\/v2\/pages\/6815\/revisions"}],"predecessor-version":[{"id":6974,"href":"https:\/\/businessgenetix.com\/fr\/wp-json\/wp\/v2\/pages\/6815\/revisions\/6974"}],"up":[{"embeddable":true,"href":"https:\/\/businessgenetix.com\/fr\/wp-json\/wp\/v2\/pages\/6923"}],"wp:attachment":[{"href":"https:\/\/businessgenetix.com\/fr\/wp-json\/wp\/v2\/media?parent=6815"}],"curies":[{"name":"wp","href":"https:\/\/api.w.org\/{rel}","templated":true}]}}