{"id":6792,"date":"2019-03-27T10:43:07","date_gmt":"2019-03-27T09:43:07","guid":{"rendered":"https:\/\/businessgenetix.com\/?page_id=6792"},"modified":"2021-09-29T06:31:51","modified_gmt":"2021-09-29T04:31:51","slug":"jobs","status":"publish","type":"page","link":"https:\/\/businessgenetix.com\/fr\/a-propos-de-nous\/jobs\/","title":{"rendered":"Jobs"},"content":{"rendered":"<p>[et_pb_section fb_built=\u00a0\u00bb1&Prime; custom_padding_last_edited=\u00a0\u00bbon|desktop\u00a0\u00bb _builder_version=\u00a0\u00bb3.22&Prime; background_color=\u00a0\u00bbrgba(255,255,255,0.18)\u00a0\u00bb background_image=\u00a0\u00bbhttps:\/\/businessgenetix.com\/wp-content\/uploads\/2018\/09\/image005.png\u00a0\u00bb custom_padding=\u00a0\u00bb230px||54px|\u00a0\u00bb custom_padding_tablet=\u00a0\u00bb\u00a0\u00bb custom_padding_phone=\u00a0\u00bb195px|||\u00a0\u00bb global_colors_info=\u00a0\u00bb{}\u00a0\u00bb][et_pb_row _builder_version=\u00a0\u00bb3.25&Prime; background_color=\u00a0\u00bbrgba(255,212,0,0.8)\u00a0\u00bb width=\u00a0\u00bb69%\u00a0\u00bb max_width=\u00a0\u00bb69%\u00a0\u00bb module_alignment=\u00a0\u00bbright\u00a0\u00bb custom_margin=\u00a0\u00bb0px||0px|\u00a0\u00bb custom_padding=\u00a0\u00bb15px||5px||false\u00a0\u00bb use_custom_width=\u00a0\u00bbon\u00a0\u00bb width_unit=\u00a0\u00bboff\u00a0\u00bb custom_width_percent=\u00a0\u00bb69%\u00a0\u00bb global_colors_info=\u00a0\u00bb{}\u00a0\u00bb][et_pb_column type=\u00a0\u00bb4_4&Prime; _builder_version=\u00a0\u00bb3.25&Prime; custom_padding=\u00a0\u00bb|||\u00a0\u00bb global_colors_info=\u00a0\u00bb{}\u00a0\u00bb custom_padding__hover=\u00a0\u00bb|||\u00a0\u00bb][et_pb_text module_class=\u00a0\u00bbcustom-textc\u00a0\u00bb _builder_version=\u00a0\u00bb3.27.4&Prime; header_line_height=\u00a0\u00bb50px\u00a0\u00bb custom_margin=\u00a0\u00bb|||\u00a0\u00bb custom_padding=\u00a0\u00bb0px|||28px\u00a0\u00bb custom_padding_tablet=\u00a0\u00bb|0px||50px\u00a0\u00bb custom_padding_phone=\u00a0\u00bb\u00a0\u00bb custom_padding_last_edited=\u00a0\u00bbon|desktop\u00a0\u00bb header_font_size_tablet=\u00a0\u00bb36px\u00a0\u00bb header_font_size_phone=\u00a0\u00bb30px\u00a0\u00bb header_font_size_last_edited=\u00a0\u00bbon|tablet\u00a0\u00bb header_line_height_tablet=\u00a0\u00bb29.9px\u00a0\u00bb header_line_height_phone=\u00a0\u00bb\u00a0\u00bb header_line_height_last_edited=\u00a0\u00bbon|phone\u00a0\u00bb global_colors_info=\u00a0\u00bb{}\u00a0\u00bb]<\/p>\n<h1>rejoignez notre \u00e9quipe<\/h1>\n<p>[\/et_pb_text][\/et_pb_column][\/et_pb_row][\/et_pb_section][et_pb_section fb_built=\u00a0\u00bb1&Prime; fullwidth=\u00a0\u00bbon\u00a0\u00bb disabled_on=\u00a0\u00bbon|off|off\u00a0\u00bb module_class=\u00a0\u00bbcustom-menu\u00a0\u00bb _builder_version=\u00a0\u00bb3.22&Prime; background_color=\u00a0\u00bbrgba(255,212,0,0.8)\u00a0\u00bb max_width=\u00a0\u00bb69%\u00a0\u00bb module_alignment=\u00a0\u00bbright\u00a0\u00bb custom_margin=\u00a0\u00bb-54px|||\u00a0\u00bb custom_padding=\u00a0\u00bb|||\u00a0\u00bb global_colors_info=\u00a0\u00bb{}\u00a0\u00bb][et_pb_fullwidth_menu menu_id=\u00a0\u00bb31&Prime; submenu_direction=\u00a0\u00bbdownwards\u00a0\u00bb fullwidth_menu=\u00a0\u00bboff\u00a0\u00bb active_link_color=\u00a0\u00bb#404040&Prime; module_class=\u00a0\u00bbcustom-menu\u00a0\u00bb _builder_version=\u00a0\u00bb3.17.2&Prime; menu_text_color=\u00a0\u00bb#404040&Prime; menu_font_size=\u00a0\u00bb16px\u00a0\u00bb background_color=\u00a0\u00bbrgba(255,212,0,0)\u00a0\u00bb custom_margin=\u00a0\u00bb|||0px\u00a0\u00bb custom_padding=\u00a0\u00bb|||34px\u00a0\u00bb global_colors_info=\u00a0\u00bb{}\u00a0\u00bb][\/et_pb_fullwidth_menu][\/et_pb_section][et_pb_section fb_built=\u00a0\u00bb1&Prime; module_class=\u00a0\u00bbcustom-section\u00a0\u00bb _builder_version=\u00a0\u00bb3.22&Prime; background_color=\u00a0\u00bb#f1f1f1&Prime; custom_margin=\u00a0\u00bb|||\u00a0\u00bb custom_padding=\u00a0\u00bb0px||0px|\u00a0\u00bb custom_css_main_element=\u00a0\u00bboverflow:hidden;\u00a0\u00bb global_colors_info=\u00a0\u00bb{}\u00a0\u00bb][et_pb_row custom_padding_last_edited=\u00a0\u00bbon|desktop\u00a0\u00bb _builder_version=\u00a0\u00bb3.25&Prime; custom_margin_tablet=\u00a0\u00bb|||\u00a0\u00bb custom_margin_phone=\u00a0\u00bb\u00a0\u00bb custom_margin_last_edited=\u00a0\u00bbon|tablet\u00a0\u00bb custom_padding=\u00a0\u00bb0px||0px|\u00a0\u00bb custom_padding_tablet=\u00a0\u00bb\u00a0\u00bb custom_padding_phone=\u00a0\u00bb\u00a0\u00bb global_colors_info=\u00a0\u00bb{}\u00a0\u00bb column_structure=\u00a0\u00bb1_2,1_2&Prime;][et_pb_column type=\u00a0\u00bb1_2&Prime; _builder_version=\u00a0\u00bb3.25&Prime; custom_padding=\u00a0\u00bb|||\u00a0\u00bb global_colors_info=\u00a0\u00bb{}\u00a0\u00bb custom_padding__hover=\u00a0\u00bb|||\u00a0\u00bb][et_pb_text _builder_version=\u00a0\u00bb3.27.4&Prime; text_line_height=\u00a0\u00bb22px\u00a0\u00bb custom_margin=\u00a0\u00bb|||50px\u00a0\u00bb custom_margin_tablet=\u00a0\u00bb|||0px\u00a0\u00bb custom_margin_phone=\u00a0\u00bb\u00a0\u00bb custom_margin_last_edited=\u00a0\u00bbon|desktop\u00a0\u00bb custom_padding=\u00a0\u00bb53px|||\u00a0\u00bb custom_padding_tablet=\u00a0\u00bb40px|||\u00a0\u00bb custom_padding_phone=\u00a0\u00bb\u00a0\u00bb custom_padding_last_edited=\u00a0\u00bbon|tablet\u00a0\u00bb global_colors_info=\u00a0\u00bb{}\u00a0\u00bb]<\/p>\n<div class=\"page\" title=\"Page 1\">\n<div class=\"section\">\n<div class=\"layoutArea\">\n<div class=\"column\">\n<p>Cherchez-vous un challenge motivant?<br \/>\nSouhaitez-vous un emploi comportant de nombreuses responsabilit\u00e9s, o\u00f9 l\u2019initiative est soutenue et les r\u00e9sultats r\u00e9compens\u00e9s?<br \/>\nVoulez-vous faire partie et contribuer \u00e0 notre histoire?<br \/>\n<strong>En d&rsquo;autres termes, \u00eates-vous notre futur coll\u00e8gue?<\/strong><\/p>\n<\/div>\n<\/div>\n<\/div>\n<\/div>\n<p>[\/et_pb_text][\/et_pb_column][et_pb_column type=\u00a0\u00bb1_2&Prime; _builder_version=\u00a0\u00bb3.25&Prime; background_color=\u00a0\u00bb#e3e3e3&Prime; custom_padding=\u00a0\u00bb|||\u00a0\u00bb global_colors_info=\u00a0\u00bb{}\u00a0\u00bb custom_padding__hover=\u00a0\u00bb|||\u00a0\u00bb][et_pb_text module_class=\u00a0\u00bbfirefox-module\u00a0\u00bb _builder_version=\u00a0\u00bb4.10.2&Prime; text_font=\u00a0\u00bb|600|||||||\u00a0\u00bb text_font_size=\u00a0\u00bb28px\u00a0\u00bb text_line_height=\u00a0\u00bb37px\u00a0\u00bb text_orientation=\u00a0\u00bbright\u00a0\u00bb custom_padding=\u00a0\u00bb70px|57px||20px||false\u00a0\u00bb custom_padding_tablet=\u00a0\u00bb30px|||24px\u00a0\u00bb custom_padding_phone=\u00a0\u00bb50px|18px||17px\u00a0\u00bb custom_padding_last_edited=\u00a0\u00bbon|desktop\u00a0\u00bb hover_enabled=\u00a0\u00bb0&Prime; text_font_size_tablet=\u00a0\u00bb24px\u00a0\u00bb text_font_size_phone=\u00a0\u00bb20px\u00a0\u00bb text_font_size_last_edited=\u00a0\u00bbon|phone\u00a0\u00bb global_colors_info=\u00a0\u00bb{}\u00a0\u00bb sticky_enabled=\u00a0\u00bb0&Prime;]<\/p>\n<p style=\"text-align: right;\"><em>\u201cA strong team can take any crazy vision and turn it into reality\u201c.<\/em><\/p>\n<p>[\/et_pb_text][et_pb_text _builder_version=\u00a0\u00bb4.10.2&Prime; text_font=\u00a0\u00bb||||||||\u00a0\u00bb text_text_color=\u00a0\u00bb#ffffff\u00a0\u00bb text_font_size=\u00a0\u00bb19px\u00a0\u00bb header_font=\u00a0\u00bb||||||||\u00a0\u00bb custom_margin=\u00a0\u00bb||-5px|\u00a0\u00bb custom_padding=\u00a0\u00bb20px|||\u00a0\u00bb custom_padding_tablet=\u00a0\u00bb0px|||\u00a0\u00bb custom_padding_phone=\u00a0\u00bb0px|||\u00a0\u00bb custom_padding_last_edited=\u00a0\u00bbon|desktop\u00a0\u00bb hover_enabled=\u00a0\u00bb0&Prime; global_colors_info=\u00a0\u00bb{}\u00a0\u00bb sticky_enabled=\u00a0\u00bb0&Prime;]<\/p>\n<p style=\"text-align: center;\">John Carmack<\/p>\n<p>[\/et_pb_text][\/et_pb_column][\/et_pb_row][\/et_pb_section][et_pb_section fb_built=\u00a0\u00bb1&Prime; module_id=\u00a0\u00bbconsultants\u00a0\u00bb module_class=\u00a0\u00bbcustom-section\u00a0\u00bb _builder_version=\u00a0\u00bb3.22&Prime; background_color=\u00a0\u00bb#f1f1f1&Prime; custom_margin=\u00a0\u00bb|||\u00a0\u00bb custom_padding=\u00a0\u00bb0px||0px|\u00a0\u00bb custom_css_main_element=\u00a0\u00bboverflow:hidden;\u00a0\u00bb global_colors_info=\u00a0\u00bb{}\u00a0\u00bb][et_pb_row custom_padding_last_edited=\u00a0\u00bbon|desktop\u00a0\u00bb module_class=\u00a0\u00bbfirst-title\u00a0\u00bb _builder_version=\u00a0\u00bb3.25&Prime; background_size=\u00a0\u00bbcontain\u00a0\u00bb background_blend=\u00a0\u00bboverlay\u00a0\u00bb custom_margin=\u00a0\u00bb0px|||\u00a0\u00bb custom_padding=\u00a0\u00bb0px||20px|\u00a0\u00bb custom_padding_tablet=\u00a0\u00bb0px|0px||\u00a0\u00bb custom_padding_phone=\u00a0\u00bb\u00a0\u00bb global_colors_info=\u00a0\u00bb{}\u00a0\u00bb][et_pb_column type=\u00a0\u00bb4_4&Prime; _builder_version=\u00a0\u00bb3.25&Prime; custom_padding=\u00a0\u00bb|||\u00a0\u00bb global_colors_info=\u00a0\u00bb{}\u00a0\u00bb custom_padding__hover=\u00a0\u00bb|||\u00a0\u00bb][et_pb_text _builder_version=\u00a0\u00bb3.27.4&Prime; text_line_height=\u00a0\u00bb22px\u00a0\u00bb header_font=\u00a0\u00bb||||||||\u00a0\u00bb header_2_font=\u00a0\u00bb|700|||||||\u00a0\u00bb header_2_text_color=\u00a0\u00bb#404040&Prime; header_2_font_size=\u00a0\u00bb24px\u00a0\u00bb header_2_line_height=\u00a0\u00bb65px\u00a0\u00bb custom_margin=\u00a0\u00bb|50px||50px\u00a0\u00bb custom_margin_tablet=\u00a0\u00bb20px|||0px\u00a0\u00bb custom_margin_phone=\u00a0\u00bb|0px||\u00a0\u00bb custom_margin_last_edited=\u00a0\u00bbon|desktop\u00a0\u00bb custom_padding=\u00a0\u00bb20px|0px||0px\u00a0\u00bb custom_padding_tablet=\u00a0\u00bb0px|0px||0px\u00a0\u00bb custom_padding_phone=\u00a0\u00bb|10px||0px\u00a0\u00bb custom_padding_last_edited=\u00a0\u00bbon|tablet\u00a0\u00bb header_2_font_size_tablet=\u00a0\u00bb22px\u00a0\u00bb header_2_font_size_phone=\u00a0\u00bb20px\u00a0\u00bb header_2_font_size_last_edited=\u00a0\u00bbon|phone\u00a0\u00bb header_2_line_height_tablet=\u00a0\u00bb\u00a0\u00bb header_2_line_height_phone=\u00a0\u00bb31.3px\u00a0\u00bb header_2_line_height_last_edited=\u00a0\u00bbon|tablet\u00a0\u00bb global_colors_info=\u00a0\u00bb{}\u00a0\u00bb]<\/p>\n<div class=\"page\" title=\"Page 5\">\n<div class=\"section\">\n<div class=\"layoutArea\">\n<div class=\"column\">\n<p>Avec nos postes vacants, nous vous offrons la possibilit\u00e9 unique de faire partie de Business Genetix<sup>\u00ae<\/sup>. Nous voulons actuellement renforcer nos rangs avec:<br \/>\n<strong><span style=\"color: #d4af37;\">des Account Managers (en Belgique, Bulgarie, France, Pays-Bas et Pologne)<\/span><\/strong><\/p>\n<\/div>\n<\/div>\n<\/div>\n<\/div>\n<p>[\/et_pb_text][\/et_pb_column][\/et_pb_row][\/et_pb_section][et_pb_section fb_built=\u00a0\u00bb1&Prime; module_class=\u00a0\u00bbcustom-section\u00a0\u00bb _builder_version=\u00a0\u00bb3.22&Prime; background_color=\u00a0\u00bb#f1f1f1&Prime; custom_margin=\u00a0\u00bb|||\u00a0\u00bb custom_padding=\u00a0\u00bb25px||55px|\u00a0\u00bb custom_css_main_element=\u00a0\u00bboverflow:hidden;\u00a0\u00bb global_colors_info=\u00a0\u00bb{}\u00a0\u00bb][et_pb_row custom_padding_last_edited=\u00a0\u00bbon|desktop\u00a0\u00bb module_class=\u00a0\u00bbfirst-title\u00a0\u00bb _builder_version=\u00a0\u00bb3.25&Prime; background_size=\u00a0\u00bbcontain\u00a0\u00bb background_blend=\u00a0\u00bboverlay\u00a0\u00bb custom_margin=\u00a0\u00bb0px|||\u00a0\u00bb custom_padding=\u00a0\u00bb0px|||\u00a0\u00bb custom_padding_tablet=\u00a0\u00bb0px|0px||\u00a0\u00bb custom_padding_phone=\u00a0\u00bb\u00a0\u00bb border_width_all=\u00a0\u00bb1px\u00a0\u00bb border_color_all=\u00a0\u00bb#01081e\u00a0\u00bb global_colors_info=\u00a0\u00bb{}\u00a0\u00bb][et_pb_column type=\u00a0\u00bb4_4&Prime; _builder_version=\u00a0\u00bb3.25&Prime; custom_padding=\u00a0\u00bb|||\u00a0\u00bb global_colors_info=\u00a0\u00bb{}\u00a0\u00bb custom_padding__hover=\u00a0\u00bb|||\u00a0\u00bb][et_pb_text _builder_version=\u00a0\u00bb4.10.2&Prime; text_font=\u00a0\u00bb||||||||\u00a0\u00bb text_line_height=\u00a0\u00bb22px\u00a0\u00bb header_font=\u00a0\u00bb||||||||\u00a0\u00bb header_2_font=\u00a0\u00bb|300|||||||\u00a0\u00bb header_2_text_color=\u00a0\u00bb#404040&Prime; header_2_font_size=\u00a0\u00bb21px\u00a0\u00bb header_2_line_height=\u00a0\u00bb24.1px\u00a0\u00bb background_color=\u00a0\u00bb#ffffff\u00a0\u00bb text_orientation=\u00a0\u00bbcenter\u00a0\u00bb custom_margin=\u00a0\u00bb20px|50px|0px|50px\u00a0\u00bb custom_margin_tablet=\u00a0\u00bb20px|||0px\u00a0\u00bb custom_margin_phone=\u00a0\u00bb|0px||\u00a0\u00bb custom_margin_last_edited=\u00a0\u00bbon|desktop\u00a0\u00bb custom_padding=\u00a0\u00bb5px|0px||0px\u00a0\u00bb custom_padding_tablet=\u00a0\u00bb6px|0px||0px\u00a0\u00bb custom_padding_phone=\u00a0\u00bb0px|10px||0px\u00a0\u00bb custom_padding_last_edited=\u00a0\u00bbon|desktop\u00a0\u00bb hover_enabled=\u00a0\u00bb0&Prime; header_2_font_size_tablet=\u00a0\u00bb19px\u00a0\u00bb header_2_font_size_phone=\u00a0\u00bb18px\u00a0\u00bb header_2_font_size_last_edited=\u00a0\u00bbon|phone\u00a0\u00bb header_2_line_height_tablet=\u00a0\u00bb\u00a0\u00bb header_2_line_height_phone=\u00a0\u00bb31.3px\u00a0\u00bb header_2_line_height_last_edited=\u00a0\u00bbon|tablet\u00a0\u00bb global_colors_info=\u00a0\u00bb{}\u00a0\u00bb sticky_enabled=\u00a0\u00bb0&Prime;]<\/p>\n<h2>Devenez notre nouveau Freelance B2B account manager<\/h2>\n<p>[\/et_pb_text][et_pb_text _builder_version=\u00a0\u00bb3.27.4&Prime; text_line_height=\u00a0\u00bb22px\u00a0\u00bb header_font=\u00a0\u00bb||||||||\u00a0\u00bb header_2_font=\u00a0\u00bb|700|||||||\u00a0\u00bb header_2_text_color=\u00a0\u00bb#404040&Prime; header_2_font_size=\u00a0\u00bb24px\u00a0\u00bb header_2_line_height=\u00a0\u00bb65px\u00a0\u00bb custom_margin=\u00a0\u00bb0px|50px||50px\u00a0\u00bb custom_margin_tablet=\u00a0\u00bb20px|||0px\u00a0\u00bb custom_margin_phone=\u00a0\u00bb|0px||\u00a0\u00bb custom_margin_last_edited=\u00a0\u00bbon|tablet\u00a0\u00bb custom_padding=\u00a0\u00bb15px|0px||0px\u00a0\u00bb custom_padding_tablet=\u00a0\u00bb0px|0px||20px\u00a0\u00bb custom_padding_phone=\u00a0\u00bb0px|10px||10px\u00a0\u00bb custom_padding_last_edited=\u00a0\u00bbon|phone\u00a0\u00bb header_2_font_size_tablet=\u00a0\u00bb22px\u00a0\u00bb header_2_font_size_phone=\u00a0\u00bb20px\u00a0\u00bb header_2_font_size_last_edited=\u00a0\u00bbon|phone\u00a0\u00bb header_2_line_height_tablet=\u00a0\u00bb\u00a0\u00bb header_2_line_height_phone=\u00a0\u00bb31.3px\u00a0\u00bb header_2_line_height_last_edited=\u00a0\u00bbon|tablet\u00a0\u00bb global_colors_info=\u00a0\u00bb{}\u00a0\u00bb]En tant que responsable de compte, vous \u00eates essentiellement en charge de l\u2019acquisition de nos clients B2B. En r\u00e9alisant une prospection de haut niveau, vous travaillez de mani\u00e8re proactive sur un r\u00e9seau professionnel. Ici, entre autres choses, vous analysez et motivez les clients potentiels &#8211; particuliers et entreprises, par le biais de rencontres individuelles intensives. Vous prenez \u00e9galement en charge la gestion des contacts et des relations avec le client.<\/p>\n<p>Cela vous permet de d\u00e9velopper un vaste r\u00e9seau et d&rsquo;\u00e9tablir des relations professionnelles \u00e0 long terme. Vous garantissez une excellente ad\u00e9quation entre les besoins du client et les attentes des professionnels, ainsi qu\u2019une coop\u00e9ration qualitative entre toutes les parties. Pendant toute la dur\u00e9e du projet chez le client, vous suivez de pr\u00e8s nos consultants et formateurs.<br \/>\n\u00cates-vous le talent commercial qui renforcera notre \u00e9quipe?<\/p>\n<p><strong>\u00a0Profil souhait\u00e9<\/strong><\/p>\n<ul>\n<li>    Vous \u00eates au moins titulaire d\u2019un baccalaur\u00e9at ou \u00e9quivalent par exp\u00e9rience\n<\/li>\n<li>    Bien que vous ayez d\u00e9j\u00e0 une certaine exp\u00e9rience de la vente (de pr\u00e9f\u00e9rence B2B), vous restez ambitieux et curieux. Et surtout: vous \u00eates ouvert au d\u00e9veloppement personnel.\n<\/li>\n<li>    Vous \u00eates commercial et ax\u00e9 sur les r\u00e9sultats, s\u00fbr de vous et confiant. Vous \u00eates positif et r\u00e9ellement orient\u00e9 sur la r\u00e9solution de probl\u00e8mes\n<\/li>\n<li>    Vous \u00eates n\u00e9 avec un flair commercial fort avec lequel vous pouvez n\u00e9gocier en douceur et convaincre chacun de votre valeur ajout\u00e9e et de vos solutions\n<\/li>\n<li>Avec la confiance en soi n\u00e9cessaire et vos comp\u00e9tences remarquables en relations humaines, vous construisez des relations de confiance durables\n<\/li>\n<li>    Vous savez combiner les bonnes priorit\u00e9s et un instinct naturel d\u2019entrepreneur avec une forte pers\u00e9v\u00e9rance\n<\/li>\n<li>    Gr\u00e2ce \u00e0 votre m\u00e9thode de travail analytique, vous pr\u00e9f\u00e9rez agir de mani\u00e8re proactive<\/li>\n<li>    Avec une bonne dose de confiance en vous, vous osez travailler de mani\u00e8re ind\u00e9pendante et prendre des initiatives<\/li>\n<li>    Enthousiaste, vous \u00eates caract\u00e9ris\u00e9 par une passion \u00e0 la fois canalis\u00e9e et communicative<\/li>\n<li>    Vous \u00eates disciplin\u00e9 et flexible dans vos pens\u00e9es et votre temps<\/li>\n<li>    Vous avez une apparence \u00e9l\u00e9gante et soign\u00e9e<\/li>\n<li>    Vous \u00eates en possession d&rsquo;une voiture et d&rsquo;un permis de conduire valide<\/li>\n<li>Vous ma\u00eetrisez les langues de la r\u00e9gion pour laquelle vous postulez &#8211; Une bonne connaissance de l&rsquo;anglais est essentielle.\n<\/li>\n<\/ul>\n<p><strong>Notre offre<\/strong><\/p>\n<ul>\n<li>    Vous vous retrouverez dans un environnement dynamique, passionnant et performant sur un march\u00e9 concurrentiel<\/li>\n<li>    Un travail tr\u00e8s vari\u00e9 dans une entreprise jeune et dynamique en pleine expansion<\/li>\n<li>L&rsquo;innovation est notre atout, nous donnons \u00e0 nos employ\u00e9s la possibilit\u00e9 de se former gr\u00e2ce \u00e0 une formation interne approfondie<\/li>\n<li>    Une activit\u00e9 \u00e0 temps plein avec des commissions tr\u00e8s motivantes en fonction des r\u00e9sultats obtenus<\/li>\n<li>    Une Gestion des comp\u00e9tences avec par exemple du coaching et un accompagnement en fonction de vos talents, int\u00e9r\u00eats et besoins<\/li>\n<li>    Un environnement stimulant dans lequel vous \u00eates encourag\u00e9 \u00e0 penser autrement et \u00e0 fonctionner en dehors de votre zone de confort. Vous avez la possibilit\u00e9 de vous d\u00e9velopper, de d\u00e9velopper vos talents et de le montrer<\/li>\n<\/ul>\n<p>Vous reconnaissez-vous dans ce profil et \u00eates-vous attirer par Business Genetix<sup>\u00ae<\/sup>? N&rsquo;h\u00e9sitez pas et envoyez-nous votre CV et une lettre de motivation. Votre demande sera trait\u00e9e avec la plus grande discr\u00e9tion.[\/et_pb_text][\/et_pb_column][\/et_pb_row][\/et_pb_section]<\/p>\n","protected":false},"excerpt":{"rendered":"<p>rejoignez notre \u00e9quipe Cherchez-vous un challenge motivant? Souhaitez-vous un emploi comportant de nombreuses responsabilit\u00e9s, o\u00f9 l\u2019initiative est soutenue et les r\u00e9sultats r\u00e9compens\u00e9s? Voulez-vous faire partie et contribuer \u00e0 notre histoire? En d&rsquo;autres termes, \u00eates-vous notre futur coll\u00e8gue? \u201cA strong team can take any crazy vision and turn it into reality\u201c.John Carmack Avec nos postes vacants, [&hellip;]<\/p>\n","protected":false},"author":1,"featured_media":0,"parent":6921,"menu_order":0,"comment_status":"closed","ping_status":"closed","template":"","meta":{"_et_pb_use_builder":"on","_et_pb_old_content":"","_et_gb_content_width":"","footnotes":""},"_links":{"self":[{"href":"https:\/\/businessgenetix.com\/fr\/wp-json\/wp\/v2\/pages\/6792"}],"collection":[{"href":"https:\/\/businessgenetix.com\/fr\/wp-json\/wp\/v2\/pages"}],"about":[{"href":"https:\/\/businessgenetix.com\/fr\/wp-json\/wp\/v2\/types\/page"}],"author":[{"embeddable":true,"href":"https:\/\/businessgenetix.com\/fr\/wp-json\/wp\/v2\/users\/1"}],"replies":[{"embeddable":true,"href":"https:\/\/businessgenetix.com\/fr\/wp-json\/wp\/v2\/comments?post=6792"}],"version-history":[{"count":6,"href":"https:\/\/businessgenetix.com\/fr\/wp-json\/wp\/v2\/pages\/6792\/revisions"}],"predecessor-version":[{"id":7278,"href":"https:\/\/businessgenetix.com\/fr\/wp-json\/wp\/v2\/pages\/6792\/revisions\/7278"}],"up":[{"embeddable":true,"href":"https:\/\/businessgenetix.com\/fr\/wp-json\/wp\/v2\/pages\/6921"}],"wp:attachment":[{"href":"https:\/\/businessgenetix.com\/fr\/wp-json\/wp\/v2\/media?parent=6792"}],"curies":[{"name":"wp","href":"https:\/\/api.w.org\/{rel}","templated":true}]}}